{"id":42,"date":"2021-04-08T14:41:23","date_gmt":"2021-04-08T12:41:23","guid":{"rendered":"https:\/\/skinway.de\/?page_id=42"},"modified":"2024-06-25T05:14:17","modified_gmt":"2024-06-25T03:14:17","slug":"gesicht-gentlemen","status":"publish","type":"page","link":"https:\/\/skinway.de\/?page_id=42","title":{"rendered":"Gesicht Gentlemen"},"content":{"rendered":"<h1>SkinWay<\/h1>\n<h1>#gesichtgentlemen<\/h1>\n<p><img decoding=\"async\" src=\"\/wp-content\/uploads\/2021\/04\/Men.jpg\" alt=\"Gesicht Gentlemen\"><\/p>\n<ul>\n<li>\n<h3>MesoJet Anti-Age  <br \/>ca. 60 min. 155 Euro<\/h3>\n<div>Die MesoJet Behandlung ist f\u00fcr alle Hauttypen geeignet: ob porentiefe Reinigung, Akne, Couperose oder Hautverj\u00fcngung. Die Behandlung wird individuell auf Ihren Hauttyp abgestimmt, um Ihre Haut so richtig zum Strahlen zu bringen. Die MesoJet Behandlung setzt ein spezielles Hochdruckverfahren ein, dass die Haut sanft gepellt wird und mit wertvollen Wirkstoffen versorgt. Mit dem Premium-Handst\u00fcck werden Mikrotr\u00f6pfchen mit hoher Geschwindigkeit in die Tiefe der Haut eingeschleust. So l\u00e4sst sich die Haut v\u00f6llig Nadel- und schmerzfrei porentief reinigen und mit einem individuellen Wirkstoffcocktail beleben. Die Behandlung ist absolut schmerzfrei und nadellos.<\/div>\n<p><a href=\"https:\/\/buchung.treatwell.de\/ort\/skinway-organic-medical-beauty\/\">Termin buchen<\/a><\/p>\n<\/li>\n<li>\n<h3>Short Men\u2019s Treatment <br \/>ca. 30 min. 85 Euro<\/h3>\n<div>\n<p>Eine Kennenlernbehandlung f\u00fcr einen frischen Teint und Entspannung. Lassen Sie sich \u00fcberraschen, was Dermo-Kosmetik \u201epur\u201c bewirkt. Gesichtsbehandlung ohne apparative Anwendung.<\/p>\n<\/div>\n<p><a href=\"https:\/\/buchung.treatwell.de\/ort\/skinway-organic-medical-beauty\/\">Termin buchen<\/a><\/p>\n<\/li>\n<li>\n<h3>Anti-Age Lift Treatment  <br \/>ca. 60 min. 145 Euro<\/h3>\n<div>Reinigung, Peeling, Ausreinigung, Haut-Lifting mit Mikrostrom zur intensiven Aufnahme von Wirkstoffen. Intensive Versorgung der Haut mit Feuchtigkeit. Schmerzfrei und sehr gut vertr\u00e4glich. Die Augenbrauenkorrektur ist inkludiert.<\/div>\n<p><a href=\"https:\/\/buchung.treatwell.de\/ort\/skinway-organic-medical-beauty\/\">Termin buchen<\/a><\/p>\n<\/li>\n<li>\n<h3>Mikrodermabrasion \/ Super Peel inkl. Augenbehandlung  <br \/>ca. 60 min. 155 Euro<\/h3>\n<div>\n<p>Super Peel Plus ist f\u00fcr jeden Hauttyp empfehlenswert. W\u00e4hlen Sie selber den Fokus.\u00a0<strong>Auswahl von dermo-kosmetischen Behandlungsprodukten inkl. Konzentrate und spezifischen Masken findet nach Hautzustand statt.<\/strong><strong>\u00a0<\/strong>Ausreinigung &amp; Augenbrauenkorrektur sind inkludiert.<\/p>\n<\/div>\n<p><a href=\"https:\/\/buchung.treatwell.de\/ort\/skinway-organic-medical-beauty\/\">Termin buchen<\/a><\/p>\n<\/li>\n<li>\n<h3>Hydration Treatment  <br \/>ca. 60 min. 145 Euro<\/h3>\n<div>HYDROcare H2O\u2013 der Allrounder f\u00fcr ein gesundes Hautbild. Dieses intelligente Sch\u00f6nheitssystem erm\u00f6glicht eine schnelle Handhabung der einzelnen Phasen, um eine frische, glatte und perfekt durchfeuchtete Haut zu erhalten. 1. Tiefenporenreinigung 2. Sanftes Peeling 3. Detox 4. Versorgung Im Anschlu\u00df &#8211; H2O Oxygen Spray\u2013 Dermalinfusion von Antioxidantien, Vitaminen und Hyaluron.<\/div>\n<p><a href=\"https:\/\/buchung.treatwell.de\/ort\/skinway-organic-medical-beauty\/\">Termin buchen<\/a><\/p>\n<\/li>\n<\/ul>\n<p><!--more--><br \/>\n<!-- {\"name\":\"Microderma - als Vorlage nehmen\",\"type\":\"layout\",\"children\":[{\"type\":\"section\",\"props\":{\"style\":\"default\",\"width\":\"\",\"vertical_align\":\"middle\",\"title_position\":\"top-left\",\"title_rotation\":\"left\",\"title_breakpoint\":\"xl\",\"image_position\":\"center-center\",\"padding\":\"large\",\"padding_remove_bottom\":true,\"animation\":\"fade\",\"overlap\":false,\"padding_remove_top\":false},\"children\":[{\"type\":\"row\",\"children\":[{\"type\":\"column\",\"props\":{\"image_position\":\"center-center\",\"media_overlay_gradient\":\"\",\"width_medium\":\"1-1\"},\"children\":[{\"name\":\"\",\"type\":\"headline\",\"props\":{\"title_element\":\"h1\",\"title_style\":\"heading-small\",\"text_align\":\"left\",\"content\":\"SkinWay\",\"animation\":\"none\",\"margin_remove_bottom\":true,\"margin_remove_top\":true,\"margin\":\"remove-vertical\"}},{\"name\":\"\",\"type\":\"headline\",\"props\":{\"title_element\":\"h1\",\"title_style\":\"heading-small\",\"text_align\":\"left\",\"content\":\"#gesichtgentlemen\",\"animation\":\"none\",\"margin\":\"remove-vertical\"}}]}],\"props\":{\"width\":\"xlarge\",\"margin_remove_top\":true}},{\"type\":\"row\",\"props\":{\"layout\":\"1-3,2-3\",\"margin\":\"large\",\"column_gap\":\"large\",\"width\":\"xlarge\"},\"children\":[{\"type\":\"column\",\"props\":{\"image_position\":\"center-center\",\"media_overlay_gradient\":\"\",\"width_medium\":\"1-3\"},\"children\":[{\"type\":\"image\",\"props\":{\"margin\":\"default\",\"image_svg_color\":\"emphasis\",\"image\":\"wp-content\\\/uploads\\\/2021\\\/04\\\/Men.jpg\",\"image_alt\":\"Gesicht Gentlemen\"}}]},{\"type\":\"column\",\"props\":{\"image_position\":\"center-center\",\"media_overlay_gradient\":\"\",\"width_medium\":\"2-3\",\"vertical_align\":\"middle\"},\"children\":[{\"type\":\"accordion\",\"props\":{\"show_image\":true,\"show_link\":true,\"collapsible\":true,\"content_column_breakpoint\":\"m\",\"image_svg_color\":\"emphasis\",\"image_align\":\"top\",\"image_grid_width\":\"1-2\",\"image_grid_breakpoint\":\"m\",\"link_text\":\"Termin buchen\",\"link_style\":\"primary\",\"text_align\":\"center\"},\"children\":[{\"type\":\"accordion_item\",\"props\":{\"title\":\"MesoJet Anti-Age  <br \/>ca. 60 min. 155 Euro\",\"content\":\"Die MesoJet Behandlung ist f\\u00fcr alle Hauttypen geeignet: ob porentiefe Reinigung, Akne, Couperose oder Hautverj\\u00fcngung. Die Behandlung wird individuell auf Ihren Hauttyp abgestimmt, um Ihre Haut so richtig zum Strahlen zu bringen. Die MesoJet Behandlung setzt ein spezielles Hochdruckverfahren ein, dass die Haut sanft gepellt wird und mit wertvollen Wirkstoffen versorgt. Mit dem Premium-Handst\\u00fcck werden Mikrotr\\u00f6pfchen mit hoher Geschwindigkeit in die Tiefe der Haut eingeschleust. So l\\u00e4sst sich die Haut v\\u00f6llig Nadel- und schmerzfrei porentief reinigen und mit einem individuellen Wirkstoffcocktail beleben. Die Behandlung ist absolut schmerzfrei und nadellos.\",\"link\":\"https:\\\/\\\/buchung.treatwell.de\\\/ort\\\/skinway-organic-medical-beauty\\\/\",\"image\":\"\"}},{\"type\":\"accordion_item\",\"props\":{\"title\":\"Short Men\\u2019s Treatment <br \/>ca. 30 min. 85 Euro\",\"content\":\"\n\n<p>Eine Kennenlernbehandlung f\\u00fcr einen frischen Teint und Entspannung. Lassen Sie sich \\u00fcberraschen, was Dermo-Kosmetik \\u201epur\\u201c bewirkt. Gesichtsbehandlung ohne apparative Anwendung.<\\\/p>\",\"link\":\"https:\\\/\\\/buchung.treatwell.de\\\/ort\\\/skinway-organic-medical-beauty\\\/\",\"image\":\"\"}},{\"type\":\"accordion_item\",\"props\":{\"title\":\"Anti-Age Lift Treatment  <br \/>ca. 60 min. 145 Euro\",\"content\":\"Reinigung, Peeling, Ausreinigung, Haut-Lifting mit Mikrostrom zur intensiven Aufnahme von Wirkstoffen. Intensive Versorgung der Haut mit Feuchtigkeit. Schmerzfrei und sehr gut vertr\\u00e4glich. Die Augenbrauenkorrektur ist inkludiert.\",\"link\":\"https:\\\/\\\/buchung.treatwell.de\\\/ort\\\/skinway-organic-medical-beauty\\\/\",\"image\":\"\"}},{\"type\":\"accordion_item\",\"props\":{\"title\":\"Mikrodermabrasion \\\/ Super Peel inkl. Augenbehandlung  <br \/>ca. 60 min. 155 Euro\",\"content\":\"\n\n<p>Super Peel Plus ist f\\u00fcr jeden Hauttyp empfehlenswert. W\\u00e4hlen Sie selber den Fokus.\\u00a0<strong>Auswahl von dermo-kosmetischen Behandlungsprodukten inkl. Konzentrate und spezifischen Masken findet nach Hautzustand statt.<\\\/strong><strong>\\u00a0<\\\/strong>Ausreinigung &amp; Augenbrauenkorrektur sind inkludiert.<\\\/p>\",\"link\":\"https:\\\/\\\/buchung.treatwell.de\\\/ort\\\/skinway-organic-medical-beauty\\\/\",\"image\":\"\"}},{\"type\":\"accordion_item\",\"props\":{\"title\":\"Hydration Treatment  <br \/>ca. 60 min. 145 Euro\",\"content\":\"HYDROcare H2O\\u2013 der Allrounder f\\u00fcr ein gesundes Hautbild. Dieses intelligente Sch\\u00f6nheitssystem erm\\u00f6glicht eine schnelle Handhabung der einzelnen Phasen, um eine frische, glatte und perfekt durchfeuchtete Haut zu erhalten. 1. Tiefenporenreinigung 2. Sanftes Peeling 3. Detox 4. Versorgung Im Anschlu\\u00df - H2O Oxygen Spray\\u2013 Dermalinfusion von Antioxidantien, Vitaminen und Hyaluron.\",\"link\":\"https:\\\/\\\/buchung.treatwell.de\\\/ort\\\/skinway-organic-medical-beauty\\\/\",\"image\":\"\"}}]}]}]}],\"name\":\"Benefits\"},{\"type\":\"section\",\"props\":{\"style\":\"default\",\"width\":\"default\",\"vertical_align\":\"middle\",\"title_position\":\"top-left\",\"title_rotation\":\"left\",\"title_breakpoint\":\"xl\",\"image_position\":\"center-center\"},\"children\":[{\"type\":\"row\",\"children\":[{\"type\":\"column\",\"props\":{\"image_position\":\"center-center\",\"media_overlay_gradient\":\"\"},\"children\":[]}]}]}],\"version\":\"2.4.9\"} --><\/p>\n","protected":false},"excerpt":{"rendered":"<p>SkinWay #gesichtgentlemen MesoJet Anti-Age ca. 60 min. 155 Euro Die MesoJet Behandlung ist f\u00fcr alle Hauttypen geeignet: ob porentiefe Reinigung, Akne, Couperose oder Hautverj\u00fcngung. Die Behandlung wird individuell auf Ihren Hauttyp abgestimmt, um Ihre Haut so richtig zum Strahlen zu bringen. Die MesoJet Behandlung setzt ein spezielles Hochdruckverfahren ein, dass die Haut sanft gepellt wird [&hellip;]<\/p>\n","protected":false},"author":1,"featured_media":446,"parent":0,"menu_order":0,"comment_status":"closed","ping_status":"closed","template":"","meta":{"footnotes":""},"class_list":["post-42","page","type-page","status-publish","has-post-thumbnail","hentry"],"yoast_head":"<!-- This site is optimized with the Yoast SEO plugin v27.5 - https:\/\/yoast.com\/product\/yoast-seo-wordpress\/ -->\n<title>Gesicht Gentlemen - SKINWAY Organic &amp; Medical Beauty<\/title>\n<meta name=\"description\" content=\"Gesicht Gentlemen - Super Peel inkl. Augenbehandlung + Ultraschall (f\u00fcr alle Hauttypen)\" \/>\n<meta name=\"robots\" content=\"index, follow, max-snippet:-1, max-image-preview:large, max-video-preview:-1\" \/>\n<link rel=\"canonical\" href=\"https:\/\/skinway.de\/?page_id=42\" \/>\n<meta property=\"og:locale\" content=\"de_DE\" \/>\n<meta property=\"og:type\" content=\"article\" \/>\n<meta property=\"og:title\" content=\"Gesicht Gentlemen - SKINWAY Organic &amp; Medical Beauty\" \/>\n<meta property=\"og:description\" content=\"Gesicht Gentlemen - Super Peel inkl. Augenbehandlung + Ultraschall (f\u00fcr alle Hauttypen)\" \/>\n<meta property=\"og:url\" content=\"https:\/\/skinway.de\/?page_id=42\" \/>\n<meta property=\"og:site_name\" content=\"SKINWAY\" \/>\n<meta property=\"article:modified_time\" content=\"2024-06-25T03:14:17+00:00\" \/>\n<meta property=\"og:image\" content=\"https:\/\/skinway.de\/wp-content\/uploads\/2021\/04\/Men.jpg\" \/>\n\t<meta property=\"og:image:width\" content=\"1262\" \/>\n\t<meta property=\"og:image:height\" content=\"680\" \/>\n\t<meta property=\"og:image:type\" content=\"image\/jpeg\" \/>\n<meta name=\"twitter:card\" content=\"summary_large_image\" \/>\n<meta name=\"twitter:label1\" content=\"Gesch\u00e4tzte Lesezeit\" \/>\n\t<meta name=\"twitter:data1\" content=\"2\u00a0Minuten\" \/>\n<script type=\"application\/ld+json\" class=\"yoast-schema-graph\">{\"@context\":\"https:\\\/\\\/schema.org\",\"@graph\":[{\"@type\":\"WebPage\",\"@id\":\"https:\\\/\\\/skinway.de\\\/?page_id=42\",\"url\":\"https:\\\/\\\/skinway.de\\\/?page_id=42\",\"name\":\"Gesicht Gentlemen - SKINWAY Organic & Medical Beauty\",\"isPartOf\":{\"@id\":\"https:\\\/\\\/skinway.de\\\/#website\"},\"primaryImageOfPage\":{\"@id\":\"https:\\\/\\\/skinway.de\\\/?page_id=42#primaryimage\"},\"image\":{\"@id\":\"https:\\\/\\\/skinway.de\\\/?page_id=42#primaryimage\"},\"thumbnailUrl\":\"https:\\\/\\\/skinway.de\\\/wp-content\\\/uploads\\\/2021\\\/04\\\/Men.jpg\",\"datePublished\":\"2021-04-08T12:41:23+00:00\",\"dateModified\":\"2024-06-25T03:14:17+00:00\",\"description\":\"Gesicht Gentlemen - Super Peel inkl. Augenbehandlung + Ultraschall (f\u00fcr alle Hauttypen)\",\"breadcrumb\":{\"@id\":\"https:\\\/\\\/skinway.de\\\/?page_id=42#breadcrumb\"},\"inLanguage\":\"de\",\"potentialAction\":[{\"@type\":\"ReadAction\",\"target\":[\"https:\\\/\\\/skinway.de\\\/?page_id=42\"]}]},{\"@type\":\"ImageObject\",\"inLanguage\":\"de\",\"@id\":\"https:\\\/\\\/skinway.de\\\/?page_id=42#primaryimage\",\"url\":\"https:\\\/\\\/skinway.de\\\/wp-content\\\/uploads\\\/2021\\\/04\\\/Men.jpg\",\"contentUrl\":\"https:\\\/\\\/skinway.de\\\/wp-content\\\/uploads\\\/2021\\\/04\\\/Men.jpg\",\"width\":1262,\"height\":680,\"caption\":\"Gesicht Gentlemen\"},{\"@type\":\"BreadcrumbList\",\"@id\":\"https:\\\/\\\/skinway.de\\\/?page_id=42#breadcrumb\",\"itemListElement\":[{\"@type\":\"ListItem\",\"position\":1,\"name\":\"Startseite\",\"item\":\"https:\\\/\\\/skinway.de\\\/\"},{\"@type\":\"ListItem\",\"position\":2,\"name\":\"Gesicht Gentlemen\"}]},{\"@type\":\"WebSite\",\"@id\":\"https:\\\/\\\/skinway.de\\\/#website\",\"url\":\"https:\\\/\\\/skinway.de\\\/\",\"name\":\"SKINWAY\",\"description\":\"Organic &amp; Medical Beauty\",\"potentialAction\":[{\"@type\":\"SearchAction\",\"target\":{\"@type\":\"EntryPoint\",\"urlTemplate\":\"https:\\\/\\\/skinway.de\\\/?s={search_term_string}\"},\"query-input\":{\"@type\":\"PropertyValueSpecification\",\"valueRequired\":true,\"valueName\":\"search_term_string\"}}],\"inLanguage\":\"de\"}]}<\/script>\n<!-- \/ Yoast SEO plugin. -->","yoast_head_json":{"title":"Gesicht Gentlemen - SKINWAY Organic & Medical Beauty","description":"Gesicht Gentlemen - Super Peel inkl. Augenbehandlung + Ultraschall (f\u00fcr alle Hauttypen)","robots":{"index":"index","follow":"follow","max-snippet":"max-snippet:-1","max-image-preview":"max-image-preview:large","max-video-preview":"max-video-preview:-1"},"canonical":"https:\/\/skinway.de\/?page_id=42","og_locale":"de_DE","og_type":"article","og_title":"Gesicht Gentlemen - SKINWAY Organic & Medical Beauty","og_description":"Gesicht Gentlemen - Super Peel inkl. Augenbehandlung + Ultraschall (f\u00fcr alle Hauttypen)","og_url":"https:\/\/skinway.de\/?page_id=42","og_site_name":"SKINWAY","article_modified_time":"2024-06-25T03:14:17+00:00","og_image":[{"width":1262,"height":680,"url":"https:\/\/skinway.de\/wp-content\/uploads\/2021\/04\/Men.jpg","type":"image\/jpeg"}],"twitter_card":"summary_large_image","twitter_misc":{"Gesch\u00e4tzte Lesezeit":"2\u00a0Minuten"},"schema":{"@context":"https:\/\/schema.org","@graph":[{"@type":"WebPage","@id":"https:\/\/skinway.de\/?page_id=42","url":"https:\/\/skinway.de\/?page_id=42","name":"Gesicht Gentlemen - SKINWAY Organic & Medical Beauty","isPartOf":{"@id":"https:\/\/skinway.de\/#website"},"primaryImageOfPage":{"@id":"https:\/\/skinway.de\/?page_id=42#primaryimage"},"image":{"@id":"https:\/\/skinway.de\/?page_id=42#primaryimage"},"thumbnailUrl":"https:\/\/skinway.de\/wp-content\/uploads\/2021\/04\/Men.jpg","datePublished":"2021-04-08T12:41:23+00:00","dateModified":"2024-06-25T03:14:17+00:00","description":"Gesicht Gentlemen - Super Peel inkl. Augenbehandlung + Ultraschall (f\u00fcr alle Hauttypen)","breadcrumb":{"@id":"https:\/\/skinway.de\/?page_id=42#breadcrumb"},"inLanguage":"de","potentialAction":[{"@type":"ReadAction","target":["https:\/\/skinway.de\/?page_id=42"]}]},{"@type":"ImageObject","inLanguage":"de","@id":"https:\/\/skinway.de\/?page_id=42#primaryimage","url":"https:\/\/skinway.de\/wp-content\/uploads\/2021\/04\/Men.jpg","contentUrl":"https:\/\/skinway.de\/wp-content\/uploads\/2021\/04\/Men.jpg","width":1262,"height":680,"caption":"Gesicht Gentlemen"},{"@type":"BreadcrumbList","@id":"https:\/\/skinway.de\/?page_id=42#breadcrumb","itemListElement":[{"@type":"ListItem","position":1,"name":"Startseite","item":"https:\/\/skinway.de\/"},{"@type":"ListItem","position":2,"name":"Gesicht Gentlemen"}]},{"@type":"WebSite","@id":"https:\/\/skinway.de\/#website","url":"https:\/\/skinway.de\/","name":"SKINWAY","description":"Organic &amp; Medical Beauty","potentialAction":[{"@type":"SearchAction","target":{"@type":"EntryPoint","urlTemplate":"https:\/\/skinway.de\/?s={search_term_string}"},"query-input":{"@type":"PropertyValueSpecification","valueRequired":true,"valueName":"search_term_string"}}],"inLanguage":"de"}]}},"_links":{"self":[{"href":"https:\/\/skinway.de\/index.php?rest_route=\/wp\/v2\/pages\/42","targetHints":{"allow":["GET"]}}],"collection":[{"href":"https:\/\/skinway.de\/index.php?rest_route=\/wp\/v2\/pages"}],"about":[{"href":"https:\/\/skinway.de\/index.php?rest_route=\/wp\/v2\/types\/page"}],"author":[{"embeddable":true,"href":"https:\/\/skinway.de\/index.php?rest_route=\/wp\/v2\/users\/1"}],"replies":[{"embeddable":true,"href":"https:\/\/skinway.de\/index.php?rest_route=%2Fwp%2Fv2%2Fcomments&post=42"}],"version-history":[{"count":32,"href":"https:\/\/skinway.de\/index.php?rest_route=\/wp\/v2\/pages\/42\/revisions"}],"predecessor-version":[{"id":768,"href":"https:\/\/skinway.de\/index.php?rest_route=\/wp\/v2\/pages\/42\/revisions\/768"}],"wp:featuredmedia":[{"embeddable":true,"href":"https:\/\/skinway.de\/index.php?rest_route=\/wp\/v2\/media\/446"}],"wp:attachment":[{"href":"https:\/\/skinway.de\/index.php?rest_route=%2Fwp%2Fv2%2Fmedia&parent=42"}],"curies":[{"name":"wp","href":"https:\/\/api.w.org\/{rel}","templated":true}]}}