{"id":491,"date":"2021-04-28T17:43:41","date_gmt":"2021-04-28T15:43:41","guid":{"rendered":"https:\/\/skinway.de\/?page_id=491"},"modified":"2024-06-25T04:50:35","modified_gmt":"2024-06-25T02:50:35","slug":"basic-treatments","status":"publish","type":"page","link":"https:\/\/skinway.de\/?page_id=491","title":{"rendered":"Basic Treatments"},"content":{"rendered":"<h1>SKINWAY<br \/>#basictreatments<\/h1>\n<div>\n<p>        <img decoding=\"async\" src=\"\/wp-content\/uploads\/2021\/04\/3.png\" alt=\"\"><\/p>\n<div>\n<div class=\"ts-box-icon-title-holder\">\n<h3 class=\"ts-box-icon-title-text\"><strong>Special Offer<\/strong><br \/>All in One Special ca. 60 min. 135\u20ac<\/h3>\n<p>Eine klassische Gesichtsbehandlung f\u00fcr Gesicht, Hals &amp; D\u00e9collet\u00e9:<br \/>Reinigung, Peeling, Wirkstoffkonzentrat, Maske und entspannende Gesichtsmassage. Auswahl von dermo-kosmetischen Behandlungsprodukten findet nach Hautzustand statt.<br \/>Ausreinigung, Augenbrauenkorrektur sowie das F\u00e4rben von Wimpern und Augenbrauen sind inkludiert.<\/p>\n<\/div>\n<\/div>\n<p><a href=\"https:\/\/buchung.treatwell.de\/ort\/skinway-organic-medical-beauty\/\">Termin buchen<\/a><\/p>\n<\/div>\n<ul>\n<li>\n<h3>Kennenlernbehandlung <br \/> ca. 60 min. 130 Euro <\/h3>\n<div>\n<p>Eine Kennenlern-Behandlung bietet Ihnen eine M\u00f6glichkeit moderne Wirkstoffkosmetik kennenzulernen. Ein Fresh-Up<span>\u00a0<\/span><strong>f\u00fcr jeden Hauttyp<\/strong>: Reinigung, Peeling, Wirkstoffkonzentrat und eine Abschlusspflege. Auswahl von dermo-kosmetischen Behandlungsprodukten findet nach Hautzustand statt. Die Kennenlern-Behandlung ist nur 1 Mal buchbar.<\/p>\n<\/div>\n<p><a href=\"https:\/\/buchung.treatwell.de\/ort\/skinway-organic-medical-beauty\/\">Termin buchen<\/a><\/p>\n<\/li>\n<li>\n<h3>HydraGlow \/ Aquafacial <br \/> ca. 60 min. 155 Euro <\/h3>\n<div>\n<p><strong>HYDROcare H2O<\/strong>\u2013 der Allrounder f\u00fcr ein gesundes Hautbild. Dieses intelligente Sch\u00f6nheitssystem erm\u00f6glicht eine schnelle Handhabung der einzelnen Phasen, um eine frische, glatte und perfekt durchfeuchtete Haut zu erhalten. 1. Tiefenporenreinigung 2. Sanftes Peeling 3. Detox 4. Versorgung Im Anschlu\u00df &#8211;<span>\u00a0<\/span><strong>H2O Oxygen Spray<\/strong>\u2013<span>\u00a0<\/span><strong>Dermalinfusion von Antioxidantien, Vitaminen und Hyaluron.<\/strong><\/p>\n<\/div>\n<p><a href=\"https:\/\/buchung.treatwell.de\/ort\/skinway-organic-medical-beauty\/\">Termin buchen<\/a><\/p>\n<\/li>\n<li>\n<h3>Mikrodermabrasion \/ Super Peel Classic <br \/>ca. 60 min. 125 Euro <\/h3>\n<div>\n<p>Die Mikrodermabrasion steht im Mittelpunkt. Durch kontrollierte Abtragung individuell bedingter \u00dcberverhornungen werden hauteigene Reparaturmechanismen in Gang gesetzt. Sofort sicht- und sp\u00fcrbare Ergebnisse schon nach dem 1. Schleifdurchgang.\u00a0<strong>Ausreinigung &amp; Augenbrauenkorrektur sind inkludiert. Alginatmaske,\u00a0<\/strong><strong>Hydrolage<\/strong><strong>\u00a0<\/strong>oder\u00a0<strong>Intra Skin Infusion<\/strong>\u00a0k\u00f6nnen zus\u00e4tzlich gebucht werden.<\/p>\n<\/div>\n<p><a href=\"https:\/\/buchung.treatwell.de\/ort\/skinway-organic-medical-beauty\/\">Termin buchen<\/a><\/p>\n<\/li>\n<li>\n<h3> Mikrodermabrasion \/ Super Peel Deluxe <br \/>ca. 60 min. 145 Euro <\/h3>\n<div>\n<p>Super Peel Plus ist f\u00fcr jeden Hauttyp empfehlenswert. W\u00e4hlen Sie selber den Fokus.\u00a0Die Augenzone wird intensiv behandelt. <strong>Auswahl von dermo-kosmetischen Behandlungsprodukten inkl. Konzentrate und spezifischen Masken findet nach Hautzustand statt.<\/strong><strong>\u00a0<\/strong>Ausreinigung &amp; Augenbrauenkorrektur sind inkludiert.<\/p>\n<\/div>\n<p><a href=\"https:\/\/buchung.treatwell.de\/ort\/skinway-organic-medical-beauty\/\">Termin buchen<\/a><\/p>\n<\/li>\n<\/ul>\n<p><!--more--><br \/>\n<!-- {\"name\":\"Microderma - als Vorlage nehmen\",\"type\":\"layout\",\"children\":[{\"type\":\"section\",\"props\":{\"style\":\"default\",\"width\":\"\",\"vertical_align\":\"middle\",\"title_position\":\"top-left\",\"title_rotation\":\"left\",\"title_breakpoint\":\"xl\",\"image_position\":\"center-center\",\"padding\":\"large\",\"padding_remove_bottom\":true,\"animation\":\"fade\",\"overlap\":false,\"padding_remove_top\":false},\"children\":[{\"type\":\"row\",\"children\":[{\"type\":\"column\",\"props\":{\"image_position\":\"center-center\",\"media_overlay_gradient\":\"\",\"width_medium\":\"1-1\"},\"children\":[{\"name\":\"\",\"type\":\"headline\",\"props\":{\"title_element\":\"h1\",\"title_style\":\"heading-small\",\"text_align\":\"left\",\"content\":\"SKINWAY<br \\\/>#basictreatments\",\"animation\":\"none\"}}]}],\"props\":{\"width\":\"xlarge\",\"margin_remove_top\":true}},{\"type\":\"row\",\"props\":{\"layout\":\"1-3,2-3\",\"margin\":\"large\",\"column_gap\":\"large\",\"width\":\"xlarge\"},\"children\":[{\"type\":\"column\",\"props\":{\"image_position\":\"center-center\",\"media_overlay_gradient\":\"\",\"width_medium\":\"1-3\"},\"children\":[{\"type\":\"panel\",\"props\":{\"link_text\":\"Termin buchen\",\"title_hover_style\":\"reset\",\"title_element\":\"h3\",\"title_align\":\"top\",\"title_grid_width\":\"1-2\",\"title_grid_breakpoint\":\"m\",\"meta_style\":\"meta\",\"meta_align\":\"below-title\",\"meta_element\":\"div\",\"content_column_breakpoint\":\"m\",\"icon_width\":80,\"image_align\":\"top\",\"image_grid_width\":\"1-4\",\"image_grid_breakpoint\":\"m\",\"image_svg_color\":\"emphasis\",\"link_style\":\"default\",\"margin\":\"default\",\"content\":\"\n\n<div class=\\\"ts-box-icon-title-holder\\\">\\n\n\n<h3 class=\\\"ts-box-icon-title-text\\\"><strong>Special Offer<\\\/strong><br \\\/>All in One Special ca. 60 min. 135\\u20ac<\\\/h3>\\n\n\n<p>Eine klassische Gesichtsbehandlung f\\u00fcr Gesicht, Hals &amp; D\\u00e9collet\\u00e9:<br \\\/>Reinigung, Peeling, Wirkstoffkonzentrat, Maske und entspannende Gesichtsmassage. Auswahl von dermo-kosmetischen Behandlungsprodukten findet nach Hautzustand statt.<br \\\/>Ausreinigung, Augenbrauenkorrektur sowie das F\\u00e4rben von Wimpern und Augenbrauen sind inkludiert.<\\\/p>\\n<\\\/div>\",\"panel_style\":\"card-primary\",\"image\":\"wp-content\\\/uploads\\\/2021\\\/04\\\/3.png\",\"image_border\":\"rounded\",\"link\":\"https:\\\/\\\/buchung.treatwell.de\\\/ort\\\/skinway-organic-medical-beauty\\\/\",\"panel_card_image\":true,\"link_target\":true}}]},{\"type\":\"column\",\"props\":{\"image_position\":\"center-center\",\"media_overlay_gradient\":\"\",\"width_medium\":\"2-3\",\"vertical_align\":\"middle\"},\"children\":[{\"type\":\"accordion\",\"props\":{\"show_image\":true,\"show_link\":true,\"collapsible\":true,\"content_column_breakpoint\":\"m\",\"image_svg_color\":\"emphasis\",\"image_align\":\"top\",\"image_grid_width\":\"1-2\",\"image_grid_breakpoint\":\"m\",\"link_text\":\"Termin buchen\",\"link_style\":\"primary\",\"text_align\":\"center\"},\"children\":[{\"type\":\"accordion_item\",\"props\":{\"title\":\"Kennenlernbehandlung <br \/> ca. 60 min. 130 Euro \",\"content\":\"\n\n<p>Eine Kennenlern-Behandlung bietet Ihnen eine M\\u00f6glichkeit moderne Wirkstoffkosmetik kennenzulernen. Ein Fresh-Up<span>\\u00a0<\\\/span><strong>f\\u00fcr jeden Hauttyp<\\\/strong>: Reinigung, Peeling, Wirkstoffkonzentrat und eine Abschlusspflege. Auswahl von dermo-kosmetischen Behandlungsprodukten findet nach Hautzustand statt. Die Kennenlern-Behandlung ist nur 1 Mal buchbar.<\\\/p>\",\"link\":\"https:\\\/\\\/buchung.treatwell.de\\\/ort\\\/skinway-organic-medical-beauty\\\/\",\"image\":\"\"}},{\"type\":\"accordion_item\",\"props\":{\"title\":\"HydraGlow \\\/ Aquafacial <br \/> ca. 60 min. 155 Euro \",\"content\":\"\n\n<p><strong>HYDROcare H2O<\\\/strong>\\u2013 der Allrounder f\\u00fcr ein gesundes Hautbild. Dieses intelligente Sch\\u00f6nheitssystem erm\\u00f6glicht eine schnelle Handhabung der einzelnen Phasen, um eine frische, glatte und perfekt durchfeuchtete Haut zu erhalten. 1. Tiefenporenreinigung 2. Sanftes Peeling 3. Detox 4. Versorgung Im Anschlu\\u00df -<span>\\u00a0<\\\/span><strong>H2O Oxygen Spray<\\\/strong>\\u2013<span>\\u00a0<\\\/span><strong>Dermalinfusion von Antioxidantien, Vitaminen und Hyaluron.<\\\/strong><\\\/p>\",\"link\":\"https:\\\/\\\/buchung.treatwell.de\\\/ort\\\/skinway-organic-medical-beauty\\\/\",\"image\":\"\"}},{\"type\":\"accordion_item\",\"props\":{\"title\":\"Mikrodermabrasion \\\/ Super Peel Classic <br \/>ca. 60 min. 125 Euro \",\"content\":\"\n\n<p>Die Mikrodermabrasion steht im Mittelpunkt. Durch kontrollierte Abtragung individuell bedingter \\u00dcberverhornungen werden hauteigene Reparaturmechanismen in Gang gesetzt. Sofort sicht- und sp\\u00fcrbare Ergebnisse schon nach dem 1. Schleifdurchgang.\\u00a0<strong>Ausreinigung &amp; Augenbrauenkorrektur sind inkludiert. Alginatmaske,\\u00a0<\\\/strong><strong>Hydrolage<\\\/strong><strong>\\u00a0<\\\/strong>oder\\u00a0<strong>Intra Skin Infusion<\\\/strong>\\u00a0k\\u00f6nnen zus\\u00e4tzlich gebucht werden.<\\\/p>\",\"link\":\"https:\\\/\\\/buchung.treatwell.de\\\/ort\\\/skinway-organic-medical-beauty\\\/\"}},{\"type\":\"accordion_item\",\"props\":{\"title\":\" Mikrodermabrasion \\\/ Super Peel Deluxe <br \/>ca. 60 min. 145 Euro \",\"content\":\"\n\n<p>Super Peel Plus ist f\\u00fcr jeden Hauttyp empfehlenswert. W\\u00e4hlen Sie selber den Fokus.\\u00a0Die Augenzone wird intensiv behandelt. <strong>Auswahl von dermo-kosmetischen Behandlungsprodukten inkl. Konzentrate und spezifischen Masken findet nach Hautzustand statt.<\\\/strong><strong>\\u00a0<\\\/strong>Ausreinigung &amp; Augenbrauenkorrektur sind inkludiert.<\\\/p>\",\"link\":\"https:\\\/\\\/buchung.treatwell.de\\\/ort\\\/skinway-organic-medical-beauty\\\/\"}}]}]}]}],\"name\":\"Benefits\"},{\"type\":\"section\",\"props\":{\"style\":\"default\",\"width\":\"default\",\"vertical_align\":\"middle\",\"title_position\":\"top-left\",\"title_rotation\":\"left\",\"title_breakpoint\":\"xl\",\"image_position\":\"center-center\"},\"children\":[{\"type\":\"row\",\"children\":[{\"type\":\"column\",\"props\":{\"image_position\":\"center-center\",\"media_overlay_gradient\":\"\"},\"children\":[]}]}]}],\"version\":\"2.4.9\"} --><\/p>\n","protected":false},"excerpt":{"rendered":"<p>SKINWAY#basictreatments Special OfferAll in One Special ca. 60 min. 135\u20ac Eine klassische Gesichtsbehandlung f\u00fcr Gesicht, Hals &amp; D\u00e9collet\u00e9:Reinigung, Peeling, Wirkstoffkonzentrat, Maske und entspannende Gesichtsmassage. Auswahl von dermo-kosmetischen Behandlungsprodukten findet nach Hautzustand statt.Ausreinigung, Augenbrauenkorrektur sowie das F\u00e4rben von Wimpern und Augenbrauen sind inkludiert. Termin buchen Kennenlernbehandlung ca. 60 min. 130 Euro Eine Kennenlern-Behandlung bietet Ihnen eine [&hellip;]<\/p>\n","protected":false},"author":1,"featured_media":71,"parent":0,"menu_order":0,"comment_status":"closed","ping_status":"closed","template":"","meta":{"footnotes":""},"class_list":["post-491","page","type-page","status-publish","has-post-thumbnail","hentry"],"yoast_head":"<!-- This site is optimized with the Yoast SEO plugin v27.5 - https:\/\/yoast.com\/product\/yoast-seo-wordpress\/ -->\n<title>Basic Treatments - SKINWAY | Organic &amp; Medical Beauty<\/title>\n<meta name=\"description\" content=\"Eine klassische Gesichtsbehandlung f\u00fcr Gesicht, Hals &amp; D\u00e9collet\u00e9: Reinigung, Peeling, Wirkstoffkonzentrat, Maske und entspannende\" \/>\n<meta name=\"robots\" content=\"index, follow, max-snippet:-1, max-image-preview:large, max-video-preview:-1\" \/>\n<link rel=\"canonical\" href=\"https:\/\/skinway.de\/?page_id=491\" \/>\n<meta property=\"og:locale\" content=\"de_DE\" \/>\n<meta property=\"og:type\" content=\"article\" \/>\n<meta property=\"og:title\" content=\"Basic Treatments - SKINWAY | Organic &amp; Medical Beauty\" \/>\n<meta property=\"og:description\" content=\"Eine klassische Gesichtsbehandlung f\u00fcr Gesicht, Hals &amp; D\u00e9collet\u00e9: Reinigung, Peeling, Wirkstoffkonzentrat, Maske und entspannende\" \/>\n<meta property=\"og:url\" content=\"https:\/\/skinway.de\/?page_id=491\" \/>\n<meta property=\"og:site_name\" content=\"SKINWAY\" \/>\n<meta property=\"article:modified_time\" content=\"2024-06-25T02:50:35+00:00\" \/>\n<meta property=\"og:image\" content=\"https:\/\/skinway.de\/wp-content\/uploads\/2021\/04\/3.png\" \/>\n\t<meta property=\"og:image:width\" content=\"1800\" \/>\n\t<meta property=\"og:image:height\" content=\"1200\" \/>\n\t<meta property=\"og:image:type\" content=\"image\/png\" \/>\n<meta name=\"twitter:card\" content=\"summary_large_image\" \/>\n<meta name=\"twitter:label1\" content=\"Gesch\u00e4tzte Lesezeit\" \/>\n\t<meta name=\"twitter:data1\" content=\"1\u00a0Minute\" \/>\n<script type=\"application\/ld+json\" class=\"yoast-schema-graph\">{\"@context\":\"https:\\\/\\\/schema.org\",\"@graph\":[{\"@type\":\"WebPage\",\"@id\":\"https:\\\/\\\/skinway.de\\\/?page_id=491\",\"url\":\"https:\\\/\\\/skinway.de\\\/?page_id=491\",\"name\":\"Basic Treatments - SKINWAY | Organic & Medical Beauty\",\"isPartOf\":{\"@id\":\"https:\\\/\\\/skinway.de\\\/#website\"},\"primaryImageOfPage\":{\"@id\":\"https:\\\/\\\/skinway.de\\\/?page_id=491#primaryimage\"},\"image\":{\"@id\":\"https:\\\/\\\/skinway.de\\\/?page_id=491#primaryimage\"},\"thumbnailUrl\":\"https:\\\/\\\/skinway.de\\\/wp-content\\\/uploads\\\/2021\\\/04\\\/3.png\",\"datePublished\":\"2021-04-28T15:43:41+00:00\",\"dateModified\":\"2024-06-25T02:50:35+00:00\",\"description\":\"Eine klassische Gesichtsbehandlung f\u00fcr Gesicht, Hals & D\u00e9collet\u00e9: Reinigung, Peeling, Wirkstoffkonzentrat, Maske und entspannende\",\"breadcrumb\":{\"@id\":\"https:\\\/\\\/skinway.de\\\/?page_id=491#breadcrumb\"},\"inLanguage\":\"de\",\"potentialAction\":[{\"@type\":\"ReadAction\",\"target\":[\"https:\\\/\\\/skinway.de\\\/?page_id=491\"]}]},{\"@type\":\"ImageObject\",\"inLanguage\":\"de\",\"@id\":\"https:\\\/\\\/skinway.de\\\/?page_id=491#primaryimage\",\"url\":\"https:\\\/\\\/skinway.de\\\/wp-content\\\/uploads\\\/2021\\\/04\\\/3.png\",\"contentUrl\":\"https:\\\/\\\/skinway.de\\\/wp-content\\\/uploads\\\/2021\\\/04\\\/3.png\",\"width\":1800,\"height\":1200,\"caption\":\"Basic Treatments\"},{\"@type\":\"BreadcrumbList\",\"@id\":\"https:\\\/\\\/skinway.de\\\/?page_id=491#breadcrumb\",\"itemListElement\":[{\"@type\":\"ListItem\",\"position\":1,\"name\":\"Startseite\",\"item\":\"https:\\\/\\\/skinway.de\\\/\"},{\"@type\":\"ListItem\",\"position\":2,\"name\":\"Basic Treatments\"}]},{\"@type\":\"WebSite\",\"@id\":\"https:\\\/\\\/skinway.de\\\/#website\",\"url\":\"https:\\\/\\\/skinway.de\\\/\",\"name\":\"SKINWAY\",\"description\":\"Organic &amp; Medical Beauty\",\"potentialAction\":[{\"@type\":\"SearchAction\",\"target\":{\"@type\":\"EntryPoint\",\"urlTemplate\":\"https:\\\/\\\/skinway.de\\\/?s={search_term_string}\"},\"query-input\":{\"@type\":\"PropertyValueSpecification\",\"valueRequired\":true,\"valueName\":\"search_term_string\"}}],\"inLanguage\":\"de\"}]}<\/script>\n<!-- \/ Yoast SEO plugin. -->","yoast_head_json":{"title":"Basic Treatments - SKINWAY | Organic & Medical Beauty","description":"Eine klassische Gesichtsbehandlung f\u00fcr Gesicht, Hals & D\u00e9collet\u00e9: Reinigung, Peeling, Wirkstoffkonzentrat, Maske und entspannende","robots":{"index":"index","follow":"follow","max-snippet":"max-snippet:-1","max-image-preview":"max-image-preview:large","max-video-preview":"max-video-preview:-1"},"canonical":"https:\/\/skinway.de\/?page_id=491","og_locale":"de_DE","og_type":"article","og_title":"Basic Treatments - SKINWAY | Organic & Medical Beauty","og_description":"Eine klassische Gesichtsbehandlung f\u00fcr Gesicht, Hals & D\u00e9collet\u00e9: Reinigung, Peeling, Wirkstoffkonzentrat, Maske und entspannende","og_url":"https:\/\/skinway.de\/?page_id=491","og_site_name":"SKINWAY","article_modified_time":"2024-06-25T02:50:35+00:00","og_image":[{"width":1800,"height":1200,"url":"https:\/\/skinway.de\/wp-content\/uploads\/2021\/04\/3.png","type":"image\/png"}],"twitter_card":"summary_large_image","twitter_misc":{"Gesch\u00e4tzte Lesezeit":"1\u00a0Minute"},"schema":{"@context":"https:\/\/schema.org","@graph":[{"@type":"WebPage","@id":"https:\/\/skinway.de\/?page_id=491","url":"https:\/\/skinway.de\/?page_id=491","name":"Basic Treatments - SKINWAY | Organic & Medical Beauty","isPartOf":{"@id":"https:\/\/skinway.de\/#website"},"primaryImageOfPage":{"@id":"https:\/\/skinway.de\/?page_id=491#primaryimage"},"image":{"@id":"https:\/\/skinway.de\/?page_id=491#primaryimage"},"thumbnailUrl":"https:\/\/skinway.de\/wp-content\/uploads\/2021\/04\/3.png","datePublished":"2021-04-28T15:43:41+00:00","dateModified":"2024-06-25T02:50:35+00:00","description":"Eine klassische Gesichtsbehandlung f\u00fcr Gesicht, Hals & D\u00e9collet\u00e9: Reinigung, Peeling, Wirkstoffkonzentrat, Maske und entspannende","breadcrumb":{"@id":"https:\/\/skinway.de\/?page_id=491#breadcrumb"},"inLanguage":"de","potentialAction":[{"@type":"ReadAction","target":["https:\/\/skinway.de\/?page_id=491"]}]},{"@type":"ImageObject","inLanguage":"de","@id":"https:\/\/skinway.de\/?page_id=491#primaryimage","url":"https:\/\/skinway.de\/wp-content\/uploads\/2021\/04\/3.png","contentUrl":"https:\/\/skinway.de\/wp-content\/uploads\/2021\/04\/3.png","width":1800,"height":1200,"caption":"Basic Treatments"},{"@type":"BreadcrumbList","@id":"https:\/\/skinway.de\/?page_id=491#breadcrumb","itemListElement":[{"@type":"ListItem","position":1,"name":"Startseite","item":"https:\/\/skinway.de\/"},{"@type":"ListItem","position":2,"name":"Basic Treatments"}]},{"@type":"WebSite","@id":"https:\/\/skinway.de\/#website","url":"https:\/\/skinway.de\/","name":"SKINWAY","description":"Organic &amp; Medical Beauty","potentialAction":[{"@type":"SearchAction","target":{"@type":"EntryPoint","urlTemplate":"https:\/\/skinway.de\/?s={search_term_string}"},"query-input":{"@type":"PropertyValueSpecification","valueRequired":true,"valueName":"search_term_string"}}],"inLanguage":"de"}]}},"_links":{"self":[{"href":"https:\/\/skinway.de\/index.php?rest_route=\/wp\/v2\/pages\/491","targetHints":{"allow":["GET"]}}],"collection":[{"href":"https:\/\/skinway.de\/index.php?rest_route=\/wp\/v2\/pages"}],"about":[{"href":"https:\/\/skinway.de\/index.php?rest_route=\/wp\/v2\/types\/page"}],"author":[{"embeddable":true,"href":"https:\/\/skinway.de\/index.php?rest_route=\/wp\/v2\/users\/1"}],"replies":[{"embeddable":true,"href":"https:\/\/skinway.de\/index.php?rest_route=%2Fwp%2Fv2%2Fcomments&post=491"}],"version-history":[{"count":33,"href":"https:\/\/skinway.de\/index.php?rest_route=\/wp\/v2\/pages\/491\/revisions"}],"predecessor-version":[{"id":911,"href":"https:\/\/skinway.de\/index.php?rest_route=\/wp\/v2\/pages\/491\/revisions\/911"}],"wp:featuredmedia":[{"embeddable":true,"href":"https:\/\/skinway.de\/index.php?rest_route=\/wp\/v2\/media\/71"}],"wp:attachment":[{"href":"https:\/\/skinway.de\/index.php?rest_route=%2Fwp%2Fv2%2Fmedia&parent=491"}],"curies":[{"name":"wp","href":"https:\/\/api.w.org\/{rel}","templated":true}]}}