{"id":501,"date":"2021-04-28T17:44:34","date_gmt":"2021-04-28T15:44:34","guid":{"rendered":"https:\/\/skinway.de\/?page_id=501"},"modified":"2024-06-28T05:43:45","modified_gmt":"2024-06-28T03:43:45","slug":"anti-age","status":"publish","type":"page","link":"https:\/\/skinway.de\/?page_id=501","title":{"rendered":"Anti-Age Treatments"},"content":{"rendered":"<h1>SKINWAY<br \/>#antiagetreatments<\/h1>\n<div>\n<p>        <img decoding=\"async\" src=\"\/wp-content\/uploads\/2021\/04\/3.png\" alt=\"\"><\/p>\n<div>\n<div class=\"ts-box-icon-title-holder\">\n<h3 class=\"ts-box-icon-title-text\"><strong>Special Offer<\/strong><br \/>All in One Special ca. 60 min. 135\u20ac<\/h3>\n<p>Eine klassische Gesichtsbehandlung f\u00fcr Gesicht, Hals &amp; D\u00e9collet\u00e9:<br \/>Reinigung, Peeling, Wirkstoffkonzentrat, Maske und entspannende Gesichtsmassage. Auswahl von dermo-kosmetischen Behandlungsprodukten findet nach Hautzustand statt.<br \/>Ausreinigung, Augenbrauenkorrektur sowie das F\u00e4rben von Wimpern und Augenbrauen sind inkludiert.<\/p>\n<\/div>\n<\/div>\n<p><a href=\"https:\/\/buchung.treatwell.de\/ort\/skinway-organic-medical-beauty\/\">Termin buchen<\/a><\/p>\n<\/div>\n<ul>\n<li>\n<h3>MesoJet Face &#038; Neck  <br \/> ca. 60 min. 175 Euro <\/h3>\n<div>\n<p><strong>Die MesoJet Behandlung<\/strong> ist f\u00fcr alle Hauttypen geeignet: ob porentiefe Reinigung, Akne, Couperose oder Hautverj\u00fcngung. Die Behandlung wird individuell auf Ihren Hauttyp abgestimmt, um Ihre Haut so richtig zum Strahlen zu bringen. Die MesoJet Behandlung setzt ein spezielles Hochdruckverfahren ein, dass die Haut sanft gepellt wird und mit wertvollen Wirkstoffen versorgt. Mit dem Premium-Handst\u00fcck werden Mikrotr\u00f6pfchen mit hoher Geschwindigkeit in die Tiefe der Haut eingeschleust. So l\u00e4sst sich die Haut v\u00f6llig Nadel- und schmerzfrei porentief reinigen und mit einem individuellen Wirkstoffcocktail beleben. Die Behandlung ist absolut schmerzfrei und nadellos.<\/p>\n<\/div>\n<p><a href=\"https:\/\/buchung.treatwell.de\/ort\/skinway-organic-medical-beauty\/\">Termin buchen<\/a><\/p>\n<\/li>\n<li>\n<h3>HydraGlow \/ Aquafacial <br \/> ca. 60 min. 155 Euro <\/h3>\n<div>\n<p><strong>HYDROcare H2O<\/strong>\u2013 der Allrounder f\u00fcr ein gesundes Hautbild. Dieses intelligente Sch\u00f6nheitssystem erm\u00f6glicht eine schnelle Handhabung der einzelnen Phasen, um eine frische, glatte und perfekt durchfeuchtete Haut zu erhalten. 1. Tiefenporenreinigung 2. Sanftes Peeling 3. Detox 4. Versorgung Im Anschlu\u00df &#8211;<span>\u00a0<\/span><strong>H2O Oxygen Spray<\/strong>\u2013<span>\u00a0<\/span><strong>Dermalinfusion von Antioxidantien, Vitaminen und Hyaluron.<\/strong><\/p>\n<\/div>\n<p><a href=\"https:\/\/buchung.treatwell.de\/ort\/skinway-organic-medical-beauty\/\">Termin buchen<\/a><\/p>\n<\/li>\n<li>\n<h3>Nano-Needling \/ Mesotherapie <br \/> ca. 60 min. 155 Euro <\/h3>\n<div>\n<p>NanoGlow 3D Behandlung kombiniert drei Technologien: die Nanoneedling Messtherapie ist eine sanfte und schonende Anwendung zur Einarbeitung von Konzentraten. Die Radiofrequenz in Verbindung mit der Muskelstimulation (EMS) potenziert die Wirkung ma\u00dfgeblich. Die 3D Technologie bewirkt, dass die Haut mehr Wirkstoffe aufnehmen kann.<\/p>\n<\/div>\n<p><a href=\"https:\/\/buchung.treatwell.de\/ort\/skinway-organic-medical-beauty\/\">Termin buchen<\/a><\/p>\n<\/li>\n<li>\n<h3>Intra Skin Infusion \/ Mesotherapie <br \/>ca. 60 min. 155 Euro <\/h3>\n<div>\n<p>Spezielle, regenerative Wirkstoffcocktails werden transdermal und intradermal direkt in alle Hautregionen infusioniert \/ eingeschleust. Gezielt, direkt an den Problemzonen, ohne die Haut zu verletzen. Computergesteuert erh\u00e4lt die Haut sanfte Stromimpulse, die den Repairsubstanzen den Weg in die Tiefe bahnen. Das Gewebe erscheint sofort unerf\u00fcllt, gestrafft und gegl\u00e4ttet. Die Augenzone wird besonders mit der Infusion Line Filling behandelt. Entspannt die F\u00e4ltchen und die Augenringe loswerden.<\/p>\n<\/div>\n<p><a href=\"https:\/\/buchung.treatwell.de\/ort\/skinway-organic-medical-beauty\/\">Termin buchen<\/a><\/p>\n<\/li>\n<li>\n<h3>Mikrodermabrasion inkl. Hydrolage  <br \/>ca. 75 min. 175 Euro <\/h3>\n<div>\n<p>Super Peel Anti-Age inkl. Hydrolage (Collagen-Vlies Maske) ist f\u00fcr alle, die intensive Pflege in k\u00fcrzeste Zeit erfahren m\u00f6chten. Hochwirksame Anwendung f\u00fcr ein jugendliches und frisches Aussehen. Altersbedingte F\u00e4ltchen werden minimiert und Gesichtsz\u00fcge werden entspannt.\u00a0<strong>Ausreinigung &amp; Augenbrauenkorrektur sind inkludiert.<\/strong><\/p>\n<\/div>\n<p><a href=\"https:\/\/buchung.treatwell.de\/ort\/skinway-organic-medical-beauty\/\">Termin buchen<\/a><\/p>\n<\/li>\n<li>\n<h3>Micro-Needling  <br \/>ca. 60 min. 185 Euro <\/h3>\n<div>\n<p>Super Peel Anti-Age inkl. Hydrolage (Collagen-Vlies Maske) ist f\u00fcr alle, die intensive Pflege in k\u00fcrzeste Zeit erfahren m\u00f6chten. Hochwirksame Anwendung f\u00fcr ein jugendliches und frisches Aussehen. Altersbedingte F\u00e4ltchen werden minimiert und Gesichtsz\u00fcge werden entspannt.\u00a0<strong>Ausreinigung &amp; Augenbrauenkorrektur sind inkludiert.<\/strong><\/p>\n<\/div>\n<p><a href=\"https:\/\/buchung.treatwell.de\/ort\/skinway-organic-medical-beauty\/\">Termin buchen<\/a><\/p>\n<\/li>\n<\/ul>\n<p><!--more--><br \/>\n<!-- {\"name\":\"Basic Treatments\",\"type\":\"layout\",\"children\":[{\"type\":\"section\",\"props\":{\"style\":\"default\",\"width\":\"\",\"vertical_align\":\"middle\",\"title_position\":\"top-left\",\"title_rotation\":\"left\",\"title_breakpoint\":\"xl\",\"image_position\":\"center-center\",\"padding\":\"large\",\"padding_remove_bottom\":true,\"animation\":\"fade\",\"overlap\":false,\"padding_remove_top\":false},\"children\":[{\"type\":\"row\",\"children\":[{\"type\":\"column\",\"props\":{\"image_position\":\"center-center\",\"media_overlay_gradient\":\"\",\"width_medium\":\"1-1\"},\"children\":[{\"name\":\"\",\"type\":\"headline\",\"props\":{\"title_element\":\"h1\",\"title_style\":\"heading-small\",\"text_align\":\"left\",\"content\":\"SKINWAY<br \\\/>#antiagetreatments\",\"animation\":\"none\"}}]}],\"props\":{\"width\":\"xlarge\",\"margin_remove_top\":true}},{\"type\":\"row\",\"props\":{\"layout\":\"1-3,2-3\",\"margin\":\"large\",\"column_gap\":\"large\",\"width\":\"xlarge\"},\"children\":[{\"type\":\"column\",\"props\":{\"image_position\":\"center-center\",\"media_overlay_gradient\":\"\",\"width_medium\":\"1-3\"},\"children\":[{\"type\":\"panel\",\"props\":{\"link_text\":\"Termin buchen\",\"title_hover_style\":\"reset\",\"title_element\":\"h3\",\"title_align\":\"top\",\"title_grid_width\":\"1-2\",\"title_grid_breakpoint\":\"m\",\"meta_style\":\"meta\",\"meta_align\":\"below-title\",\"meta_element\":\"div\",\"content_column_breakpoint\":\"m\",\"icon_width\":80,\"image_align\":\"top\",\"image_grid_width\":\"1-4\",\"image_grid_breakpoint\":\"m\",\"image_svg_color\":\"emphasis\",\"link_style\":\"default\",\"margin\":\"default\",\"content\":\"\n\n<div class=\\\"ts-box-icon-title-holder\\\">\\n\n\n<h3 class=\\\"ts-box-icon-title-text\\\"><strong>Special Offer<\\\/strong><br \\\/>All in One Special ca. 60 min. 135\\u20ac<\\\/h3>\\n\n\n<p>Eine klassische Gesichtsbehandlung f\\u00fcr Gesicht, Hals &amp; D\\u00e9collet\\u00e9:<br \\\/>Reinigung, Peeling, Wirkstoffkonzentrat, Maske und entspannende Gesichtsmassage. Auswahl von dermo-kosmetischen Behandlungsprodukten findet nach Hautzustand statt.<br \\\/>Ausreinigung, Augenbrauenkorrektur sowie das F\\u00e4rben von Wimpern und Augenbrauen sind inkludiert.<\\\/p>\\n<\\\/div>\",\"panel_style\":\"card-primary\",\"image\":\"wp-content\\\/uploads\\\/2021\\\/04\\\/3.png\",\"image_border\":\"rounded\",\"link\":\"https:\\\/\\\/buchung.treatwell.de\\\/ort\\\/skinway-organic-medical-beauty\\\/\",\"panel_card_image\":true,\"link_target\":true}}]},{\"type\":\"column\",\"props\":{\"image_position\":\"center-center\",\"media_overlay_gradient\":\"\",\"width_medium\":\"2-3\",\"vertical_align\":\"middle\"},\"children\":[{\"type\":\"accordion\",\"props\":{\"show_image\":true,\"show_link\":true,\"collapsible\":true,\"content_column_breakpoint\":\"m\",\"image_svg_color\":\"emphasis\",\"image_align\":\"top\",\"image_grid_width\":\"1-2\",\"image_grid_breakpoint\":\"m\",\"link_text\":\"Termin buchen\",\"link_style\":\"primary\",\"text_align\":\"center\"},\"children\":[{\"type\":\"accordion_item\",\"props\":{\"title\":\"MesoJet Face & Neck  <br \/> ca. 60 min. 175 Euro \",\"content\":\"\n\n<p><strong>Die MesoJet Behandlung<\\\/strong> ist f\\u00fcr alle Hauttypen geeignet: ob porentiefe Reinigung, Akne, Couperose oder Hautverj\\u00fcngung. Die Behandlung wird individuell auf Ihren Hauttyp abgestimmt, um Ihre Haut so richtig zum Strahlen zu bringen. Die MesoJet Behandlung setzt ein spezielles Hochdruckverfahren ein, dass die Haut sanft gepellt wird und mit wertvollen Wirkstoffen versorgt. Mit dem Premium-Handst\\u00fcck werden Mikrotr\\u00f6pfchen mit hoher Geschwindigkeit in die Tiefe der Haut eingeschleust. So l\\u00e4sst sich die Haut v\\u00f6llig Nadel- und schmerzfrei porentief reinigen und mit einem individuellen Wirkstoffcocktail beleben. Die Behandlung ist absolut schmerzfrei und nadellos.<\\\/p>\",\"link\":\"https:\\\/\\\/buchung.treatwell.de\\\/ort\\\/skinway-organic-medical-beauty\\\/\",\"image\":\"\"}},{\"type\":\"accordion_item\",\"props\":{\"title\":\"HydraGlow \\\/ Aquafacial <br \/> ca. 60 min. 155 Euro \",\"content\":\"\n\n<p><strong>HYDROcare H2O<\\\/strong>\\u2013 der Allrounder f\\u00fcr ein gesundes Hautbild. Dieses intelligente Sch\\u00f6nheitssystem erm\\u00f6glicht eine schnelle Handhabung der einzelnen Phasen, um eine frische, glatte und perfekt durchfeuchtete Haut zu erhalten. 1. Tiefenporenreinigung 2. Sanftes Peeling 3. Detox 4. Versorgung Im Anschlu\\u00df -<span>\\u00a0<\\\/span><strong>H2O Oxygen Spray<\\\/strong>\\u2013<span>\\u00a0<\\\/span><strong>Dermalinfusion von Antioxidantien, Vitaminen und Hyaluron.<\\\/strong><\\\/p>\",\"link\":\"https:\\\/\\\/buchung.treatwell.de\\\/ort\\\/skinway-organic-medical-beauty\\\/\",\"image\":\"\"}},{\"type\":\"accordion_item\",\"props\":{\"title\":\"Nano-Needling \\\/ Mesotherapie <br \/> ca. 60 min. 155 Euro \",\"content\":\"\n\n<p>NanoGlow 3D Behandlung kombiniert drei Technologien: die Nanoneedling Messtherapie ist eine sanfte und schonende Anwendung zur Einarbeitung von Konzentraten. Die Radiofrequenz in Verbindung mit der Muskelstimulation (EMS) potenziert die Wirkung ma\\u00dfgeblich. Die 3D Technologie bewirkt, dass die Haut mehr Wirkstoffe aufnehmen kann.<\\\/p>\",\"link\":\"https:\\\/\\\/buchung.treatwell.de\\\/ort\\\/skinway-organic-medical-beauty\\\/\",\"image\":\"\"}},{\"type\":\"accordion_item\",\"props\":{\"title\":\"Intra Skin Infusion \\\/ Mesotherapie <br \/>ca. 60 min. 155 Euro \",\"content\":\"\n\n<p>Spezielle, regenerative Wirkstoffcocktails werden transdermal und intradermal direkt in alle Hautregionen infusioniert \\\/ eingeschleust. Gezielt, direkt an den Problemzonen, ohne die Haut zu verletzen. Computergesteuert erh\\u00e4lt die Haut sanfte Stromimpulse, die den Repairsubstanzen den Weg in die Tiefe bahnen. Das Gewebe erscheint sofort unerf\\u00fcllt, gestrafft und gegl\\u00e4ttet. Die Augenzone wird besonders mit der Infusion Line Filling behandelt. Entspannt die F\\u00e4ltchen und die Augenringe loswerden.<\\\/p>\",\"link\":\"https:\\\/\\\/buchung.treatwell.de\\\/ort\\\/skinway-organic-medical-beauty\\\/\"}},{\"type\":\"accordion_item\",\"props\":{\"title\":\"Mikrodermabrasion inkl. Hydrolage  <br \/>ca. 75 min. 175 Euro \",\"content\":\"\n\n<p>Super Peel Anti-Age inkl. Hydrolage (Collagen-Vlies Maske) ist f\\u00fcr alle, die intensive Pflege in k\\u00fcrzeste Zeit erfahren m\\u00f6chten. Hochwirksame Anwendung f\\u00fcr ein jugendliches und frisches Aussehen. Altersbedingte F\\u00e4ltchen werden minimiert und Gesichtsz\\u00fcge werden entspannt.\\u00a0<strong>Ausreinigung &amp; Augenbrauenkorrektur sind inkludiert.<\\\/strong><\\\/p>\",\"link\":\"https:\\\/\\\/buchung.treatwell.de\\\/ort\\\/skinway-organic-medical-beauty\\\/\"}},{\"type\":\"accordion_item\",\"props\":{\"title\":\"Micro-Needling  <br \/>ca. 60 min. 185 Euro \",\"content\":\"\n\n<p>Super Peel Anti-Age inkl. Hydrolage (Collagen-Vlies Maske) ist f\\u00fcr alle, die intensive Pflege in k\\u00fcrzeste Zeit erfahren m\\u00f6chten. Hochwirksame Anwendung f\\u00fcr ein jugendliches und frisches Aussehen. Altersbedingte F\\u00e4ltchen werden minimiert und Gesichtsz\\u00fcge werden entspannt.\\u00a0<strong>Ausreinigung &amp; Augenbrauenkorrektur sind inkludiert.<\\\/strong><\\\/p>\",\"link\":\"https:\\\/\\\/buchung.treatwell.de\\\/ort\\\/skinway-organic-medical-beauty\\\/\"}}]}]}]}],\"name\":\"Benefits\"},{\"type\":\"section\",\"props\":{\"style\":\"default\",\"width\":\"default\",\"vertical_align\":\"middle\",\"title_position\":\"top-left\",\"title_rotation\":\"left\",\"title_breakpoint\":\"xl\",\"image_position\":\"center-center\"},\"children\":[{\"type\":\"row\",\"children\":[{\"type\":\"column\",\"props\":{\"image_position\":\"center-center\",\"media_overlay_gradient\":\"\"},\"children\":[]}]}]}],\"version\":\"2.4.9\"} --><\/p>\n","protected":false},"excerpt":{"rendered":"<p>SKINWAY#antiagetreatments Special OfferAll in One Special ca. 60 min. 135\u20ac Eine klassische Gesichtsbehandlung f\u00fcr Gesicht, Hals &amp; D\u00e9collet\u00e9:Reinigung, Peeling, Wirkstoffkonzentrat, Maske und entspannende Gesichtsmassage. Auswahl von dermo-kosmetischen Behandlungsprodukten findet nach Hautzustand statt.Ausreinigung, Augenbrauenkorrektur sowie das F\u00e4rben von Wimpern und Augenbrauen sind inkludiert. Termin buchen MesoJet Face &#038; Neck ca. 60 min. 175 Euro Die MesoJet [&hellip;]<\/p>\n","protected":false},"author":1,"featured_media":548,"parent":0,"menu_order":0,"comment_status":"closed","ping_status":"closed","template":"","meta":{"footnotes":""},"class_list":["post-501","page","type-page","status-publish","has-post-thumbnail","hentry"],"yoast_head":"<!-- This site is optimized with the Yoast SEO plugin v27.5 - https:\/\/yoast.com\/product\/yoast-seo-wordpress\/ -->\n<title>Anti-Age Treatments - SKINWAY<\/title>\n<meta name=\"description\" content=\"Anti-Age - Bei SKINWAY gibt es ein besseres Hautgef\u00fchl mit Langzeitwirkung. Wer seine Haut mal wieder bis in Schwung bringen m\u00f6chte der\" \/>\n<meta name=\"robots\" content=\"index, follow, max-snippet:-1, max-image-preview:large, max-video-preview:-1\" \/>\n<link rel=\"canonical\" href=\"https:\/\/skinway.de\/?page_id=501\" \/>\n<meta property=\"og:locale\" content=\"de_DE\" \/>\n<meta property=\"og:type\" content=\"article\" \/>\n<meta property=\"og:title\" content=\"Anti-Age Treatments - SKINWAY\" \/>\n<meta property=\"og:description\" content=\"Anti-Age - Bei SKINWAY gibt es ein besseres Hautgef\u00fchl mit Langzeitwirkung. Wer seine Haut mal wieder bis in Schwung bringen m\u00f6chte der\" \/>\n<meta property=\"og:url\" content=\"https:\/\/skinway.de\/?page_id=501\" \/>\n<meta property=\"og:site_name\" content=\"SKINWAY\" \/>\n<meta property=\"article:modified_time\" content=\"2024-06-28T03:43:45+00:00\" \/>\n<meta property=\"og:image\" content=\"https:\/\/skinway.de\/wp-content\/uploads\/2021\/05\/2.jpg\" \/>\n\t<meta property=\"og:image:width\" content=\"1800\" \/>\n\t<meta property=\"og:image:height\" content=\"1200\" \/>\n\t<meta property=\"og:image:type\" content=\"image\/jpeg\" \/>\n<meta name=\"twitter:card\" content=\"summary_large_image\" \/>\n<meta name=\"twitter:label1\" content=\"Gesch\u00e4tzte Lesezeit\" \/>\n\t<meta name=\"twitter:data1\" content=\"3\u00a0Minuten\" \/>\n<script type=\"application\/ld+json\" class=\"yoast-schema-graph\">{\"@context\":\"https:\\\/\\\/schema.org\",\"@graph\":[{\"@type\":\"WebPage\",\"@id\":\"https:\\\/\\\/skinway.de\\\/?page_id=501\",\"url\":\"https:\\\/\\\/skinway.de\\\/?page_id=501\",\"name\":\"Anti-Age Treatments - SKINWAY\",\"isPartOf\":{\"@id\":\"https:\\\/\\\/skinway.de\\\/#website\"},\"primaryImageOfPage\":{\"@id\":\"https:\\\/\\\/skinway.de\\\/?page_id=501#primaryimage\"},\"image\":{\"@id\":\"https:\\\/\\\/skinway.de\\\/?page_id=501#primaryimage\"},\"thumbnailUrl\":\"https:\\\/\\\/skinway.de\\\/wp-content\\\/uploads\\\/2021\\\/05\\\/2.jpg\",\"datePublished\":\"2021-04-28T15:44:34+00:00\",\"dateModified\":\"2024-06-28T03:43:45+00:00\",\"description\":\"Anti-Age - Bei SKINWAY gibt es ein besseres Hautgef\u00fchl mit Langzeitwirkung. Wer seine Haut mal wieder bis in Schwung bringen m\u00f6chte der\",\"breadcrumb\":{\"@id\":\"https:\\\/\\\/skinway.de\\\/?page_id=501#breadcrumb\"},\"inLanguage\":\"de\",\"potentialAction\":[{\"@type\":\"ReadAction\",\"target\":[\"https:\\\/\\\/skinway.de\\\/?page_id=501\"]}]},{\"@type\":\"ImageObject\",\"inLanguage\":\"de\",\"@id\":\"https:\\\/\\\/skinway.de\\\/?page_id=501#primaryimage\",\"url\":\"https:\\\/\\\/skinway.de\\\/wp-content\\\/uploads\\\/2021\\\/05\\\/2.jpg\",\"contentUrl\":\"https:\\\/\\\/skinway.de\\\/wp-content\\\/uploads\\\/2021\\\/05\\\/2.jpg\",\"width\":1800,\"height\":1200},{\"@type\":\"BreadcrumbList\",\"@id\":\"https:\\\/\\\/skinway.de\\\/?page_id=501#breadcrumb\",\"itemListElement\":[{\"@type\":\"ListItem\",\"position\":1,\"name\":\"Startseite\",\"item\":\"https:\\\/\\\/skinway.de\\\/\"},{\"@type\":\"ListItem\",\"position\":2,\"name\":\"Anti-Age Treatments\"}]},{\"@type\":\"WebSite\",\"@id\":\"https:\\\/\\\/skinway.de\\\/#website\",\"url\":\"https:\\\/\\\/skinway.de\\\/\",\"name\":\"SKINWAY\",\"description\":\"Organic &amp; Medical Beauty\",\"potentialAction\":[{\"@type\":\"SearchAction\",\"target\":{\"@type\":\"EntryPoint\",\"urlTemplate\":\"https:\\\/\\\/skinway.de\\\/?s={search_term_string}\"},\"query-input\":{\"@type\":\"PropertyValueSpecification\",\"valueRequired\":true,\"valueName\":\"search_term_string\"}}],\"inLanguage\":\"de\"}]}<\/script>\n<!-- \/ Yoast SEO plugin. -->","yoast_head_json":{"title":"Anti-Age Treatments - SKINWAY","description":"Anti-Age - Bei SKINWAY gibt es ein besseres Hautgef\u00fchl mit Langzeitwirkung. Wer seine Haut mal wieder bis in Schwung bringen m\u00f6chte der","robots":{"index":"index","follow":"follow","max-snippet":"max-snippet:-1","max-image-preview":"max-image-preview:large","max-video-preview":"max-video-preview:-1"},"canonical":"https:\/\/skinway.de\/?page_id=501","og_locale":"de_DE","og_type":"article","og_title":"Anti-Age Treatments - SKINWAY","og_description":"Anti-Age - Bei SKINWAY gibt es ein besseres Hautgef\u00fchl mit Langzeitwirkung. Wer seine Haut mal wieder bis in Schwung bringen m\u00f6chte der","og_url":"https:\/\/skinway.de\/?page_id=501","og_site_name":"SKINWAY","article_modified_time":"2024-06-28T03:43:45+00:00","og_image":[{"width":1800,"height":1200,"url":"https:\/\/skinway.de\/wp-content\/uploads\/2021\/05\/2.jpg","type":"image\/jpeg"}],"twitter_card":"summary_large_image","twitter_misc":{"Gesch\u00e4tzte Lesezeit":"3\u00a0Minuten"},"schema":{"@context":"https:\/\/schema.org","@graph":[{"@type":"WebPage","@id":"https:\/\/skinway.de\/?page_id=501","url":"https:\/\/skinway.de\/?page_id=501","name":"Anti-Age Treatments - SKINWAY","isPartOf":{"@id":"https:\/\/skinway.de\/#website"},"primaryImageOfPage":{"@id":"https:\/\/skinway.de\/?page_id=501#primaryimage"},"image":{"@id":"https:\/\/skinway.de\/?page_id=501#primaryimage"},"thumbnailUrl":"https:\/\/skinway.de\/wp-content\/uploads\/2021\/05\/2.jpg","datePublished":"2021-04-28T15:44:34+00:00","dateModified":"2024-06-28T03:43:45+00:00","description":"Anti-Age - Bei SKINWAY gibt es ein besseres Hautgef\u00fchl mit Langzeitwirkung. Wer seine Haut mal wieder bis in Schwung bringen m\u00f6chte der","breadcrumb":{"@id":"https:\/\/skinway.de\/?page_id=501#breadcrumb"},"inLanguage":"de","potentialAction":[{"@type":"ReadAction","target":["https:\/\/skinway.de\/?page_id=501"]}]},{"@type":"ImageObject","inLanguage":"de","@id":"https:\/\/skinway.de\/?page_id=501#primaryimage","url":"https:\/\/skinway.de\/wp-content\/uploads\/2021\/05\/2.jpg","contentUrl":"https:\/\/skinway.de\/wp-content\/uploads\/2021\/05\/2.jpg","width":1800,"height":1200},{"@type":"BreadcrumbList","@id":"https:\/\/skinway.de\/?page_id=501#breadcrumb","itemListElement":[{"@type":"ListItem","position":1,"name":"Startseite","item":"https:\/\/skinway.de\/"},{"@type":"ListItem","position":2,"name":"Anti-Age Treatments"}]},{"@type":"WebSite","@id":"https:\/\/skinway.de\/#website","url":"https:\/\/skinway.de\/","name":"SKINWAY","description":"Organic &amp; Medical Beauty","potentialAction":[{"@type":"SearchAction","target":{"@type":"EntryPoint","urlTemplate":"https:\/\/skinway.de\/?s={search_term_string}"},"query-input":{"@type":"PropertyValueSpecification","valueRequired":true,"valueName":"search_term_string"}}],"inLanguage":"de"}]}},"_links":{"self":[{"href":"https:\/\/skinway.de\/index.php?rest_route=\/wp\/v2\/pages\/501","targetHints":{"allow":["GET"]}}],"collection":[{"href":"https:\/\/skinway.de\/index.php?rest_route=\/wp\/v2\/pages"}],"about":[{"href":"https:\/\/skinway.de\/index.php?rest_route=\/wp\/v2\/types\/page"}],"author":[{"embeddable":true,"href":"https:\/\/skinway.de\/index.php?rest_route=\/wp\/v2\/users\/1"}],"replies":[{"embeddable":true,"href":"https:\/\/skinway.de\/index.php?rest_route=%2Fwp%2Fv2%2Fcomments&post=501"}],"version-history":[{"count":15,"href":"https:\/\/skinway.de\/index.php?rest_route=\/wp\/v2\/pages\/501\/revisions"}],"predecessor-version":[{"id":933,"href":"https:\/\/skinway.de\/index.php?rest_route=\/wp\/v2\/pages\/501\/revisions\/933"}],"wp:featuredmedia":[{"embeddable":true,"href":"https:\/\/skinway.de\/index.php?rest_route=\/wp\/v2\/media\/548"}],"wp:attachment":[{"href":"https:\/\/skinway.de\/index.php?rest_route=%2Fwp%2Fv2%2Fmedia&parent=501"}],"curies":[{"name":"wp","href":"https:\/\/api.w.org\/{rel}","templated":true}]}}