{"id":51,"date":"2021-04-08T14:42:10","date_gmt":"2021-04-08T12:42:10","guid":{"rendered":"https:\/\/skinway.de\/?page_id=51"},"modified":"2024-06-25T05:16:48","modified_gmt":"2024-06-25T03:16:48","slug":"koerper","status":"publish","type":"page","link":"https:\/\/skinway.de\/?page_id=51","title":{"rendered":"K\u00f6rper"},"content":{"rendered":"<h1>SKINWAY<br \/>#k\u00f6rper<\/h1>\n<p><img decoding=\"async\" src=\"\/wp-content\/uploads\/2021\/04\/11.png\" alt=\"\"><\/p>\n<ul>\n<li>\n<h3>R\u00fccken-Ausreinigung <br \/>ca. 60 min. 120 Euro<\/h3>\n<div>\n<p><span style=\"color: black;\">Dieser Service beinhaltet: Reinigung, <em>Enzym-Peeling, manuelle Ausreinigung, Desinfektion, Wirkstoffkonzentrat, Abschlusspflege.<\/em><o:p><\/o:p><\/span><\/p>\n<\/div>\n<p><a href=\"https:\/\/buchung.treatwell.de\/ort\/skinway-organic-medical-beauty\/\">Termin buchen<\/a><\/p>\n<\/li>\n<li>\n<h3>LPG Anti-Cellulite Lipo-Massage<br \/>ca. 45 min. 115 Euro<\/h3>\n<div>\n<p>Du willst den l\u00e4stigen Problemzonen an deinem K\u00f6rper schon lange den Kampf ansagen? Mit dieser Technologie klappt es bestimmt! Die Endermologie Lipo-Massage ist ein Massagesystem, bei dem Fettpolster mit einem Anti-Cellulite-, Straffungs- und Drainageger\u00e4t behandelt werden. Das Ger\u00e4t mit zwei Rollen wird von einem Spezialisten mit verschiedenen Bewegungen und Geschwindigkeiten sowie Druckintensit\u00e4ten an den gew\u00fcnschten K\u00f6rperzonen angewandt, z.B. Oberschenkel, Ges\u00e4\u00df, Taille, etc. Dauer der Behandlungen &#8211; 30 min, oder 45 min. inkl.\u00a0\u00a0An-Ausziehzeit.<\/p>\n<\/div>\n<p><a href=\"https:\/\/buchung.treatwell.de\/ort\/skinway-organic-medical-beauty\/\">Termin buchen<\/a><\/p>\n<\/li>\n<\/ul>\n<p><!--more--><br \/>\n<!-- {\"name\":\"Couperose Vorlage ohne Bild oben\",\"type\":\"layout\",\"children\":[{\"type\":\"section\",\"props\":{\"style\":\"default\",\"width\":\"\",\"vertical_align\":\"middle\",\"title_position\":\"top-left\",\"title_rotation\":\"left\",\"title_breakpoint\":\"xl\",\"image_position\":\"center-center\",\"padding_remove_bottom\":true,\"animation\":\"fade\",\"overlap\":false,\"padding_remove_top\":false,\"padding\":\"large\"},\"children\":[{\"type\":\"row\",\"children\":[{\"type\":\"column\",\"props\":{\"image_position\":\"center-center\",\"media_overlay_gradient\":\"\",\"width_medium\":\"1-1\"},\"children\":[{\"name\":\"\",\"type\":\"headline\",\"props\":{\"title_element\":\"h1\",\"title_style\":\"heading-small\",\"text_align\":\"left\",\"content\":\"SKINWAY<br \\\/>#k\\u00f6rper\",\"animation\":\"none\"}}]}],\"props\":{\"width\":\"xlarge\",\"margin_remove_top\":true}},{\"type\":\"row\",\"props\":{\"layout\":\"1-3,2-3\",\"margin\":\"large\",\"column_gap\":\"large\",\"width\":\"xlarge\"},\"children\":[{\"type\":\"column\",\"props\":{\"image_position\":\"center-center\",\"media_overlay_gradient\":\"\",\"width_medium\":\"1-3\"},\"children\":[{\"type\":\"image\",\"props\":{\"margin\":\"default\",\"image_svg_color\":\"emphasis\",\"image\":\"wp-content\\\/uploads\\\/2021\\\/04\\\/11.png\",\"image_width\":\"500\"}}]},{\"type\":\"column\",\"props\":{\"image_position\":\"center-center\",\"media_overlay_gradient\":\"\",\"width_medium\":\"2-3\",\"vertical_align\":\"middle\"},\"children\":[{\"type\":\"accordion\",\"props\":{\"show_image\":true,\"show_link\":true,\"collapsible\":true,\"content_column_breakpoint\":\"m\",\"image_svg_color\":\"emphasis\",\"image_align\":\"top\",\"image_grid_width\":\"1-2\",\"image_grid_breakpoint\":\"m\",\"link_text\":\"Termin buchen\",\"link_style\":\"primary\",\"text_align\":\"center\"},\"children\":[{\"type\":\"accordion_item\",\"props\":{\"title\":\"R\\u00fccken-Ausreinigung <br \/>ca. 60 min. 120 Euro\",\"content\":\"\n\n<p><span style=\\\"color: black;\\\">Dieser Service beinhaltet: Reinigung, <em>Enzym-Peeling, manuelle Ausreinigung, Desinfektion, Wirkstoffkonzentrat, Abschlusspflege.<\\\/em><o:p><\\\/o:p><\\\/span><\\\/p>\",\"link\":\"https:\\\/\\\/buchung.treatwell.de\\\/ort\\\/skinway-organic-medical-beauty\\\/\"}},{\"type\":\"accordion_item\",\"props\":{\"title\":\"LPG Anti-Cellulite Lipo-Massage<br \/>ca. 45 min. 115 Euro\",\"content\":\"\n\n<p>Du willst den l\\u00e4stigen Problemzonen an deinem K\\u00f6rper schon lange den Kampf ansagen? Mit dieser Technologie klappt es bestimmt! Die Endermologie Lipo-Massage ist ein Massagesystem, bei dem Fettpolster mit einem Anti-Cellulite-, Straffungs- und Drainageger\\u00e4t behandelt werden. Das Ger\\u00e4t mit zwei Rollen wird von einem Spezialisten mit verschiedenen Bewegungen und Geschwindigkeiten sowie Druckintensit\\u00e4ten an den gew\\u00fcnschten K\\u00f6rperzonen angewandt, z.B. Oberschenkel, Ges\\u00e4\\u00df, Taille, etc. Dauer der Behandlungen - 30 min, oder 45 min. inkl.\\u00a0\\u00a0An-Ausziehzeit.<\\\/p>\",\"link\":\"https:\\\/\\\/buchung.treatwell.de\\\/ort\\\/skinway-organic-medical-beauty\\\/\"}}]}]}]}],\"name\":\"Benefits\"},{\"type\":\"section\",\"props\":{\"style\":\"default\",\"width\":\"default\",\"vertical_align\":\"middle\",\"title_position\":\"top-left\",\"title_rotation\":\"left\",\"title_breakpoint\":\"xl\",\"image_position\":\"center-center\"},\"children\":[{\"type\":\"row\",\"children\":[{\"type\":\"column\",\"props\":{\"image_position\":\"center-center\",\"media_overlay_gradient\":\"\"},\"children\":[]}]}]}],\"version\":\"2.4.9\"} --><\/p>\n","protected":false},"excerpt":{"rendered":"<p>SKINWAY#k\u00f6rper R\u00fccken-Ausreinigung ca. 60 min. 120 Euro Dieser Service beinhaltet: Reinigung, Enzym-Peeling, manuelle Ausreinigung, Desinfektion, Wirkstoffkonzentrat, Abschlusspflege. Termin buchen LPG Anti-Cellulite Lipo-Massageca. 45 min. 115 Euro Du willst den l\u00e4stigen Problemzonen an deinem K\u00f6rper schon lange den Kampf ansagen? Mit dieser Technologie klappt es bestimmt! Die Endermologie Lipo-Massage ist ein Massagesystem, bei dem Fettpolster mit [&hellip;]<\/p>\n","protected":false},"author":1,"featured_media":79,"parent":0,"menu_order":0,"comment_status":"closed","ping_status":"closed","template":"","meta":{"footnotes":""},"class_list":["post-51","page","type-page","status-publish","has-post-thumbnail","hentry"],"yoast_head":"<!-- This site is optimized with the Yoast SEO plugin v27.5 - https:\/\/yoast.com\/product\/yoast-seo-wordpress\/ -->\n<title>K\u00f6rper - SKINWAY | Organic &amp; Medical Beauty<\/title>\n<meta name=\"description\" content=\"K\u00f6rper -Die Ultraschall-Behandlung f\u00fcr die Problemzonen am K\u00f6rper zur Festigung und Straffung des Gewebes. Es entsteht eine effektive\" \/>\n<meta name=\"robots\" content=\"index, follow, max-snippet:-1, max-image-preview:large, max-video-preview:-1\" \/>\n<link rel=\"canonical\" href=\"https:\/\/skinway.de\/?page_id=51\" \/>\n<meta property=\"og:locale\" content=\"de_DE\" \/>\n<meta property=\"og:type\" content=\"article\" \/>\n<meta property=\"og:title\" content=\"K\u00f6rper - SKINWAY | Organic &amp; Medical Beauty\" \/>\n<meta property=\"og:description\" content=\"K\u00f6rper -Die Ultraschall-Behandlung f\u00fcr die Problemzonen am K\u00f6rper zur Festigung und Straffung des Gewebes. Es entsteht eine effektive\" \/>\n<meta property=\"og:url\" content=\"https:\/\/skinway.de\/?page_id=51\" \/>\n<meta property=\"og:site_name\" content=\"SKINWAY\" \/>\n<meta property=\"article:modified_time\" content=\"2024-06-25T03:16:48+00:00\" \/>\n<meta property=\"og:image\" content=\"https:\/\/skinway.de\/wp-content\/uploads\/2021\/04\/11.png\" \/>\n\t<meta property=\"og:image:width\" content=\"1800\" \/>\n\t<meta property=\"og:image:height\" content=\"1200\" \/>\n\t<meta property=\"og:image:type\" content=\"image\/png\" \/>\n<meta name=\"twitter:card\" content=\"summary_large_image\" \/>\n<meta name=\"twitter:label1\" content=\"Gesch\u00e4tzte Lesezeit\" \/>\n\t<meta name=\"twitter:data1\" content=\"2\u00a0Minuten\" \/>\n<script type=\"application\/ld+json\" class=\"yoast-schema-graph\">{\"@context\":\"https:\\\/\\\/schema.org\",\"@graph\":[{\"@type\":\"WebPage\",\"@id\":\"https:\\\/\\\/skinway.de\\\/?page_id=51\",\"url\":\"https:\\\/\\\/skinway.de\\\/?page_id=51\",\"name\":\"K\u00f6rper - SKINWAY | Organic & Medical Beauty\",\"isPartOf\":{\"@id\":\"https:\\\/\\\/skinway.de\\\/#website\"},\"primaryImageOfPage\":{\"@id\":\"https:\\\/\\\/skinway.de\\\/?page_id=51#primaryimage\"},\"image\":{\"@id\":\"https:\\\/\\\/skinway.de\\\/?page_id=51#primaryimage\"},\"thumbnailUrl\":\"https:\\\/\\\/skinway.de\\\/wp-content\\\/uploads\\\/2021\\\/04\\\/11.png\",\"datePublished\":\"2021-04-08T12:42:10+00:00\",\"dateModified\":\"2024-06-25T03:16:48+00:00\",\"description\":\"K\u00f6rper -Die Ultraschall-Behandlung f\u00fcr die Problemzonen am K\u00f6rper zur Festigung und Straffung des Gewebes. Es entsteht eine effektive\",\"breadcrumb\":{\"@id\":\"https:\\\/\\\/skinway.de\\\/?page_id=51#breadcrumb\"},\"inLanguage\":\"de\",\"potentialAction\":[{\"@type\":\"ReadAction\",\"target\":[\"https:\\\/\\\/skinway.de\\\/?page_id=51\"]}]},{\"@type\":\"ImageObject\",\"inLanguage\":\"de\",\"@id\":\"https:\\\/\\\/skinway.de\\\/?page_id=51#primaryimage\",\"url\":\"https:\\\/\\\/skinway.de\\\/wp-content\\\/uploads\\\/2021\\\/04\\\/11.png\",\"contentUrl\":\"https:\\\/\\\/skinway.de\\\/wp-content\\\/uploads\\\/2021\\\/04\\\/11.png\",\"width\":1800,\"height\":1200,\"caption\":\"Skinway - Organic & Medical Beauty\"},{\"@type\":\"BreadcrumbList\",\"@id\":\"https:\\\/\\\/skinway.de\\\/?page_id=51#breadcrumb\",\"itemListElement\":[{\"@type\":\"ListItem\",\"position\":1,\"name\":\"Startseite\",\"item\":\"https:\\\/\\\/skinway.de\\\/\"},{\"@type\":\"ListItem\",\"position\":2,\"name\":\"K\u00f6rper\"}]},{\"@type\":\"WebSite\",\"@id\":\"https:\\\/\\\/skinway.de\\\/#website\",\"url\":\"https:\\\/\\\/skinway.de\\\/\",\"name\":\"SKINWAY\",\"description\":\"Organic &amp; Medical Beauty\",\"potentialAction\":[{\"@type\":\"SearchAction\",\"target\":{\"@type\":\"EntryPoint\",\"urlTemplate\":\"https:\\\/\\\/skinway.de\\\/?s={search_term_string}\"},\"query-input\":{\"@type\":\"PropertyValueSpecification\",\"valueRequired\":true,\"valueName\":\"search_term_string\"}}],\"inLanguage\":\"de\"}]}<\/script>\n<!-- \/ Yoast SEO plugin. -->","yoast_head_json":{"title":"K\u00f6rper - SKINWAY | Organic & Medical Beauty","description":"K\u00f6rper -Die Ultraschall-Behandlung f\u00fcr die Problemzonen am K\u00f6rper zur Festigung und Straffung des Gewebes. Es entsteht eine effektive","robots":{"index":"index","follow":"follow","max-snippet":"max-snippet:-1","max-image-preview":"max-image-preview:large","max-video-preview":"max-video-preview:-1"},"canonical":"https:\/\/skinway.de\/?page_id=51","og_locale":"de_DE","og_type":"article","og_title":"K\u00f6rper - SKINWAY | Organic & Medical Beauty","og_description":"K\u00f6rper -Die Ultraschall-Behandlung f\u00fcr die Problemzonen am K\u00f6rper zur Festigung und Straffung des Gewebes. Es entsteht eine effektive","og_url":"https:\/\/skinway.de\/?page_id=51","og_site_name":"SKINWAY","article_modified_time":"2024-06-25T03:16:48+00:00","og_image":[{"width":1800,"height":1200,"url":"https:\/\/skinway.de\/wp-content\/uploads\/2021\/04\/11.png","type":"image\/png"}],"twitter_card":"summary_large_image","twitter_misc":{"Gesch\u00e4tzte Lesezeit":"2\u00a0Minuten"},"schema":{"@context":"https:\/\/schema.org","@graph":[{"@type":"WebPage","@id":"https:\/\/skinway.de\/?page_id=51","url":"https:\/\/skinway.de\/?page_id=51","name":"K\u00f6rper - SKINWAY | Organic & Medical Beauty","isPartOf":{"@id":"https:\/\/skinway.de\/#website"},"primaryImageOfPage":{"@id":"https:\/\/skinway.de\/?page_id=51#primaryimage"},"image":{"@id":"https:\/\/skinway.de\/?page_id=51#primaryimage"},"thumbnailUrl":"https:\/\/skinway.de\/wp-content\/uploads\/2021\/04\/11.png","datePublished":"2021-04-08T12:42:10+00:00","dateModified":"2024-06-25T03:16:48+00:00","description":"K\u00f6rper -Die Ultraschall-Behandlung f\u00fcr die Problemzonen am K\u00f6rper zur Festigung und Straffung des Gewebes. Es entsteht eine effektive","breadcrumb":{"@id":"https:\/\/skinway.de\/?page_id=51#breadcrumb"},"inLanguage":"de","potentialAction":[{"@type":"ReadAction","target":["https:\/\/skinway.de\/?page_id=51"]}]},{"@type":"ImageObject","inLanguage":"de","@id":"https:\/\/skinway.de\/?page_id=51#primaryimage","url":"https:\/\/skinway.de\/wp-content\/uploads\/2021\/04\/11.png","contentUrl":"https:\/\/skinway.de\/wp-content\/uploads\/2021\/04\/11.png","width":1800,"height":1200,"caption":"Skinway - Organic & Medical Beauty"},{"@type":"BreadcrumbList","@id":"https:\/\/skinway.de\/?page_id=51#breadcrumb","itemListElement":[{"@type":"ListItem","position":1,"name":"Startseite","item":"https:\/\/skinway.de\/"},{"@type":"ListItem","position":2,"name":"K\u00f6rper"}]},{"@type":"WebSite","@id":"https:\/\/skinway.de\/#website","url":"https:\/\/skinway.de\/","name":"SKINWAY","description":"Organic &amp; Medical Beauty","potentialAction":[{"@type":"SearchAction","target":{"@type":"EntryPoint","urlTemplate":"https:\/\/skinway.de\/?s={search_term_string}"},"query-input":{"@type":"PropertyValueSpecification","valueRequired":true,"valueName":"search_term_string"}}],"inLanguage":"de"}]}},"_links":{"self":[{"href":"https:\/\/skinway.de\/index.php?rest_route=\/wp\/v2\/pages\/51","targetHints":{"allow":["GET"]}}],"collection":[{"href":"https:\/\/skinway.de\/index.php?rest_route=\/wp\/v2\/pages"}],"about":[{"href":"https:\/\/skinway.de\/index.php?rest_route=\/wp\/v2\/types\/page"}],"author":[{"embeddable":true,"href":"https:\/\/skinway.de\/index.php?rest_route=\/wp\/v2\/users\/1"}],"replies":[{"embeddable":true,"href":"https:\/\/skinway.de\/index.php?rest_route=%2Fwp%2Fv2%2Fcomments&post=51"}],"version-history":[{"count":25,"href":"https:\/\/skinway.de\/index.php?rest_route=\/wp\/v2\/pages\/51\/revisions"}],"predecessor-version":[{"id":923,"href":"https:\/\/skinway.de\/index.php?rest_route=\/wp\/v2\/pages\/51\/revisions\/923"}],"wp:featuredmedia":[{"embeddable":true,"href":"https:\/\/skinway.de\/index.php?rest_route=\/wp\/v2\/media\/79"}],"wp:attachment":[{"href":"https:\/\/skinway.de\/index.php?rest_route=%2Fwp%2Fv2%2Fmedia&parent=51"}],"curies":[{"name":"wp","href":"https:\/\/api.w.org\/{rel}","templated":true}]}}