{"id":54,"date":"2021-04-08T14:42:37","date_gmt":"2021-04-08T12:42:37","guid":{"rendered":"https:\/\/skinway.de\/?page_id=54"},"modified":"2024-06-27T15:20:37","modified_gmt":"2024-06-27T13:20:37","slug":"spezial-offers","status":"publish","type":"page","link":"https:\/\/skinway.de\/?page_id=54","title":{"rendered":"Spezial Offers"},"content":{"rendered":"<p><img decoding=\"async\" src=\"\/wp-content\/uploads\/2021\/04\/7.png\" alt=\"\"><\/p>\n<h1>SKINWAY<br \/>#specialoffers<\/h1>\n<div>\n<p>        <img decoding=\"async\" src=\"\/wp-content\/uploads\/2021\/04\/3.png\" alt=\"\"><\/p>\n<div>\n<div class=\"ts-box-icon-title-holder\">\n<h3 class=\"ts-box-icon-title-text\">All in One Special ca. 60 min. 135\u20ac<\/h3>\n<\/div>\n<div class=\"ts-icon-box-content\">\n<p class=\"oneComWebmail-ts-box-icon-title-text\">Eine klassische Gesichtsbehandlung\u00a0f\u00fcr Gesicht, Hals &amp; D\u00e9collet\u00e9:\u00a0<br class=\"\" \/>Reinigung, Peeling, Wirkstoffkonzentrat, Maske und entspannende Gesichtsmassage. Auswahl von dermo-kosmetischen Behandlungsprodukten findet nach Hautzustand statt. Ausreinigung, Augenbrauenkorrektur sowie das F\u00e4rben von Wimpern &amp; Augenbrauen sind inkludiert.\u00a0<\/p>\n<\/div>\n<\/div>\n<p><a href=\"https:\/\/buchung.treatwell.de\/ort\/skinway-organic-medical-beauty\/\">Termin buchen<\/a><\/p>\n<\/div>\n<div>\n<p>        <img decoding=\"async\" src=\"\/wp-content\/uploads\/2021\/04\/6.png\" alt=\"SkinWay Organic &#038; Medical Beauty\"><\/p>\n<div>\n<div class=\"ts-box-icon-title-holder\">\n<h3 class=\"ts-box-icon-title-text\">Nano-Needling oder Intra Skin Infusion 3-er Kur je.<br \/>ca. 60 min. 420\u20ac<\/h3>\n<div><\/div>\n<\/div>\n<div class=\"ts-icon-box-content\">\n<div class=\"\"><span class=\"\"><\/span><\/p>\n<p>Das nano-Needling ist eine schonende Methode gegen Hautalterung vorzugehen. Mit feinen Nadeln wird in die Haut ein speziell abgestimmter Wirkstoff injiziert.<\/p>\n<\/p>\n<p>Die Intra Skin Infusion Behandlung wirkt sowohl gegen den Verlust der Kontur, als auch zur Milderung von F\u00e4ltchen und Falten. Perfekt zur gezielten Bek\u00e4mpfung von Augenringen und Augenschatten.<\/p>\n<\/p>\n<p>Die Haut ist danach deutlich glatter und ebenm\u00e4\u00dfiger.\u00a0Diese gezielten Anwendungen stimulieren die Zellteilung und st\u00e4rkt die Widerstandskraft Ihrer Haut nachhaltig \u2013 f\u00fcr ein rosiges, feinporiges, glattes Aussehen. Soforteffekt schon der ersten Behandlung und Langzeiteffekt bei kurativer Anwendung.<\/p>\n<\/div>\n<\/div>\n<\/div>\n<p><a href=\"https:\/\/buchung.treatwell.de\/ort\/skinway-organic-medical-beauty\/\">Termin buchen<\/a><\/p>\n<\/div>\n<div>\n<p>        <img decoding=\"async\" src=\"\/wp-content\/uploads\/2021\/05\/2.2.jpg\" alt=\"Skinway - Organic &#038; Medical Beauty\"><\/p>\n<div>\n<h3>Micro-Needling 3-er Kur je. <br \/>ca. 60 min. 510\u20ac<\/h3>\n<p>Die gezielte Anwendung f\u00fcr Gesicht &amp; Hals stimuliert die Zellteilung uns st\u00e4rkt die Widerstandskraft Ihrer Haut nachhaltig \u2013 f\u00fcr ein rosiges, feinporiges, glattes Aussehen. Soforteffekt schon nach der ersten Behandlung und Langzeiteffekt bei kurativer Anwendung.<\/p>\n<\/div>\n<p><a href=\"https:\/\/buchung.treatwell.de\/ort\/skinway-organic-medical-beauty\/\">Termin buchen<\/a><\/p>\n<\/div>\n<div>SKINWAY<br \/>ORGANIC &amp; MEDICAL BEAUTY<\/div>\n<h2>Das wertvollste<br class=\"uk-visible@m\" \/>Accessoire, unsere Haut.<\/h2>\n<div>\n<p>F\u00e4llt es Ihnen manchmal schwer, die richtige Pflege f\u00fcr Ihre Haut zu finden? Haben Sie schon immer nach einer optimalen Pflegel\u00f6sung mit Langzeitwirkung gesucht?<\/p>\n<p>Ich biete Ihnen \u2013 professionell und leidenschaftlich \u2013 ein komplettes Hautpflegesystem, das sich seit Langem in der Kosmetologie bew\u00e4hrt hat. Haben Sie Fragen, rufen Sie mich gerne an. <\/p>\n<\/div>\n<p>\n    <a href=\"\/kontakt\/\">KONTAKT<\/a>\n<\/p>\n<p><img decoding=\"async\" src=\"\/wp-content\/uploads\/2021\/04\/3.png\" alt=\"SkinWay\"><\/p>\n<h2><strong>ONLINE SHOP<\/strong><br \/>REVIDERM<\/h2>\n<div>Hier gelangen Sie zum offiziellen REVIDERM Online-Shop. F\u00fcr die Inhalte des Shops bin nicht ich, Irina Bergmayr als Betreiberin des REVIDERM-Instituts Skinway, verantwortlich. Vielmehr wird der Online-Shop von der REVIDERM AG betrieben, die f\u00fcr die Inhalte des Online-Shops allein verantwortlich ist.<\/div>\n<p>\n    <a href=\"https:\/\/www.reviderm.com\/\">ONLINE SHOP<\/a>\n<\/p>\n<p><!--more--><br \/>\n<!-- {\"name\":\"Spezia offers\",\"type\":\"layout\",\"children\":[{\"type\":\"section\",\"props\":{\"style\":\"default\",\"width\":\"\",\"vertical_align\":\"middle\",\"title_position\":\"top-left\",\"title_rotation\":\"left\",\"title_breakpoint\":\"xl\",\"image_position\":\"center-center\",\"padding\":\"large\",\"padding_remove_bottom\":true,\"animation\":\"fade\",\"overlap\":false,\"padding_remove_top\":false},\"children\":[{\"type\":\"row\",\"props\":{\"class\":\"\",\"margin\":\"remove-vertical\"},\"children\":[{\"type\":\"column\",\"props\":{\"image_position\":\"center-center\",\"media_overlay_gradient\":\"\",\"width_medium\":\"1-1\"},\"children\":[{\"type\":\"image\",\"props\":{\"margin\":\"default\",\"image_svg_color\":\"emphasis\",\"image\":\"wp-content\\\/uploads\\\/2021\\\/04\\\/7.png\",\"image_svg_inline\":true,\"image_width\":\"570\",\"position\":\"absolute\",\"position_top\":\"-110\",\"text_align\":\"right\",\"position_z_index\":\"0\",\"css\":\".el-image { max-width: 27vw; }\",\"visibility\":\"m\",\"position_right\":\"-130\",\"image_height\":\"370\",\"animation\":\"slide-right-small\"},\"modified\":\"2021-01-11T14:50:55.084Z\",\"name\":\"\"}]}]},{\"type\":\"row\",\"children\":[{\"type\":\"column\",\"props\":{\"image_position\":\"center-center\",\"media_overlay_gradient\":\"\",\"width_medium\":\"1-1\"},\"children\":[{\"name\":\"\",\"type\":\"headline\",\"props\":{\"title_element\":\"h1\",\"title_style\":\"heading-small\",\"text_align\":\"left\",\"content\":\"SKINWAY<br \\\/>#specialoffers\",\"animation\":\"none\",\"margin_remove_top\":true}}]}],\"props\":{\"width\":\"xlarge\",\"margin_remove_top\":true}},{\"type\":\"row\",\"props\":{\"layout\":\"2-3,1-3\",\"margin\":\"large\",\"column_gap\":\"large\",\"width\":\"xlarge\"},\"children\":[{\"type\":\"column\",\"props\":{\"image_position\":\"center-center\",\"media_overlay_gradient\":\"\",\"width_medium\":\"2-3\"},\"children\":[{\"type\":\"panel\",\"props\":{\"link_text\":\"Termin buchen\",\"title_hover_style\":\"reset\",\"title_element\":\"h3\",\"title_align\":\"top\",\"title_grid_width\":\"1-2\",\"title_grid_breakpoint\":\"m\",\"meta_style\":\"meta\",\"meta_align\":\"below-title\",\"meta_element\":\"div\",\"content_column_breakpoint\":\"m\",\"icon_width\":80,\"image_align\":\"left\",\"image_grid_width\":\"1-4\",\"image_grid_breakpoint\":\"m\",\"image_svg_color\":\"emphasis\",\"link_style\":\"default\",\"margin\":\"default\",\"content\":\"\n\n<div class=\\\"ts-box-icon-title-holder\\\">\\n\n\n<h3 class=\\\"ts-box-icon-title-text\\\">All in One Special ca. 60 min. 135\\u20ac<\\\/h3>\\n<\\\/div>\\n\n\n<div class=\\\"ts-icon-box-content\\\">\\n\n\n<p class=\\\"oneComWebmail-ts-box-icon-title-text\\\">Eine klassische Gesichtsbehandlung\\u00a0f\\u00fcr Gesicht, Hals &amp; D\\u00e9collet\\u00e9:\\u00a0<br class=\\\"\\\" \\\/>Reinigung, Peeling, Wirkstoffkonzentrat, Maske und entspannende Gesichtsmassage. Auswahl von dermo-kosmetischen Behandlungsprodukten findet nach Hautzustand statt. Ausreinigung, Augenbrauenkorrektur sowie das F\\u00e4rben von Wimpern &amp; Augenbrauen sind inkludiert.\\u00a0<\\\/p>\\n<\\\/div>\",\"panel_style\":\"card-primary\",\"image\":\"wp-content\\\/uploads\\\/2021\\\/04\\\/3.png\",\"image_border\":\"rounded\",\"link\":\"https:\\\/\\\/buchung.treatwell.de\\\/ort\\\/skinway-organic-medical-beauty\\\/\",\"link_target\":true}},{\"type\":\"panel\",\"props\":{\"link_text\":\"Termin buchen\",\"title_hover_style\":\"reset\",\"title_element\":\"h3\",\"title_align\":\"top\",\"title_grid_width\":\"1-2\",\"title_grid_breakpoint\":\"m\",\"meta_style\":\"meta\",\"meta_align\":\"below-title\",\"meta_element\":\"div\",\"content_column_breakpoint\":\"m\",\"icon_width\":80,\"image_align\":\"left\",\"image_grid_width\":\"1-4\",\"image_grid_breakpoint\":\"m\",\"image_svg_color\":\"emphasis\",\"link_style\":\"default\",\"margin\":\"default\",\"content\":\"\n\n<div class=\\\"ts-box-icon-title-holder\\\">\\n\n\n<h3 class=\\\"ts-box-icon-title-text\\\">Nano-Needling oder Intra Skin Infusion 3-er Kur je.<br \\\/>ca. 60 min. 420\\u20ac<\\\/h3>\\n\n\n<div><\\\/div>\\n<\\\/div>\\n\n\n<div class=\\\"ts-icon-box-content\\\">\\n\n\n<div class=\\\"\\\"><span class=\\\"\\\"><\\\/span>\\n\n\n<p>Das nano-Needling ist eine schonende Methode gegen Hautalterung vorzugehen. Mit feinen Nadeln wird in die Haut ein speziell abgestimmter Wirkstoff injiziert.<\\\/p>\\n\n\n<p><\\\/p>\\n\n\n<p>Die Intra Skin Infusion Behandlung wirkt sowohl gegen den Verlust der Kontur, als auch zur Milderung von F\\u00e4ltchen und Falten. Perfekt zur gezielten Bek\\u00e4mpfung von Augenringen und Augenschatten.<\\\/p>\\n\n\n<p><\\\/p>\\n\n\n<p>Die Haut ist danach deutlich glatter und ebenm\\u00e4\\u00dfiger.\\u00a0Diese gezielten Anwendungen stimulieren die Zellteilung und st\\u00e4rkt die Widerstandskraft Ihrer Haut nachhaltig \\u2013 f\\u00fcr ein rosiges, feinporiges, glattes Aussehen. Soforteffekt schon der ersten Behandlung und Langzeiteffekt bei kurativer Anwendung.<\\\/p>\\n<\\\/div>\\n<\\\/div>\",\"panel_style\":\"card-primary\",\"image\":\"wp-content\\\/uploads\\\/2021\\\/04\\\/6.png\",\"image_border\":\"rounded\",\"link\":\"https:\\\/\\\/buchung.treatwell.de\\\/ort\\\/skinway-organic-medical-beauty\\\/\",\"icon\":\"\",\"image_width\":\"900\",\"image_height\":\"600\",\"link_target\":true,\"image_alt\":\"SkinWay Organic & Medical Beauty\"}},{\"type\":\"panel\",\"props\":{\"link_text\":\"Termin buchen\",\"title_hover_style\":\"reset\",\"title_element\":\"h3\",\"title_align\":\"top\",\"title_grid_width\":\"1-2\",\"title_grid_breakpoint\":\"m\",\"meta_style\":\"meta\",\"meta_align\":\"below-title\",\"meta_element\":\"div\",\"content_column_breakpoint\":\"m\",\"icon_width\":80,\"image_align\":\"left\",\"image_grid_width\":\"1-4\",\"image_grid_breakpoint\":\"m\",\"image_svg_color\":\"emphasis\",\"link_style\":\"default\",\"margin\":\"default\",\"content\":\"\n\n<h3>Micro-Needling 3-er Kur je. <br \\\/>ca. 60 min. 510\\u20ac<\\\/h3>\\n\n\n<p>Die gezielte Anwendung f\\u00fcr Gesicht &amp; Hals stimuliert die Zellteilung uns st\\u00e4rkt die Widerstandskraft Ihrer Haut nachhaltig \\u2013 f\\u00fcr ein rosiges, feinporiges, glattes Aussehen. Soforteffekt schon nach der ersten Behandlung und Langzeiteffekt bei kurativer Anwendung.<\\\/p>\",\"panel_style\":\"card-primary\",\"image\":\"wp-content\\\/uploads\\\/2021\\\/05\\\/2.2.jpg\",\"image_border\":\"rounded\",\"link\":\"https:\\\/\\\/buchung.treatwell.de\\\/ort\\\/skinway-organic-medical-beauty\\\/\",\"icon\":\"\",\"image_width\":\"900\",\"image_height\":\"600\",\"image_alt\":\"Skinway - Organic & Medical Beauty\"}}]},{\"type\":\"column\",\"props\":{\"image_position\":\"center-center\",\"media_overlay_gradient\":\"\",\"width_medium\":\"1-3\",\"vertical_align\":\"middle\"},\"children\":[{\"type\":\"headline\",\"props\":{\"title_element\":\"div\",\"content\":\"SKINWAY<br \\\/>ORGANIC &amp; MEDICAL BEAUTY\",\"margin_remove_top\":false,\"margin\":\"small\",\"title_style\":\"h6\",\"title_color\":\"primary\",\"animation\":\"slide-top-small\"}},{\"type\":\"headline\",\"props\":{\"title_element\":\"h2\",\"content\":\"Das wertvollste<br class=\\\"uk-visible@m\\\" \\\/>Accessoire, unsere Haut.\",\"margin\":\"default\"}},{\"type\":\"text\",\"props\":{\"margin\":\"default\",\"column_breakpoint\":\"m\",\"content\":\"\n\n<p>F\\u00e4llt es Ihnen manchmal schwer, die richtige Pflege f\\u00fcr Ihre Haut zu finden? Haben Sie schon immer nach einer optimalen Pflegel\\u00f6sung mit Langzeitwirkung gesucht?<\\\/p>\\n\n\n<p>Ich biete Ihnen \\u2013 professionell und leidenschaftlich \\u2013 ein komplettes Hautpflegesystem, das sich seit Langem in der Kosmetologie bew\\u00e4hrt hat. Haben Sie Fragen, rufen Sie mich gerne an. <\\\/p>\"}},{\"type\":\"button\",\"props\":{\"grid_column_gap\":\"small\",\"grid_row_gap\":\"small\",\"margin\":\"default\"},\"children\":[{\"type\":\"button_item\",\"props\":{\"button_style\":\"primary\",\"icon_align\":\"left\",\"content\":\"KONTAKT\",\"link\":\"kontakt\\\/\",\"icon\":\"sign-out\",\"link_target\":\"blank\"}}]},{\"type\":\"image\",\"props\":{\"margin\":\"large\",\"image_svg_color\":\"emphasis\",\"image\":\"wp-content\\\/uploads\\\/2021\\\/04\\\/3.png\",\"margin_remove_bottom\":true,\"image_alt\":\"SkinWay\"}},{\"type\":\"headline\",\"props\":{\"title_element\":\"h2\",\"content\":\"<strong>ONLINE SHOP<\\\/strong><br \\\/>REVIDERM\",\"margin_remove_top\":false,\"margin\":\"default\",\"animation\":\"fade\"}},{\"type\":\"text\",\"props\":{\"margin\":\"default\",\"column_breakpoint\":\"m\",\"content\":\"Hier gelangen Sie zum offiziellen REVIDERM Online-Shop. F\\u00fcr die Inhalte des Shops bin nicht ich, Irina Bergmayr als Betreiberin des REVIDERM-Instituts Skinway, verantwortlich. Vielmehr wird der Online-Shop von der REVIDERM AG betrieben, die f\\u00fcr die Inhalte des Online-Shops allein verantwortlich ist.\",\"animation\":\"fade\"}},{\"type\":\"button\",\"props\":{\"grid_column_gap\":\"small\",\"grid_row_gap\":\"small\",\"margin\":\"default\"},\"children\":[{\"type\":\"button_item\",\"props\":{\"button_style\":\"primary\",\"icon_align\":\"left\",\"content\":\"ONLINE SHOP\",\"link\":\"https:\\\/\\\/www.reviderm.com\\\/\",\"icon\":\"sign-out\",\"link_target\":\"blank\"}}]}]}]}],\"name\":\"Benefits\"},{\"type\":\"section\",\"props\":{\"style\":\"default\",\"width\":\"default\",\"vertical_align\":\"middle\",\"title_position\":\"top-left\",\"title_rotation\":\"left\",\"title_breakpoint\":\"xl\",\"image_position\":\"center-center\"},\"children\":[{\"type\":\"row\",\"children\":[{\"type\":\"column\",\"props\":{\"image_position\":\"center-center\",\"media_overlay_gradient\":\"\"},\"children\":[]}]}]}],\"version\":\"2.4.9\"} --><\/p>\n","protected":false},"excerpt":{"rendered":"<p>SKINWAY#specialoffers All in One Special ca. 60 min. 135\u20ac Eine klassische Gesichtsbehandlung\u00a0f\u00fcr Gesicht, Hals &amp; D\u00e9collet\u00e9:\u00a0Reinigung, Peeling, Wirkstoffkonzentrat, Maske und entspannende Gesichtsmassage. Auswahl von dermo-kosmetischen Behandlungsprodukten findet nach Hautzustand statt. Ausreinigung, Augenbrauenkorrektur sowie das F\u00e4rben von Wimpern &amp; Augenbrauen sind inkludiert.\u00a0 Termin buchen Nano-Needling oder Intra Skin Infusion 3-er Kur je.ca. 60 min. 420\u20ac Das [&hellip;]<\/p>\n","protected":false},"author":1,"featured_media":75,"parent":0,"menu_order":0,"comment_status":"closed","ping_status":"closed","template":"","meta":{"footnotes":""},"class_list":["post-54","page","type-page","status-publish","has-post-thumbnail","hentry"],"yoast_head":"<!-- This site is optimized with the Yoast SEO plugin v27.5 - https:\/\/yoast.com\/product\/yoast-seo-wordpress\/ -->\n<title>Spezial Offers - SKINWAY | Organic &amp; Medical Beauty<\/title>\n<meta name=\"description\" content=\"Spezial Offers - Eine klassische Gesichtsbehandlung f\u00fcr Gesicht, Hals &amp; D\u00e9collet\u00e9: Reinigung, Peeling, Wirkstoffkonzentrat, Maske und entspannende\" \/>\n<meta name=\"robots\" content=\"index, follow, max-snippet:-1, max-image-preview:large, max-video-preview:-1\" \/>\n<link rel=\"canonical\" href=\"https:\/\/skinway.de\/?page_id=54\" \/>\n<meta property=\"og:locale\" content=\"de_DE\" \/>\n<meta property=\"og:type\" content=\"article\" \/>\n<meta property=\"og:title\" content=\"Spezial Offers - SKINWAY | Organic &amp; Medical Beauty\" \/>\n<meta property=\"og:description\" content=\"Spezial Offers - Eine klassische Gesichtsbehandlung f\u00fcr Gesicht, Hals &amp; D\u00e9collet\u00e9: Reinigung, Peeling, Wirkstoffkonzentrat, Maske und entspannende\" \/>\n<meta property=\"og:url\" content=\"https:\/\/skinway.de\/?page_id=54\" \/>\n<meta property=\"og:site_name\" content=\"SKINWAY\" \/>\n<meta property=\"article:modified_time\" content=\"2024-06-27T13:20:37+00:00\" \/>\n<meta property=\"og:image\" content=\"https:\/\/skinway.de\/wp-content\/uploads\/2021\/04\/7.png\" \/>\n\t<meta property=\"og:image:width\" content=\"1800\" \/>\n\t<meta property=\"og:image:height\" content=\"1200\" \/>\n\t<meta property=\"og:image:type\" content=\"image\/png\" \/>\n<meta name=\"twitter:card\" content=\"summary_large_image\" \/>\n<meta name=\"twitter:label1\" content=\"Gesch\u00e4tzte Lesezeit\" \/>\n\t<meta name=\"twitter:data1\" content=\"2\u00a0Minuten\" \/>\n<script type=\"application\/ld+json\" class=\"yoast-schema-graph\">{\"@context\":\"https:\\\/\\\/schema.org\",\"@graph\":[{\"@type\":\"WebPage\",\"@id\":\"https:\\\/\\\/skinway.de\\\/?page_id=54\",\"url\":\"https:\\\/\\\/skinway.de\\\/?page_id=54\",\"name\":\"Spezial Offers - SKINWAY | Organic & Medical Beauty\",\"isPartOf\":{\"@id\":\"https:\\\/\\\/skinway.de\\\/#website\"},\"primaryImageOfPage\":{\"@id\":\"https:\\\/\\\/skinway.de\\\/?page_id=54#primaryimage\"},\"image\":{\"@id\":\"https:\\\/\\\/skinway.de\\\/?page_id=54#primaryimage\"},\"thumbnailUrl\":\"https:\\\/\\\/skinway.de\\\/wp-content\\\/uploads\\\/2021\\\/04\\\/7.png\",\"datePublished\":\"2021-04-08T12:42:37+00:00\",\"dateModified\":\"2024-06-27T13:20:37+00:00\",\"description\":\"Spezial Offers - Eine klassische Gesichtsbehandlung f\u00fcr Gesicht, Hals & D\u00e9collet\u00e9: Reinigung, Peeling, Wirkstoffkonzentrat, Maske und entspannende\",\"breadcrumb\":{\"@id\":\"https:\\\/\\\/skinway.de\\\/?page_id=54#breadcrumb\"},\"inLanguage\":\"de\",\"potentialAction\":[{\"@type\":\"ReadAction\",\"target\":[\"https:\\\/\\\/skinway.de\\\/?page_id=54\"]}]},{\"@type\":\"ImageObject\",\"inLanguage\":\"de\",\"@id\":\"https:\\\/\\\/skinway.de\\\/?page_id=54#primaryimage\",\"url\":\"https:\\\/\\\/skinway.de\\\/wp-content\\\/uploads\\\/2021\\\/04\\\/7.png\",\"contentUrl\":\"https:\\\/\\\/skinway.de\\\/wp-content\\\/uploads\\\/2021\\\/04\\\/7.png\",\"width\":1800,\"height\":1200,\"caption\":\"Spezial Offers\"},{\"@type\":\"BreadcrumbList\",\"@id\":\"https:\\\/\\\/skinway.de\\\/?page_id=54#breadcrumb\",\"itemListElement\":[{\"@type\":\"ListItem\",\"position\":1,\"name\":\"Startseite\",\"item\":\"https:\\\/\\\/skinway.de\\\/\"},{\"@type\":\"ListItem\",\"position\":2,\"name\":\"Spezial Offers\"}]},{\"@type\":\"WebSite\",\"@id\":\"https:\\\/\\\/skinway.de\\\/#website\",\"url\":\"https:\\\/\\\/skinway.de\\\/\",\"name\":\"SKINWAY\",\"description\":\"Organic &amp; Medical Beauty\",\"potentialAction\":[{\"@type\":\"SearchAction\",\"target\":{\"@type\":\"EntryPoint\",\"urlTemplate\":\"https:\\\/\\\/skinway.de\\\/?s={search_term_string}\"},\"query-input\":{\"@type\":\"PropertyValueSpecification\",\"valueRequired\":true,\"valueName\":\"search_term_string\"}}],\"inLanguage\":\"de\"}]}<\/script>\n<!-- \/ Yoast SEO plugin. -->","yoast_head_json":{"title":"Spezial Offers - SKINWAY | Organic & Medical Beauty","description":"Spezial Offers - Eine klassische Gesichtsbehandlung f\u00fcr Gesicht, Hals & D\u00e9collet\u00e9: Reinigung, Peeling, Wirkstoffkonzentrat, Maske und entspannende","robots":{"index":"index","follow":"follow","max-snippet":"max-snippet:-1","max-image-preview":"max-image-preview:large","max-video-preview":"max-video-preview:-1"},"canonical":"https:\/\/skinway.de\/?page_id=54","og_locale":"de_DE","og_type":"article","og_title":"Spezial Offers - SKINWAY | Organic & Medical Beauty","og_description":"Spezial Offers - Eine klassische Gesichtsbehandlung f\u00fcr Gesicht, Hals & D\u00e9collet\u00e9: Reinigung, Peeling, Wirkstoffkonzentrat, Maske und entspannende","og_url":"https:\/\/skinway.de\/?page_id=54","og_site_name":"SKINWAY","article_modified_time":"2024-06-27T13:20:37+00:00","og_image":[{"width":1800,"height":1200,"url":"https:\/\/skinway.de\/wp-content\/uploads\/2021\/04\/7.png","type":"image\/png"}],"twitter_card":"summary_large_image","twitter_misc":{"Gesch\u00e4tzte Lesezeit":"2\u00a0Minuten"},"schema":{"@context":"https:\/\/schema.org","@graph":[{"@type":"WebPage","@id":"https:\/\/skinway.de\/?page_id=54","url":"https:\/\/skinway.de\/?page_id=54","name":"Spezial Offers - SKINWAY | Organic & Medical Beauty","isPartOf":{"@id":"https:\/\/skinway.de\/#website"},"primaryImageOfPage":{"@id":"https:\/\/skinway.de\/?page_id=54#primaryimage"},"image":{"@id":"https:\/\/skinway.de\/?page_id=54#primaryimage"},"thumbnailUrl":"https:\/\/skinway.de\/wp-content\/uploads\/2021\/04\/7.png","datePublished":"2021-04-08T12:42:37+00:00","dateModified":"2024-06-27T13:20:37+00:00","description":"Spezial Offers - Eine klassische Gesichtsbehandlung f\u00fcr Gesicht, Hals & D\u00e9collet\u00e9: Reinigung, Peeling, Wirkstoffkonzentrat, Maske und entspannende","breadcrumb":{"@id":"https:\/\/skinway.de\/?page_id=54#breadcrumb"},"inLanguage":"de","potentialAction":[{"@type":"ReadAction","target":["https:\/\/skinway.de\/?page_id=54"]}]},{"@type":"ImageObject","inLanguage":"de","@id":"https:\/\/skinway.de\/?page_id=54#primaryimage","url":"https:\/\/skinway.de\/wp-content\/uploads\/2021\/04\/7.png","contentUrl":"https:\/\/skinway.de\/wp-content\/uploads\/2021\/04\/7.png","width":1800,"height":1200,"caption":"Spezial Offers"},{"@type":"BreadcrumbList","@id":"https:\/\/skinway.de\/?page_id=54#breadcrumb","itemListElement":[{"@type":"ListItem","position":1,"name":"Startseite","item":"https:\/\/skinway.de\/"},{"@type":"ListItem","position":2,"name":"Spezial Offers"}]},{"@type":"WebSite","@id":"https:\/\/skinway.de\/#website","url":"https:\/\/skinway.de\/","name":"SKINWAY","description":"Organic &amp; Medical Beauty","potentialAction":[{"@type":"SearchAction","target":{"@type":"EntryPoint","urlTemplate":"https:\/\/skinway.de\/?s={search_term_string}"},"query-input":{"@type":"PropertyValueSpecification","valueRequired":true,"valueName":"search_term_string"}}],"inLanguage":"de"}]}},"_links":{"self":[{"href":"https:\/\/skinway.de\/index.php?rest_route=\/wp\/v2\/pages\/54","targetHints":{"allow":["GET"]}}],"collection":[{"href":"https:\/\/skinway.de\/index.php?rest_route=\/wp\/v2\/pages"}],"about":[{"href":"https:\/\/skinway.de\/index.php?rest_route=\/wp\/v2\/types\/page"}],"author":[{"embeddable":true,"href":"https:\/\/skinway.de\/index.php?rest_route=\/wp\/v2\/users\/1"}],"replies":[{"embeddable":true,"href":"https:\/\/skinway.de\/index.php?rest_route=%2Fwp%2Fv2%2Fcomments&post=54"}],"version-history":[{"count":67,"href":"https:\/\/skinway.de\/index.php?rest_route=\/wp\/v2\/pages\/54\/revisions"}],"predecessor-version":[{"id":930,"href":"https:\/\/skinway.de\/index.php?rest_route=\/wp\/v2\/pages\/54\/revisions\/930"}],"wp:featuredmedia":[{"embeddable":true,"href":"https:\/\/skinway.de\/index.php?rest_route=\/wp\/v2\/media\/75"}],"wp:attachment":[{"href":"https:\/\/skinway.de\/index.php?rest_route=%2Fwp%2Fv2%2Fmedia&parent=54"}],"curies":[{"name":"wp","href":"https:\/\/api.w.org\/{rel}","templated":true}]}}