{"id":57,"date":"2021-04-08T14:43:06","date_gmt":"2021-04-08T12:43:06","guid":{"rendered":"https:\/\/skinway.de\/?page_id=57"},"modified":"2021-11-01T19:05:02","modified_gmt":"2021-11-01T18:05:02","slug":"kosmetik-konzept","status":"publish","type":"page","link":"https:\/\/skinway.de\/?page_id=57","title":{"rendered":"KOSMETIK KONZEPT"},"content":{"rendered":"<p><img decoding=\"async\" src=\"\/wp-content\/uploads\/2021\/10\/Irina-2021.jpg\" alt=\"\"><\/p>\n<h1>SKINWAY<br \/>#kosmetikkonzept<\/h1>\n<p><img decoding=\"async\" src=\"\/wp-content\/uploads\/2021\/05\/SkinWay_Irina.png\" alt=\"\"><br \/>\n<img decoding=\"async\" src=\"\/wp-content\/uploads\/2021\/05\/2.2.jpg\" alt=\"\"><\/p>\n<div>SKINWAY<br \/>ORGANIC &amp; MEDICAL BEAUTY<\/div>\n<h2>\n<h2 class=\"uk-margin uk-margin-remove-top uk-scrollspy-inview uk-animation-fade\" data-id=\"page#0-3-0-1\" uk-scrollspy-class=\"uk-animation-fade\">Behandlungsmethoden<br \/>mit Wirkstoff- und apparativer Kosmetik<\/h2>\n<\/h2>\n<div>\n<p>F\u00e4llt es Ihnen manchmal schwer, die richtige Pflege f\u00fcr Ihre Haut zu finden? <br \/>Haben Sie schon immer nach einer optimalen Pflegel\u00f6sung mit Langzeitwirkung gesucht? Ich biete Ihnen \u2013 professionell und leidenschaftlich \u2013 ein komplettes Hautpflegesystem, das sich seit Langem in der Kosmetologie bew\u00e4hrt hat.<\/p>\n<\/div>\n<p>\n    <a href=\"\/kontakt\/\">KONTAKT<\/a>\n<\/p>\n<div>SKINWAY<br \/>ORGANIC &amp; MEDICAL BEAUTY<\/div>\n<h2>Mit Hilfe einer detaillierten Hautanalyse<br \/>vor der ersten Gesichtsbehandlung&#8230;<\/h2>\n<div>\n<p>&#8230; ist es mein Ziel, ganz individuell auf die Bed\u00fcrfnisse Ihrer Haut einzugehen. Mit diesen Testergebnissen erstelle ich Ihnen einen optimalen Behandlungsplan und die Verbesserung Ihres Hautzustandes wird sich schnell bemerkbar machen. Sie werden bereits nach der ersten Behandlung den Unterscheid feststellen.<\/p>\n<p>Gern stehe ich Ihnen bei der Hautpflegeberatung f\u00fcr Zuhause zur Verf\u00fcgung, damit Sie noch schneller auf dem Weg zu einer attraktiven, sch\u00f6nen und gesunden Haut sind!<\/p>\n<p>Herzlichst,<br \/>Irina Bergmayr<\/p>\n<\/div>\n<p>\n    <a href=\"\/kontakt\/\">KONTAKT<\/a>\n<\/p>\n<p><img decoding=\"async\" src=\"\/wp-content\/uploads\/2021\/05\/2.5.jpg\" alt=\"\"><br \/>\n<img decoding=\"async\" src=\"\/wp-content\/uploads\/2021\/04\/Bild_1.jpg\" alt=\"\"><\/p>\n<div>\n<div class=\"eut-element eut-text\">\n<p><strong>REVIDERM Cosmeceuticals<br \/><\/strong><\/p>\n<p>Medizinisch-basierendes Hautpflege-System zur gezielten Untersetzung problematischer Haut.<\/p>\n<p>Spannungsgef\u00fchle, allergische Reaktionen, R\u00f6tungen oder Pickel: Riverderm unterst\u00fctzt Sie gezielt bei der erfolgreichen Regeneration Ihrer Haut. So bringen Sie ihr kritisches Hautbild ins Gleichgewicht.<\/p>\n<\/div>\n<\/div>\n<p><img decoding=\"async\" src=\"\/wp-content\/uploads\/2021\/05\/dermaceutical_01.png\" alt=\"\"><\/p>\n<div>\n<p><strong>Dermaceutical<\/strong><\/p>\n<p>Die innovativen Rezepturen werden stetig weiter entwickelt. Die Wirkstoffe sind rein, authentisch und hochwertig. In eigener Herstellung werden ausschlie\u00dflich Rezepturen produziert, die h\u00f6chstdosiert und damit hochpotent wirken.<\/p>\n<\/div>\n<p><img decoding=\"async\" src=\"\/wp-content\/uploads\/2021\/05\/Image.png\" alt=\"\"><\/p>\n<div>\n<p><strong>IMAGE<br \/><\/strong><\/p>\n<div class=\"\"><span class=\"\">Um wirkungsvolle Ergebnisse zu erzielen, verwendet IMAGE nur die besten Inhaltsstoffe.\u00a0<\/span><span class=\"\">Zahlreiche neue und innovative Wirkstoffe k\u00f6nnen die Hautfunktion und den Zellmetabolismus verbessern, was in Produkten resultiert, die beeindruckende Ergebnisse liefern k\u00f6nnen.<\/span><\/div>\n<\/div>\n<p><img decoding=\"async\" src=\"\/wp-content\/uploads\/2021\/05\/2.png\" alt=\"\"><\/p>\n<div>\n<p><strong>REVIDERM<\/strong><\/p>\n<p>Hochwirksame Anti-Aging-Pflege mit wissenschaftlich erprobten Inhaltsstoffen: Hyalurons\u00e4ure, Q10, Vitamin C, Enzyme, ECM und OPC. Sie verlangsamen den Alterungsprozess Ihrer Haut, stimulieren ihre Regeneration und st\u00e4rken ihre Widerstandsf\u00e4higkeit \u2013 f\u00fcr ein frisches, sichtbar ges\u00fcnderes Aussehen und jugendliche Spannkraft.<\/p>\n<\/div>\n<p><img decoding=\"async\" src=\"\/wp-content\/uploads\/2021\/04\/2.3.jpg\" alt=\"\"><\/p>\n<div>\n<p><strong>SKINTHINGS <\/strong><\/p>\n<p>Eine vegane und tierversuchsfreie Wirkstoffkosmetik,\u00a0die\u00a0bei den verschiedensten Hautbed\u00fcrfnissen zu sichtbaren und nachhaltigen Erfolgen f\u00fchren. All dies m\u00f6glichst vegan, ohne die Umwelt zu belasten und dabei die h\u00f6chstm\u00f6gliche Vertr\u00e4glichkeit zu gew\u00e4hrleisten.<\/p>\n<\/div>\n<p><img decoding=\"async\" src=\"\/wp-content\/uploads\/2021\/04\/Bild_3.jpg\" alt=\"\"><\/p>\n<div>\n<div class=\"eut-element eut-text\">\n<div class=\"eut-element eut-text\">\n<p><strong>REVIDERM MAKE-UP mit Micro Mineral Complex<br \/><\/strong><\/p>\n<p>Das Make-up f\u00fchlt sich leicht an, l\u00e4sst Ihre Haut atmen und verleiht Ihr ein weiches und zartes Aussehen. Es ist auch f\u00fcr empfindliche Haut optimal geeignet. Hochwertige Inhaltsstoffe st\u00e4rken die Widerstandskraft Ihrer Zellen und mildern Irritationen und Falten.<\/p>\n<\/div>\n<\/div>\n<\/div>\n<p><!--more--><br \/>\n<!-- {\"name\":\"kopie 1\",\"type\":\"layout\",\"children\":[{\"type\":\"section\",\"props\":{\"style\":\"default\",\"width\":\"\",\"vertical_align\":\"middle\",\"title_position\":\"top-left\",\"title_rotation\":\"left\",\"title_breakpoint\":\"xl\",\"image_position\":\"center-center\",\"padding\":\"large\",\"padding_remove_bottom\":true,\"animation\":\"fade\",\"overlap\":false,\"padding_remove_top\":false},\"children\":[{\"type\":\"row\",\"props\":{\"class\":\"\",\"margin\":\"remove-vertical\"},\"children\":[{\"type\":\"column\",\"props\":{\"image_position\":\"center-center\",\"media_overlay_gradient\":\"\",\"width_medium\":\"1-1\"},\"children\":[{\"type\":\"image\",\"props\":{\"margin\":\"default\",\"image_svg_color\":\"emphasis\",\"image\":\"wp-content\\\/uploads\\\/2021\\\/10\\\/Irina-2021.jpg\",\"image_svg_inline\":true,\"image_width\":\"300\",\"position\":\"absolute\",\"position_top\":\"-110\",\"text_align\":\"right\",\"position_z_index\":\"0\",\"css\":\".el-image { max-width: 27vw; }\",\"visibility\":\"m\",\"position_right\":\"30\",\"image_height\":\"300\",\"animation\":\"slide-right-small\"},\"modified\":\"2021-01-11T14:50:55.084Z\",\"name\":\"\"}]}]},{\"type\":\"row\",\"children\":[{\"type\":\"column\",\"props\":{\"image_position\":\"center-center\",\"media_overlay_gradient\":\"\",\"width_medium\":\"1-1\"},\"children\":[{\"name\":\"\",\"type\":\"headline\",\"props\":{\"title_element\":\"h1\",\"title_style\":\"heading-small\",\"text_align\":\"left\",\"content\":\"SKINWAY<br \\\/>#kosmetikkonzept\",\"animation\":\"none\"}},{\"type\":\"image\",\"props\":{\"margin\":\"default\",\"image_svg_color\":\"emphasis\",\"image\":\"wp-content\\\/uploads\\\/2021\\\/05\\\/SkinWay_Irina.png\",\"image_width\":\"250\",\"image_height\":\"250\",\"visibility\":\"hidden-m\"},\"name\":\"nur auf dem Handy \"}]}],\"props\":{\"width\":\"xlarge\",\"margin_remove_top\":true}},{\"type\":\"row\",\"props\":{\"layout\":\"1-2,1-2\",\"margin\":\"large\",\"column_gap\":\"large\",\"width\":\"xlarge\"},\"children\":[{\"type\":\"column\",\"props\":{\"image_position\":\"center-center\",\"media_overlay_gradient\":\"\",\"width_medium\":\"1-2\"},\"children\":[{\"type\":\"image\",\"props\":{\"margin\":\"default\",\"image_svg_color\":\"emphasis\",\"image\":\"wp-content\\\/uploads\\\/2021\\\/05\\\/2.2.jpg\",\"image_width\":\"1800\",\"animation\":\"none\",\"visibility\":\"s\"}}]},{\"type\":\"column\",\"props\":{\"image_position\":\"center-center\",\"media_overlay_gradient\":\"\",\"width_medium\":\"1-2\",\"vertical_align\":\"middle\"},\"children\":[{\"type\":\"headline\",\"props\":{\"title_element\":\"div\",\"content\":\"<br \\\/>SKINWAY<br \\\/>ORGANIC &amp; MEDICAL BEAUTY\",\"margin_remove_top\":false,\"margin\":\"small\",\"title_style\":\"h6\",\"title_color\":\"primary\",\"animation\":\"slide-top-small\"}},{\"type\":\"headline\",\"props\":{\"title_element\":\"h2\",\"content\":\"\n\n<h2 class=\\\"uk-margin uk-margin-remove-top uk-scrollspy-inview uk-animation-fade\\\" data-id=\\\"page#0-3-0-1\\\" uk-scrollspy-class=\\\"uk-animation-fade\\\">Behandlungsmethoden<br \\\/>mit Wirkstoff- und apparativer Kosmetik<\\\/h2>\",\"margin\":\"default\"}},{\"type\":\"text\",\"props\":{\"margin\":\"default\",\"column_breakpoint\":\"m\",\"content\":\"\n\n<p>F\\u00e4llt es Ihnen manchmal schwer, die richtige Pflege f\\u00fcr Ihre Haut zu finden? <br \\\/>Haben Sie schon immer nach einer optimalen Pflegel\\u00f6sung mit Langzeitwirkung gesucht? Ich biete Ihnen \\u2013 professionell und leidenschaftlich \\u2013 ein komplettes Hautpflegesystem, das sich seit Langem in der Kosmetologie bew\\u00e4hrt hat.<\\\/p>\"}},{\"type\":\"button\",\"props\":{\"grid_column_gap\":\"small\",\"grid_row_gap\":\"small\",\"margin\":\"default\"},\"children\":[{\"type\":\"button_item\",\"props\":{\"button_style\":\"primary\",\"icon_align\":\"left\",\"content\":\"KONTAKT\",\"link\":\"kontakt\\\/\",\"icon\":\"sign-out\",\"link_target\":\"blank\"}}]}]}]},{\"type\":\"row\",\"props\":{\"layout\":\"1-2,1-2\",\"column_gap\":\"large\",\"margin\":\"xlarge\",\"width\":\"xlarge\"},\"children\":[{\"type\":\"column\",\"props\":{\"image_position\":\"center-center\",\"media_overlay_gradient\":\"\",\"width_medium\":\"1-2\",\"vertical_align\":\"middle\"},\"children\":[{\"type\":\"headline\",\"props\":{\"title_element\":\"div\",\"content\":\"SKINWAY<br \\\/>ORGANIC &amp; MEDICAL BEAUTY\",\"margin_remove_top\":false,\"margin\":\"small\",\"title_style\":\"h6\",\"title_color\":\"primary\",\"animation\":\"slide-top-small\"}},{\"type\":\"headline\",\"props\":{\"title_element\":\"h2\",\"content\":\"Mit Hilfe einer detaillierten Hautanalyse<br \\\/>vor der ersten Gesichtsbehandlung...\",\"margin_remove_top\":true,\"margin\":\"default\",\"animation\":\"fade\"}},{\"type\":\"text\",\"props\":{\"margin\":\"default\",\"column_breakpoint\":\"m\",\"content\":\"\n\n<p>... ist es mein Ziel, ganz individuell auf die Bed\\u00fcrfnisse Ihrer Haut einzugehen. Mit diesen Testergebnissen erstelle ich Ihnen einen optimalen Behandlungsplan und die Verbesserung Ihres Hautzustandes wird sich schnell bemerkbar machen. Sie werden bereits nach der ersten Behandlung den Unterscheid feststellen.<\\\/p>\\n\n\n<p>Gern stehe ich Ihnen bei der Hautpflegeberatung f\\u00fcr Zuhause zur Verf\\u00fcgung, damit Sie noch schneller auf dem Weg zu einer attraktiven, sch\\u00f6nen und gesunden Haut sind!<\\\/p>\\n\n\n<p>Herzlichst,<br \\\/>Irina Bergmayr<\\\/p>\",\"animation\":\"fade\"}},{\"type\":\"button\",\"props\":{\"grid_column_gap\":\"small\",\"grid_row_gap\":\"small\",\"margin\":\"default\"},\"children\":[{\"type\":\"button_item\",\"props\":{\"button_style\":\"primary\",\"icon_align\":\"left\",\"content\":\"KONTAKT\",\"link\":\"kontakt\\\/\",\"icon\":\"sign-out\",\"link_target\":\"blank\"}}]}]},{\"type\":\"column\",\"props\":{\"image_position\":\"center-center\",\"media_overlay_gradient\":\"\",\"width_medium\":\"1-2\",\"image\":\"\",\"vertical_align\":\"middle\"},\"children\":[{\"type\":\"image\",\"props\":{\"margin\":\"default\",\"image_svg_color\":\"emphasis\",\"image\":\"wp-content\\\/uploads\\\/2021\\\/05\\\/2.5.jpg\",\"image_width\":\"1800\",\"image_height\":\"1200\"}}]}]}],\"name\":\"Benefits\"},{\"type\":\"section\",\"props\":{\"style\":\"default\",\"width\":\"large\",\"vertical_align\":\"middle\",\"title_position\":\"top-left\",\"title_rotation\":\"left\",\"title_breakpoint\":\"xl\",\"image_position\":\"center-center\",\"animation\":\"slide-bottom-medium\"},\"children\":[{\"type\":\"row\",\"props\":{\"layout\":\"1-3,1-3,1-3\",\"divider\":true},\"children\":[{\"type\":\"column\",\"props\":{\"image_position\":\"center-center\",\"media_overlay_gradient\":\"\",\"width_medium\":\"1-3\"},\"children\":[{\"type\":\"image\",\"props\":{\"margin\":\"default\",\"image_svg_color\":\"emphasis\",\"image\":\"wp-content\\\/uploads\\\/2021\\\/04\\\/Bild_1.jpg\"}},{\"type\":\"text\",\"props\":{\"margin\":\"default\",\"column_breakpoint\":\"m\",\"content\":\"\n\n<div class=\\\"eut-element eut-text\\\">\\n\n\n<p><strong>REVIDERM Cosmeceuticals<br \\\/><\\\/strong><\\\/p>\\n\n\n<p>Medizinisch-basierendes Hautpflege-System zur gezielten Untersetzung problematischer Haut.<\\\/p>\\n\n\n<p>Spannungsgef\\u00fchle, allergische Reaktionen, R\\u00f6tungen oder Pickel: Riverderm unterst\\u00fctzt Sie gezielt bei der erfolgreichen Regeneration Ihrer Haut. So bringen Sie ihr kritisches Hautbild ins Gleichgewicht.<\\\/p>\\n<\\\/div>\"}}]},{\"type\":\"column\",\"props\":{\"image_position\":\"center-center\",\"media_overlay_gradient\":\"\",\"width_medium\":\"1-3\"},\"children\":[{\"type\":\"image\",\"props\":{\"margin\":\"default\",\"image_svg_color\":\"emphasis\",\"image\":\"wp-content\\\/uploads\\\/2021\\\/05\\\/dermaceutical_01.png\",\"image_height\":\"200\",\"image_width\":\"500\"}},{\"type\":\"text\",\"props\":{\"margin\":\"default\",\"column_breakpoint\":\"m\",\"content\":\"\n\n<p><strong>Dermaceutical<\\\/strong><\\\/p>\\n\n\n<p>Die innovativen Rezepturen werden stetig weiter entwickelt. Die Wirkstoffe sind rein, authentisch und hochwertig. In eigener Herstellung werden ausschlie\\u00dflich Rezepturen produziert, die h\\u00f6chstdosiert und damit hochpotent wirken.<\\\/p>\",\"text_align\":\"left\"}}]},{\"type\":\"column\",\"props\":{\"image_position\":\"center-center\",\"media_overlay_gradient\":\"\",\"width_medium\":\"1-3\"},\"children\":[{\"type\":\"image\",\"props\":{\"margin\":\"default\",\"image_svg_color\":\"emphasis\",\"image\":\"wp-content\\\/uploads\\\/2021\\\/05\\\/Image.png\",\"image_height\":\"200\",\"image_width\":\"500\"}},{\"type\":\"text\",\"props\":{\"margin\":\"default\",\"column_breakpoint\":\"m\",\"content\":\"\n\n<p><strong>IMAGE<br \\\/><\\\/strong><\\\/p>\\n\n\n<div class=\\\"\\\"><span class=\\\"\\\">Um wirkungsvolle Ergebnisse zu erzielen, verwendet IMAGE nur die besten Inhaltsstoffe.\\u00a0<\\\/span><span class=\\\"\\\">Zahlreiche neue und innovative Wirkstoffe k\\u00f6nnen die Hautfunktion und den Zellmetabolismus verbessern, was in Produkten resultiert, die beeindruckende Ergebnisse liefern k\\u00f6nnen.<\\\/span><\\\/div>\",\"text_align\":\"left\"}}]}]}]},{\"type\":\"section\",\"props\":{\"style\":\"default\",\"width\":\"large\",\"vertical_align\":\"middle\",\"title_position\":\"top-left\",\"title_rotation\":\"left\",\"title_breakpoint\":\"xl\",\"image_position\":\"center-center\",\"animation\":\"slide-bottom-medium\",\"padding_remove_top\":true},\"children\":[{\"type\":\"row\",\"props\":{\"layout\":\"1-3,1-3,1-3\",\"divider\":true},\"children\":[{\"type\":\"column\",\"props\":{\"image_position\":\"center-center\",\"media_overlay_gradient\":\"\",\"width_medium\":\"1-3\"},\"children\":[{\"type\":\"image\",\"props\":{\"margin\":\"default\",\"image_svg_color\":\"emphasis\",\"image\":\"wp-content\\\/uploads\\\/2021\\\/05\\\/2.png\",\"image_width\":\"500\",\"image_height\":\"200\"}},{\"type\":\"text\",\"props\":{\"margin\":\"default\",\"column_breakpoint\":\"m\",\"content\":\"\n\n<p><strong>REVIDERM<\\\/strong><\\\/p>\\n\n\n<p>Hochwirksame Anti-Aging-Pflege mit wissenschaftlich erprobten Inhaltsstoffen: Hyalurons\\u00e4ure, Q10, Vitamin C, Enzyme, ECM und OPC. Sie verlangsamen den Alterungsprozess Ihrer Haut, stimulieren ihre Regeneration und st\\u00e4rken ihre Widerstandsf\\u00e4higkeit \\u2013 f\\u00fcr ein frisches, sichtbar ges\\u00fcnderes Aussehen und jugendliche Spannkraft.<\\\/p>\"}}]},{\"type\":\"column\",\"props\":{\"image_position\":\"center-center\",\"media_overlay_gradient\":\"\",\"width_medium\":\"1-3\"},\"children\":[{\"type\":\"image\",\"props\":{\"margin\":\"default\",\"image_svg_color\":\"emphasis\",\"image\":\"wp-content\\\/uploads\\\/2021\\\/04\\\/2.3.jpg\"}},{\"type\":\"text\",\"props\":{\"margin\":\"default\",\"column_breakpoint\":\"m\",\"content\":\"\n\n<p><strong>SKINTHINGS <\\\/strong><\\\/p>\\n\n\n<p>Eine vegane und tierversuchsfreie Wirkstoffkosmetik,\\u00a0die\\u00a0bei den verschiedensten Hautbed\\u00fcrfnissen zu sichtbaren und nachhaltigen Erfolgen f\\u00fchren. All dies m\\u00f6glichst vegan, ohne die Umwelt zu belasten und dabei die h\\u00f6chstm\\u00f6gliche Vertr\\u00e4glichkeit zu gew\\u00e4hrleisten.<\\\/p>\"}}]},{\"type\":\"column\",\"props\":{\"image_position\":\"center-center\",\"media_overlay_gradient\":\"\",\"width_medium\":\"1-3\"},\"children\":[{\"type\":\"image\",\"props\":{\"margin\":\"default\",\"image_svg_color\":\"emphasis\",\"image\":\"wp-content\\\/uploads\\\/2021\\\/04\\\/Bild_3.jpg\",\"image_width\":\"500\",\"image_height\":\"200\"}},{\"type\":\"text\",\"props\":{\"margin\":\"default\",\"column_breakpoint\":\"m\",\"content\":\"\n\n<div class=\\\"eut-element eut-text\\\">\\n\n\n<div class=\\\"eut-element eut-text\\\">\\n\n\n<p><strong>REVIDERM MAKE-UP mit Micro Mineral Complex<br \\\/><\\\/strong><\\\/p>\\n\n\n<p>Das Make-up f\\u00fchlt sich leicht an, l\\u00e4sst Ihre Haut atmen und verleiht Ihr ein weiches und zartes Aussehen. Es ist auch f\\u00fcr empfindliche Haut optimal geeignet. Hochwertige Inhaltsstoffe st\\u00e4rken die Widerstandskraft Ihrer Zellen und mildern Irritationen und Falten.<\\\/p>\\n<\\\/div>\\n<\\\/div>\"}}]}]}]}],\"version\":\"2.4.9\"} --><\/p>\n","protected":false},"excerpt":{"rendered":"<p>SKINWAY#kosmetikkonzept SKINWAYORGANIC &amp; MEDICAL BEAUTY Behandlungsmethodenmit Wirkstoff- und apparativer Kosmetik F\u00e4llt es Ihnen manchmal schwer, die richtige Pflege f\u00fcr Ihre Haut zu finden? Haben Sie schon immer nach einer optimalen Pflegel\u00f6sung mit Langzeitwirkung gesucht? Ich biete Ihnen \u2013 professionell und leidenschaftlich \u2013 ein komplettes Hautpflegesystem, das sich seit Langem in der Kosmetologie bew\u00e4hrt hat. KONTAKT [&hellip;]<\/p>\n","protected":false},"author":1,"featured_media":600,"parent":0,"menu_order":0,"comment_status":"closed","ping_status":"closed","template":"","meta":{"footnotes":""},"class_list":["post-57","page","type-page","status-publish","has-post-thumbnail","hentry"],"yoast_head":"<!-- This site is optimized with the Yoast SEO plugin v27.5 - https:\/\/yoast.com\/product\/yoast-seo-wordpress\/ -->\n<title>KOSMETIK KONZEPT - SKINWAY | Organic &amp; Medical Beauty<\/title>\n<meta name=\"description\" content=\"KOSMETIK KONZEPT - F\u00e4llt es Ihnen manchmal schwer, die richtige Pflege f\u00fcr Ihre Haut zu finden?Haben Sie schon immer nach einer optimalen\" \/>\n<meta name=\"robots\" content=\"index, follow, max-snippet:-1, max-image-preview:large, max-video-preview:-1\" \/>\n<link rel=\"canonical\" href=\"https:\/\/skinway.de\/?page_id=57\" \/>\n<meta property=\"og:locale\" content=\"de_DE\" \/>\n<meta property=\"og:type\" content=\"article\" \/>\n<meta property=\"og:title\" content=\"KOSMETIK KONZEPT - SKINWAY | Organic &amp; Medical Beauty\" \/>\n<meta property=\"og:description\" content=\"KOSMETIK KONZEPT - F\u00e4llt es Ihnen manchmal schwer, die richtige Pflege f\u00fcr Ihre Haut zu finden?Haben Sie schon immer nach einer optimalen\" \/>\n<meta property=\"og:url\" content=\"https:\/\/skinway.de\/?page_id=57\" \/>\n<meta property=\"og:site_name\" content=\"SKINWAY\" \/>\n<meta property=\"article:modified_time\" content=\"2021-11-01T18:05:02+00:00\" \/>\n<meta property=\"og:image\" content=\"https:\/\/skinway.de\/wp-content\/uploads\/2021\/05\/2.2.jpg\" \/>\n\t<meta property=\"og:image:width\" content=\"641\" \/>\n\t<meta property=\"og:image:height\" content=\"427\" \/>\n\t<meta property=\"og:image:type\" content=\"image\/jpeg\" \/>\n<meta name=\"twitter:card\" content=\"summary_large_image\" \/>\n<meta name=\"twitter:label1\" content=\"Gesch\u00e4tzte Lesezeit\" \/>\n\t<meta name=\"twitter:data1\" content=\"2\u00a0Minuten\" \/>\n<script type=\"application\/ld+json\" class=\"yoast-schema-graph\">{\"@context\":\"https:\\\/\\\/schema.org\",\"@graph\":[{\"@type\":\"WebPage\",\"@id\":\"https:\\\/\\\/skinway.de\\\/?page_id=57\",\"url\":\"https:\\\/\\\/skinway.de\\\/?page_id=57\",\"name\":\"KOSMETIK KONZEPT - SKINWAY | Organic & Medical Beauty\",\"isPartOf\":{\"@id\":\"https:\\\/\\\/skinway.de\\\/#website\"},\"primaryImageOfPage\":{\"@id\":\"https:\\\/\\\/skinway.de\\\/?page_id=57#primaryimage\"},\"image\":{\"@id\":\"https:\\\/\\\/skinway.de\\\/?page_id=57#primaryimage\"},\"thumbnailUrl\":\"https:\\\/\\\/skinway.de\\\/wp-content\\\/uploads\\\/2021\\\/05\\\/2.2.jpg\",\"datePublished\":\"2021-04-08T12:43:06+00:00\",\"dateModified\":\"2021-11-01T18:05:02+00:00\",\"description\":\"KOSMETIK KONZEPT - F\u00e4llt es Ihnen manchmal schwer, die richtige Pflege f\u00fcr Ihre Haut zu finden?Haben Sie schon immer nach einer optimalen\",\"breadcrumb\":{\"@id\":\"https:\\\/\\\/skinway.de\\\/?page_id=57#breadcrumb\"},\"inLanguage\":\"de\",\"potentialAction\":[{\"@type\":\"ReadAction\",\"target\":[\"https:\\\/\\\/skinway.de\\\/?page_id=57\"]}]},{\"@type\":\"ImageObject\",\"inLanguage\":\"de\",\"@id\":\"https:\\\/\\\/skinway.de\\\/?page_id=57#primaryimage\",\"url\":\"https:\\\/\\\/skinway.de\\\/wp-content\\\/uploads\\\/2021\\\/05\\\/2.2.jpg\",\"contentUrl\":\"https:\\\/\\\/skinway.de\\\/wp-content\\\/uploads\\\/2021\\\/05\\\/2.2.jpg\",\"width\":641,\"height\":427,\"caption\":\"Skinway - Organic & Medical Beauty\"},{\"@type\":\"BreadcrumbList\",\"@id\":\"https:\\\/\\\/skinway.de\\\/?page_id=57#breadcrumb\",\"itemListElement\":[{\"@type\":\"ListItem\",\"position\":1,\"name\":\"Startseite\",\"item\":\"https:\\\/\\\/skinway.de\\\/\"},{\"@type\":\"ListItem\",\"position\":2,\"name\":\"KOSMETIK KONZEPT\"}]},{\"@type\":\"WebSite\",\"@id\":\"https:\\\/\\\/skinway.de\\\/#website\",\"url\":\"https:\\\/\\\/skinway.de\\\/\",\"name\":\"SKINWAY\",\"description\":\"Organic &amp; Medical Beauty\",\"potentialAction\":[{\"@type\":\"SearchAction\",\"target\":{\"@type\":\"EntryPoint\",\"urlTemplate\":\"https:\\\/\\\/skinway.de\\\/?s={search_term_string}\"},\"query-input\":{\"@type\":\"PropertyValueSpecification\",\"valueRequired\":true,\"valueName\":\"search_term_string\"}}],\"inLanguage\":\"de\"}]}<\/script>\n<!-- \/ Yoast SEO plugin. -->","yoast_head_json":{"title":"KOSMETIK KONZEPT - SKINWAY | Organic & Medical Beauty","description":"KOSMETIK KONZEPT - F\u00e4llt es Ihnen manchmal schwer, die richtige Pflege f\u00fcr Ihre Haut zu finden?Haben Sie schon immer nach einer optimalen","robots":{"index":"index","follow":"follow","max-snippet":"max-snippet:-1","max-image-preview":"max-image-preview:large","max-video-preview":"max-video-preview:-1"},"canonical":"https:\/\/skinway.de\/?page_id=57","og_locale":"de_DE","og_type":"article","og_title":"KOSMETIK KONZEPT - SKINWAY | Organic & Medical Beauty","og_description":"KOSMETIK KONZEPT - F\u00e4llt es Ihnen manchmal schwer, die richtige Pflege f\u00fcr Ihre Haut zu finden?Haben Sie schon immer nach einer optimalen","og_url":"https:\/\/skinway.de\/?page_id=57","og_site_name":"SKINWAY","article_modified_time":"2021-11-01T18:05:02+00:00","og_image":[{"width":641,"height":427,"url":"https:\/\/skinway.de\/wp-content\/uploads\/2021\/05\/2.2.jpg","type":"image\/jpeg"}],"twitter_card":"summary_large_image","twitter_misc":{"Gesch\u00e4tzte Lesezeit":"2\u00a0Minuten"},"schema":{"@context":"https:\/\/schema.org","@graph":[{"@type":"WebPage","@id":"https:\/\/skinway.de\/?page_id=57","url":"https:\/\/skinway.de\/?page_id=57","name":"KOSMETIK KONZEPT - SKINWAY | Organic & Medical Beauty","isPartOf":{"@id":"https:\/\/skinway.de\/#website"},"primaryImageOfPage":{"@id":"https:\/\/skinway.de\/?page_id=57#primaryimage"},"image":{"@id":"https:\/\/skinway.de\/?page_id=57#primaryimage"},"thumbnailUrl":"https:\/\/skinway.de\/wp-content\/uploads\/2021\/05\/2.2.jpg","datePublished":"2021-04-08T12:43:06+00:00","dateModified":"2021-11-01T18:05:02+00:00","description":"KOSMETIK KONZEPT - F\u00e4llt es Ihnen manchmal schwer, die richtige Pflege f\u00fcr Ihre Haut zu finden?Haben Sie schon immer nach einer optimalen","breadcrumb":{"@id":"https:\/\/skinway.de\/?page_id=57#breadcrumb"},"inLanguage":"de","potentialAction":[{"@type":"ReadAction","target":["https:\/\/skinway.de\/?page_id=57"]}]},{"@type":"ImageObject","inLanguage":"de","@id":"https:\/\/skinway.de\/?page_id=57#primaryimage","url":"https:\/\/skinway.de\/wp-content\/uploads\/2021\/05\/2.2.jpg","contentUrl":"https:\/\/skinway.de\/wp-content\/uploads\/2021\/05\/2.2.jpg","width":641,"height":427,"caption":"Skinway - Organic & Medical Beauty"},{"@type":"BreadcrumbList","@id":"https:\/\/skinway.de\/?page_id=57#breadcrumb","itemListElement":[{"@type":"ListItem","position":1,"name":"Startseite","item":"https:\/\/skinway.de\/"},{"@type":"ListItem","position":2,"name":"KOSMETIK KONZEPT"}]},{"@type":"WebSite","@id":"https:\/\/skinway.de\/#website","url":"https:\/\/skinway.de\/","name":"SKINWAY","description":"Organic &amp; Medical Beauty","potentialAction":[{"@type":"SearchAction","target":{"@type":"EntryPoint","urlTemplate":"https:\/\/skinway.de\/?s={search_term_string}"},"query-input":{"@type":"PropertyValueSpecification","valueRequired":true,"valueName":"search_term_string"}}],"inLanguage":"de"}]}},"_links":{"self":[{"href":"https:\/\/skinway.de\/index.php?rest_route=\/wp\/v2\/pages\/57","targetHints":{"allow":["GET"]}}],"collection":[{"href":"https:\/\/skinway.de\/index.php?rest_route=\/wp\/v2\/pages"}],"about":[{"href":"https:\/\/skinway.de\/index.php?rest_route=\/wp\/v2\/types\/page"}],"author":[{"embeddable":true,"href":"https:\/\/skinway.de\/index.php?rest_route=\/wp\/v2\/users\/1"}],"replies":[{"embeddable":true,"href":"https:\/\/skinway.de\/index.php?rest_route=%2Fwp%2Fv2%2Fcomments&post=57"}],"version-history":[{"count":95,"href":"https:\/\/skinway.de\/index.php?rest_route=\/wp\/v2\/pages\/57\/revisions"}],"predecessor-version":[{"id":748,"href":"https:\/\/skinway.de\/index.php?rest_route=\/wp\/v2\/pages\/57\/revisions\/748"}],"wp:featuredmedia":[{"embeddable":true,"href":"https:\/\/skinway.de\/index.php?rest_route=\/wp\/v2\/media\/600"}],"wp:attachment":[{"href":"https:\/\/skinway.de\/index.php?rest_route=%2Fwp%2Fv2%2Fmedia&parent=57"}],"curies":[{"name":"wp","href":"https:\/\/api.w.org\/{rel}","templated":true}]}}