{"id":60,"date":"2021-04-08T14:43:16","date_gmt":"2021-04-08T12:43:16","guid":{"rendered":"https:\/\/skinway.de\/?page_id=60"},"modified":"2024-06-25T05:41:33","modified_gmt":"2024-06-25T03:41:33","slug":"gutscheine","status":"publish","type":"page","link":"https:\/\/skinway.de\/?page_id=60","title":{"rendered":"GUTSCHEINE"},"content":{"rendered":"<p><img decoding=\"async\" src=\"\/wp-content\/uploads\/2021\/04\/6.png\" alt=\"\"><\/p>\n<h1>#gutscheine<\/h1>\n<div>\n<h2><span>online bestellen oder vor Ort abholen!<\/span><\/h2>\n<p>Sie suchen nach dem ganz besonderen Geschenk? Was liegt n\u00e4her, als Beauty und Entspannung zu verschenken!<br \/>Machen Sie Ihre Liebsten gl\u00fccklich und schenken Sie einen Kosmetik-Gutschein zu Weihnachten, zum Geburtstag oder Jubil\u00e4um.<\/p>\n<p>Und das Beste: Sie entscheiden, welchen Geldwert Ihr Gutschein hat. Sie k\u00f6nnen aber auch eine bestimme Leistung verschenken.<\/p>\n<p><strong>Unser Tipp: <\/strong><br \/><strong>All in One Special<\/strong><br \/><strong>F\u00fcr alle Hauttypen ca. 60 min. Spezialpreis 130 \u20ac<\/strong><\/p>\n<h3><span>Gutschein bestellen:<\/span><\/h3>\n<\/div>\n<p>\n    <a href=\"\/kontakt\/\">KONTAKT<\/a>\n<\/p>\n<div>SKINWAY<br \/>ORGANIC &amp; MEDICAL BEAUTY<\/div>\n<p><img decoding=\"async\" src=\"\/wp-content\/uploads\/2021\/04\/Gutschein.3.png\" alt=\"\"><\/p>\n<p><!--more--><br \/>\n<!-- {\"name\":\"kontakt Skinway\",\"type\":\"layout\",\"children\":[{\"type\":\"section\",\"props\":{\"style\":\"default\",\"width\":\"\",\"vertical_align\":\"middle\",\"title_position\":\"top-left\",\"title_rotation\":\"left\",\"title_breakpoint\":\"xl\",\"image_position\":\"center-center\",\"padding\":\"large\",\"padding_remove_bottom\":true,\"animation\":\"fade\",\"overlap\":false,\"padding_remove_top\":false},\"children\":[{\"type\":\"row\",\"props\":{\"class\":\"\",\"margin\":\"remove-vertical\"},\"children\":[{\"type\":\"column\",\"props\":{\"image_position\":\"center-center\",\"media_overlay_gradient\":\"\",\"width_medium\":\"1-1\"},\"children\":[{\"type\":\"image\",\"props\":{\"margin\":\"default\",\"image_svg_color\":\"emphasis\",\"image\":\"wp-content\\\/uploads\\\/2021\\\/04\\\/6.png\",\"image_svg_inline\":true,\"image_width\":\"570\",\"position\":\"absolute\",\"position_top\":\"-110\",\"text_align\":\"right\",\"position_z_index\":\"0\",\"css\":\".el-image { max-width: 27vw; }\",\"visibility\":\"m\",\"position_right\":\"-130\",\"image_height\":\"570\",\"animation\":\"slide-right-small\"},\"modified\":\"2021-01-11T14:50:55.084Z\",\"name\":\"\"}]}]},{\"type\":\"row\",\"children\":[{\"type\":\"column\",\"props\":{\"image_position\":\"center-center\",\"media_overlay_gradient\":\"\",\"width_medium\":\"1-1\"},\"children\":[{\"name\":\"\",\"type\":\"headline\",\"props\":{\"title_element\":\"h1\",\"title_style\":\"heading-small\",\"text_align\":\"left\",\"content\":\"#gutscheine\",\"animation\":\"none\"}},{\"type\":\"text\",\"props\":{\"margin\":\"default\",\"column_breakpoint\":\"m\",\"content\":\"\n\n<h2><span>online bestellen oder vor Ort abholen!<\\\/span><\\\/h2>\\n\n\n<p>Sie suchen nach dem ganz besonderen Geschenk? Was liegt n\\u00e4her, als Beauty und Entspannung zu verschenken!<br \\\/>Machen Sie Ihre Liebsten gl\\u00fccklich und schenken Sie einen Kosmetik-Gutschein zu Weihnachten, zum Geburtstag oder Jubil\\u00e4um.<\\\/p>\\n\n\n<p>Und das Beste: Sie entscheiden, welchen Geldwert Ihr Gutschein hat. Sie k\\u00f6nnen aber auch eine bestimme Leistung verschenken.<\\\/p>\\n\n\n<p><strong>Unser Tipp: <\\\/strong><br \\\/><strong>All in One Special<\\\/strong><br \\\/><strong>F\\u00fcr alle Hauttypen ca. 60 min. Spezialpreis 130 \\u20ac<\\\/strong><\\\/p>\\n\n\n<h3><span>Gutschein bestellen:<\\\/span><\\\/h3>\"}}]}],\"props\":{\"width\":\"xlarge\",\"margin_remove_top\":true}},{\"type\":\"row\",\"props\":{\"layout\":\"1-2,1-2\",\"margin\":\"large\",\"column_gap\":\"large\",\"width\":\"xlarge\"},\"children\":[{\"type\":\"column\",\"props\":{\"image_position\":\"center-center\",\"media_overlay_gradient\":\"\",\"width_medium\":\"1-2\"},\"children\":[{\"type\":\"button\",\"props\":{\"grid_column_gap\":\"small\",\"grid_row_gap\":\"small\",\"margin\":\"default\"},\"children\":[{\"type\":\"button_item\",\"props\":{\"button_style\":\"primary\",\"icon_align\":\"left\",\"content\":\"KONTAKT\",\"link\":\"kontakt\\\/\",\"icon\":\"sign-out\"}}]}]},{\"type\":\"column\",\"props\":{\"image_position\":\"center-center\",\"media_overlay_gradient\":\"\",\"width_medium\":\"1-2\",\"vertical_align\":\"middle\",\"image\":\"\"},\"children\":[{\"type\":\"headline\",\"props\":{\"title_element\":\"div\",\"content\":\"SKINWAY<br \\\/>ORGANIC &amp; MEDICAL BEAUTY\",\"margin_remove_top\":false,\"margin\":\"small\",\"title_style\":\"h6\",\"title_color\":\"primary\",\"animation\":\"slide-top-small\"}},{\"type\":\"image\",\"props\":{\"margin\":\"default\",\"image_svg_color\":\"emphasis\",\"image\":\"wp-content\\\/uploads\\\/2021\\\/04\\\/Gutschein.3.png\"}}]}]}],\"name\":\"Benefits\"},{\"type\":\"section\",\"props\":{\"style\":\"default\",\"width\":\"default\",\"vertical_align\":\"middle\",\"title_position\":\"top-left\",\"title_rotation\":\"left\",\"title_breakpoint\":\"xl\",\"image_position\":\"center-center\"},\"children\":[{\"type\":\"row\",\"children\":[{\"type\":\"column\",\"props\":{\"image_position\":\"center-center\",\"media_overlay_gradient\":\"\"},\"children\":[]}]}]}],\"version\":\"2.4.9\"} --><\/p>\n","protected":false},"excerpt":{"rendered":"<p>#gutscheine online bestellen oder vor Ort abholen! Sie suchen nach dem ganz besonderen Geschenk? Was liegt n\u00e4her, als Beauty und Entspannung zu verschenken!Machen Sie Ihre Liebsten gl\u00fccklich und schenken Sie einen Kosmetik-Gutschein zu Weihnachten, zum Geburtstag oder Jubil\u00e4um. Und das Beste: Sie entscheiden, welchen Geldwert Ihr Gutschein hat. Sie k\u00f6nnen aber auch eine bestimme Leistung [&hellip;]<\/p>\n","protected":false},"author":1,"featured_media":407,"parent":0,"menu_order":0,"comment_status":"closed","ping_status":"closed","template":"","meta":{"footnotes":""},"class_list":["post-60","page","type-page","status-publish","has-post-thumbnail","hentry"],"yoast_head":"<!-- This site is optimized with the Yoast SEO plugin v27.5 - https:\/\/yoast.com\/product\/yoast-seo-wordpress\/ -->\n<title>GUTSCHEINE - SKINWAY | Organic &amp; Medical Beauty<\/title>\n<meta name=\"description\" content=\"Sie suchen nach dem ganz besonderen Geschenk? Was liegt n\u00e4her, als Beauty und Entspannung zu verschenken!Machen Sie Ihre Liebsten gl\u00fccklich\" \/>\n<meta name=\"robots\" content=\"index, follow, max-snippet:-1, max-image-preview:large, max-video-preview:-1\" \/>\n<link rel=\"canonical\" href=\"https:\/\/skinway.de\/?page_id=60\" \/>\n<meta property=\"og:locale\" content=\"de_DE\" \/>\n<meta property=\"og:type\" content=\"article\" \/>\n<meta property=\"og:title\" content=\"GUTSCHEINE - SKINWAY | Organic &amp; Medical Beauty\" \/>\n<meta property=\"og:description\" content=\"Sie suchen nach dem ganz besonderen Geschenk? Was liegt n\u00e4her, als Beauty und Entspannung zu verschenken!Machen Sie Ihre Liebsten gl\u00fccklich\" \/>\n<meta property=\"og:url\" content=\"https:\/\/skinway.de\/?page_id=60\" \/>\n<meta property=\"og:site_name\" content=\"SKINWAY\" \/>\n<meta property=\"article:modified_time\" content=\"2024-06-25T03:41:33+00:00\" \/>\n<meta property=\"og:image\" content=\"https:\/\/skinway.de\/wp-content\/uploads\/2021\/04\/Gutschein.3.png\" \/>\n\t<meta property=\"og:image:width\" content=\"626\" \/>\n\t<meta property=\"og:image:height\" content=\"626\" \/>\n\t<meta property=\"og:image:type\" content=\"image\/png\" \/>\n<meta name=\"twitter:card\" content=\"summary_large_image\" \/>\n<script type=\"application\/ld+json\" class=\"yoast-schema-graph\">{\"@context\":\"https:\\\/\\\/schema.org\",\"@graph\":[{\"@type\":\"WebPage\",\"@id\":\"https:\\\/\\\/skinway.de\\\/?page_id=60\",\"url\":\"https:\\\/\\\/skinway.de\\\/?page_id=60\",\"name\":\"GUTSCHEINE - SKINWAY | Organic & Medical Beauty\",\"isPartOf\":{\"@id\":\"https:\\\/\\\/skinway.de\\\/#website\"},\"primaryImageOfPage\":{\"@id\":\"https:\\\/\\\/skinway.de\\\/?page_id=60#primaryimage\"},\"image\":{\"@id\":\"https:\\\/\\\/skinway.de\\\/?page_id=60#primaryimage\"},\"thumbnailUrl\":\"https:\\\/\\\/skinway.de\\\/wp-content\\\/uploads\\\/2021\\\/04\\\/Gutschein.3.png\",\"datePublished\":\"2021-04-08T12:43:16+00:00\",\"dateModified\":\"2024-06-25T03:41:33+00:00\",\"description\":\"Sie suchen nach dem ganz besonderen Geschenk? Was liegt n\u00e4her, als Beauty und Entspannung zu verschenken!Machen Sie Ihre Liebsten gl\u00fccklich\",\"breadcrumb\":{\"@id\":\"https:\\\/\\\/skinway.de\\\/?page_id=60#breadcrumb\"},\"inLanguage\":\"de\",\"potentialAction\":[{\"@type\":\"ReadAction\",\"target\":[\"https:\\\/\\\/skinway.de\\\/?page_id=60\"]}]},{\"@type\":\"ImageObject\",\"inLanguage\":\"de\",\"@id\":\"https:\\\/\\\/skinway.de\\\/?page_id=60#primaryimage\",\"url\":\"https:\\\/\\\/skinway.de\\\/wp-content\\\/uploads\\\/2021\\\/04\\\/Gutschein.3.png\",\"contentUrl\":\"https:\\\/\\\/skinway.de\\\/wp-content\\\/uploads\\\/2021\\\/04\\\/Gutschein.3.png\",\"width\":626,\"height\":626,\"caption\":\"GUTSCHEINE\"},{\"@type\":\"BreadcrumbList\",\"@id\":\"https:\\\/\\\/skinway.de\\\/?page_id=60#breadcrumb\",\"itemListElement\":[{\"@type\":\"ListItem\",\"position\":1,\"name\":\"Startseite\",\"item\":\"https:\\\/\\\/skinway.de\\\/\"},{\"@type\":\"ListItem\",\"position\":2,\"name\":\"GUTSCHEINE\"}]},{\"@type\":\"WebSite\",\"@id\":\"https:\\\/\\\/skinway.de\\\/#website\",\"url\":\"https:\\\/\\\/skinway.de\\\/\",\"name\":\"SKINWAY\",\"description\":\"Organic &amp; Medical Beauty\",\"potentialAction\":[{\"@type\":\"SearchAction\",\"target\":{\"@type\":\"EntryPoint\",\"urlTemplate\":\"https:\\\/\\\/skinway.de\\\/?s={search_term_string}\"},\"query-input\":{\"@type\":\"PropertyValueSpecification\",\"valueRequired\":true,\"valueName\":\"search_term_string\"}}],\"inLanguage\":\"de\"}]}<\/script>\n<!-- \/ Yoast SEO plugin. -->","yoast_head_json":{"title":"GUTSCHEINE - SKINWAY | Organic & Medical Beauty","description":"Sie suchen nach dem ganz besonderen Geschenk? Was liegt n\u00e4her, als Beauty und Entspannung zu verschenken!Machen Sie Ihre Liebsten gl\u00fccklich","robots":{"index":"index","follow":"follow","max-snippet":"max-snippet:-1","max-image-preview":"max-image-preview:large","max-video-preview":"max-video-preview:-1"},"canonical":"https:\/\/skinway.de\/?page_id=60","og_locale":"de_DE","og_type":"article","og_title":"GUTSCHEINE - SKINWAY | Organic & Medical Beauty","og_description":"Sie suchen nach dem ganz besonderen Geschenk? Was liegt n\u00e4her, als Beauty und Entspannung zu verschenken!Machen Sie Ihre Liebsten gl\u00fccklich","og_url":"https:\/\/skinway.de\/?page_id=60","og_site_name":"SKINWAY","article_modified_time":"2024-06-25T03:41:33+00:00","og_image":[{"width":626,"height":626,"url":"https:\/\/skinway.de\/wp-content\/uploads\/2021\/04\/Gutschein.3.png","type":"image\/png"}],"twitter_card":"summary_large_image","schema":{"@context":"https:\/\/schema.org","@graph":[{"@type":"WebPage","@id":"https:\/\/skinway.de\/?page_id=60","url":"https:\/\/skinway.de\/?page_id=60","name":"GUTSCHEINE - SKINWAY | Organic & Medical Beauty","isPartOf":{"@id":"https:\/\/skinway.de\/#website"},"primaryImageOfPage":{"@id":"https:\/\/skinway.de\/?page_id=60#primaryimage"},"image":{"@id":"https:\/\/skinway.de\/?page_id=60#primaryimage"},"thumbnailUrl":"https:\/\/skinway.de\/wp-content\/uploads\/2021\/04\/Gutschein.3.png","datePublished":"2021-04-08T12:43:16+00:00","dateModified":"2024-06-25T03:41:33+00:00","description":"Sie suchen nach dem ganz besonderen Geschenk? Was liegt n\u00e4her, als Beauty und Entspannung zu verschenken!Machen Sie Ihre Liebsten gl\u00fccklich","breadcrumb":{"@id":"https:\/\/skinway.de\/?page_id=60#breadcrumb"},"inLanguage":"de","potentialAction":[{"@type":"ReadAction","target":["https:\/\/skinway.de\/?page_id=60"]}]},{"@type":"ImageObject","inLanguage":"de","@id":"https:\/\/skinway.de\/?page_id=60#primaryimage","url":"https:\/\/skinway.de\/wp-content\/uploads\/2021\/04\/Gutschein.3.png","contentUrl":"https:\/\/skinway.de\/wp-content\/uploads\/2021\/04\/Gutschein.3.png","width":626,"height":626,"caption":"GUTSCHEINE"},{"@type":"BreadcrumbList","@id":"https:\/\/skinway.de\/?page_id=60#breadcrumb","itemListElement":[{"@type":"ListItem","position":1,"name":"Startseite","item":"https:\/\/skinway.de\/"},{"@type":"ListItem","position":2,"name":"GUTSCHEINE"}]},{"@type":"WebSite","@id":"https:\/\/skinway.de\/#website","url":"https:\/\/skinway.de\/","name":"SKINWAY","description":"Organic &amp; Medical Beauty","potentialAction":[{"@type":"SearchAction","target":{"@type":"EntryPoint","urlTemplate":"https:\/\/skinway.de\/?s={search_term_string}"},"query-input":{"@type":"PropertyValueSpecification","valueRequired":true,"valueName":"search_term_string"}}],"inLanguage":"de"}]}},"_links":{"self":[{"href":"https:\/\/skinway.de\/index.php?rest_route=\/wp\/v2\/pages\/60","targetHints":{"allow":["GET"]}}],"collection":[{"href":"https:\/\/skinway.de\/index.php?rest_route=\/wp\/v2\/pages"}],"about":[{"href":"https:\/\/skinway.de\/index.php?rest_route=\/wp\/v2\/types\/page"}],"author":[{"embeddable":true,"href":"https:\/\/skinway.de\/index.php?rest_route=\/wp\/v2\/users\/1"}],"replies":[{"embeddable":true,"href":"https:\/\/skinway.de\/index.php?rest_route=%2Fwp%2Fv2%2Fcomments&post=60"}],"version-history":[{"count":18,"href":"https:\/\/skinway.de\/index.php?rest_route=\/wp\/v2\/pages\/60\/revisions"}],"predecessor-version":[{"id":927,"href":"https:\/\/skinway.de\/index.php?rest_route=\/wp\/v2\/pages\/60\/revisions\/927"}],"wp:featuredmedia":[{"embeddable":true,"href":"https:\/\/skinway.de\/index.php?rest_route=\/wp\/v2\/media\/407"}],"wp:attachment":[{"href":"https:\/\/skinway.de\/index.php?rest_route=%2Fwp%2Fv2%2Fmedia&parent=60"}],"curies":[{"name":"wp","href":"https:\/\/api.w.org\/{rel}","templated":true}]}}