{"id":63,"date":"2021-04-08T14:43:26","date_gmt":"2021-04-08T12:43:26","guid":{"rendered":"https:\/\/skinway.de\/?page_id=63"},"modified":"2025-01-28T07:27:06","modified_gmt":"2025-01-28T06:27:06","slug":"kontakt","status":"publish","type":"page","link":"https:\/\/skinway.de\/?page_id=63","title":{"rendered":"KONTAKT"},"content":{"rendered":"<p><img decoding=\"async\" src=\"\/wp-content\/uploads\/2023\/07\/Irina-Bergmayer.png\" alt=\"SkinWay\"><\/p>\n<h1>SKINWAY<br \/>#kontakt<\/h1>\n<p><img decoding=\"async\" src=\"\/wp-content\/uploads\/2021\/05\/SkinWay_Irina.png\" alt=\"\"><\/p>\n<div>\n<div>\n<p>W\u00e4hrend meines Studiums mit einem Nebenfach im Gesundheitswesen und als zertifizierte Pilates Trainerin<br \/>haben mich nicht nur Fragen des gesunden K\u00f6rpers, sondern auch die der \u00c4sthetik und eines gesunden Hautbildes<br \/>interessiert und begeistert.<\/p>\n<p>Mit der Fachausbildung zur Dermo-Kosmetikerin, regelm\u00e4\u00dfigen Weiterbildungen und meinen pers\u00f6nlichen<br \/>Erfahrungen ist es mir gelungen, mein eigenes Kosmetikkonzept zu entwickeln.<\/p>\n<p>Ich freue mich auf Sie!<br \/>Herzliche Gr\u00fcsse,<br \/>Irina Bergmayr<\/p>\n<div class=\"wpb_column eut-column eut-column-1-2\">\n<div class=\"eut-element eut-text\">\n<p><span>Gern k\u00f6nnen Sie mir eine Nachricht schreiben oder mich anrufen: Mobil<strong> <a href=\"tel:015226662288\" target=\"_blank\" rel=\"noopener\">01522 &#8211; 666 22 88<\/a>.<\/strong><br \/>Ich werde mich umgehend bei Ihnen melden.<\/span><\/p>\n<\/div>\n<\/div>\n<\/div>\n<\/div>\n<div>SKINWAY<br \/>ORGANIC &amp; MEDICAL BEAUTY<\/div>\n<h2>Kontakt<\/h2>\n<div>\n<div class=\"eut-element eut-text\">\n<p><span>Skinway Organic &amp; Medical Beauty<br \/>Irina Bergmayr<br \/>Sierichstra\u00dfe 6 <br \/>22301 Hamburg <br \/>Mobil: <a href=\"tel:015226662288\" target=\"_blank\" rel=\"noopener\">01522 &#8211; 666 <strong>22<\/strong> 88<\/a><br \/>E-Mail: <a href=\"mailto:info@skinway.de\" target=\"_blank\" rel=\"noopener\">info@skinway.de<\/a><\/span><\/p>\n<p><strong>Parkm\u00f6glichkeiten:<\/strong><br \/>Bellevue <br \/>Sierichstra\u00dfe (Richtungswechselverkehr)<\/p>\n<\/div>\n<\/div>\n<p><!--more--><br \/>\n<!-- {\"name\":\"Home Skinway\",\"type\":\"layout\",\"children\":[{\"type\":\"section\",\"props\":{\"style\":\"default\",\"width\":\"\",\"vertical_align\":\"middle\",\"title_position\":\"top-left\",\"title_rotation\":\"left\",\"title_breakpoint\":\"xl\",\"image_position\":\"center-center\",\"padding\":\"large\",\"padding_remove_bottom\":true,\"animation\":\"fade\",\"overlap\":false,\"padding_remove_top\":false},\"children\":[{\"type\":\"row\",\"props\":{\"class\":\"\",\"margin\":\"remove-vertical\"},\"children\":[{\"type\":\"column\",\"props\":{\"image_position\":\"center-center\",\"media_overlay_gradient\":\"\",\"width_medium\":\"1-1\"},\"children\":[{\"type\":\"image\",\"props\":{\"margin\":\"default\",\"image_svg_color\":\"emphasis\",\"image\":\"wp-content\\\/uploads\\\/2023\\\/07\\\/Irina-Bergmayer.png\",\"image_svg_inline\":true,\"image_width\":\"300\",\"position\":\"absolute\",\"position_top\":\"-110\",\"text_align\":\"right\",\"position_z_index\":\"0\",\"css\":\".el-image { max-width: 27vw; }\",\"visibility\":\"m\",\"position_right\":\"30\",\"image_height\":\"300\",\"animation\":\"slide-right-small\",\"image_alt\":\"SkinWay\"},\"modified\":\"2021-01-11T14:50:55.084Z\",\"name\":\"\"}]}]},{\"type\":\"row\",\"children\":[{\"type\":\"column\",\"props\":{\"image_position\":\"center-center\",\"media_overlay_gradient\":\"\",\"width_medium\":\"1-1\"},\"children\":[{\"name\":\"\",\"type\":\"headline\",\"props\":{\"title_element\":\"h1\",\"title_style\":\"heading-small\",\"text_align\":\"left\",\"content\":\"SKINWAY<br \\\/>#kontakt\",\"animation\":\"none\"}},{\"type\":\"image\",\"props\":{\"margin\":\"default\",\"image_svg_color\":\"emphasis\",\"image\":\"wp-content\\\/uploads\\\/2021\\\/05\\\/SkinWay_Irina.png\",\"image_width\":\"250\",\"image_height\":\"250\",\"visibility\":\"hidden-m\"},\"name\":\"nur auf dem Handy \"},{\"type\":\"panel\",\"props\":{\"link_text\":\"Read more\",\"title_hover_style\":\"reset\",\"title_element\":\"h3\",\"title_align\":\"top\",\"title_grid_width\":\"1-2\",\"title_grid_breakpoint\":\"m\",\"meta_style\":\"meta\",\"meta_align\":\"below-title\",\"meta_element\":\"div\",\"content_column_breakpoint\":\"m\",\"icon_width\":80,\"image_align\":\"left\",\"image_grid_width\":\"auto\",\"image_grid_breakpoint\":\"m\",\"image_svg_color\":\"emphasis\",\"link_style\":\"default\",\"margin\":\"default\",\"image\":\"\",\"content\":\"\n\n<p>W\\u00e4hrend meines Studiums mit einem Nebenfach im Gesundheitswesen und als zertifizierte Pilates Trainerin<br \\\/>haben mich nicht nur Fragen des gesunden K\\u00f6rpers, sondern auch die der \\u00c4sthetik und eines gesunden Hautbildes<br \\\/>interessiert und begeistert.<\\\/p>\\n\n\n<p>Mit der Fachausbildung zur Dermo-Kosmetikerin, regelm\\u00e4\\u00dfigen Weiterbildungen und meinen pers\\u00f6nlichen<br \\\/>Erfahrungen ist es mir gelungen, mein eigenes Kosmetikkonzept zu entwickeln.<\\\/p>\\n\n\n<p>Ich freue mich auf Sie!<br \\\/>Herzliche Gr\\u00fcsse,<br \\\/>Irina Bergmayr<\\\/p>\\n\n\n<div class=\\\"wpb_column eut-column eut-column-1-2\\\">\\n\n\n<div class=\\\"eut-element eut-text\\\">\\n\n\n<p><span>Gern k\\u00f6nnen Sie mir eine Nachricht schreiben oder mich anrufen: Mobil<strong> <a href=\\\"tel:015226662288\\\" target=\\\"_blank\\\" rel=\\\"noopener\\\">01522 - 666 22 88<\\\/a>.<\\\/strong><br \\\/>Ich werde mich umgehend bei Ihnen melden.<\\\/span><\\\/p>\\n<\\\/div>\\n<\\\/div>\",\"position_right\":\"320\"}}]}],\"props\":{\"width\":\"xlarge\",\"margin_remove_top\":true}},{\"type\":\"row\",\"props\":{\"layout\":\"1-2,1-2\",\"margin\":\"large\",\"column_gap\":\"large\",\"width\":\"xlarge\"},\"children\":[{\"type\":\"column\",\"props\":{\"image_position\":\"center-center\",\"media_overlay_gradient\":\"\",\"width_medium\":\"1-2\",\"image\":\"wp-content\\\/uploads\\\/2021\\\/04\\\/2.png\",\"image_size\":\"cover\"},\"children\":[{\"type\":\"headline\",\"props\":{\"title_element\":\"div\",\"content\":\"SKINWAY<br \\\/>ORGANIC &amp; MEDICAL BEAUTY\",\"margin_remove_top\":false,\"margin\":\"small\",\"title_style\":\"h6\",\"title_color\":\"primary\",\"animation\":\"slide-top-small\"}},{\"type\":\"headline\",\"props\":{\"title_element\":\"h2\",\"content\":\"Kontakt\",\"margin\":\"default\"}},{\"type\":\"text\",\"props\":{\"margin\":\"default\",\"column_breakpoint\":\"m\",\"content\":\"\n\n<div class=\\\"eut-element eut-text\\\">\\n\n\n<p><span>Skinway Organic &amp; Medical Beauty<br \\\/>Irina Bergmayr<br \\\/>Sierichstra\\u00dfe 6 <br \\\/>22301 Hamburg <br \\\/>Mobil: <a href=\\\"tel:015226662288\\\" target=\\\"_blank\\\" rel=\\\"noopener\\\">01522 - 666 <strong>22<\\\/strong> 88<\\\/a><br \\\/>E-Mail: <a href=\\\"mailto:info@skinway.de\\\" target=\\\"_blank\\\" rel=\\\"noopener\\\">info@skinway.de<\\\/a><\\\/span><\\\/p>\\n\n\n<p><strong>Parkm\\u00f6glichkeiten:<\\\/strong><br \\\/>Bellevue <br \\\/>Sierichstra\\u00dfe (Richtungswechselverkehr)<\\\/p>\\n<\\\/div>\"}}]},{\"type\":\"column\",\"props\":{\"image_position\":\"center-center\",\"media_overlay_gradient\":\"\",\"width_medium\":\"1-2\",\"image\":\"\",\"image_size\":\"cover\"},\"children\":[]}]}],\"name\":\"Benefits\"},{\"type\":\"section\",\"props\":{\"style\":\"default\",\"width\":\"default\",\"vertical_align\":\"middle\",\"title_position\":\"top-left\",\"title_rotation\":\"left\",\"title_breakpoint\":\"xl\",\"image_position\":\"center-center\"},\"children\":[{\"type\":\"row\",\"children\":[{\"type\":\"column\",\"props\":{\"image_position\":\"center-center\",\"media_overlay_gradient\":\"\"},\"children\":[]}]}]}],\"version\":\"2.4.9\"} --><\/p>\n","protected":false},"excerpt":{"rendered":"<p>SKINWAY#kontakt W\u00e4hrend meines Studiums mit einem Nebenfach im Gesundheitswesen und als zertifizierte Pilates Trainerinhaben mich nicht nur Fragen des gesunden K\u00f6rpers, sondern auch die der \u00c4sthetik und eines gesunden Hautbildesinteressiert und begeistert. Mit der Fachausbildung zur Dermo-Kosmetikerin, regelm\u00e4\u00dfigen Weiterbildungen und meinen pers\u00f6nlichenErfahrungen ist es mir gelungen, mein eigenes Kosmetikkonzept zu entwickeln. Ich freue mich auf [&hellip;]<\/p>\n","protected":false},"author":1,"featured_media":70,"parent":0,"menu_order":0,"comment_status":"closed","ping_status":"closed","template":"","meta":{"footnotes":""},"class_list":["post-63","page","type-page","status-publish","has-post-thumbnail","hentry"],"yoast_head":"<!-- This site is optimized with the Yoast SEO plugin v27.5 - https:\/\/yoast.com\/product\/yoast-seo-wordpress\/ -->\n<title>KONTAKT - SKINWAY | Organic &amp; Medical Beauty<\/title>\n<meta name=\"description\" content=\"KONTAKT - Skinway Organic &amp; Medica Beauty | Irina Bergmayr | Alsterchaussee 3, 20149 Hamburg | Mobil: 01522 666 22 88 | E-Mail: info@skinway.de\" \/>\n<meta name=\"robots\" content=\"index, follow, max-snippet:-1, max-image-preview:large, max-video-preview:-1\" \/>\n<link rel=\"canonical\" href=\"https:\/\/skinway.de\/?page_id=63\" \/>\n<meta property=\"og:locale\" content=\"de_DE\" \/>\n<meta property=\"og:type\" content=\"article\" \/>\n<meta property=\"og:title\" content=\"KONTAKT - SKINWAY | Organic &amp; Medical Beauty\" \/>\n<meta property=\"og:description\" content=\"KONTAKT - Skinway Organic &amp; Medica Beauty | Irina Bergmayr | Alsterchaussee 3, 20149 Hamburg | Mobil: 01522 666 22 88 | E-Mail: info@skinway.de\" \/>\n<meta property=\"og:url\" content=\"https:\/\/skinway.de\/?page_id=63\" \/>\n<meta property=\"og:site_name\" content=\"SKINWAY\" \/>\n<meta property=\"article:modified_time\" content=\"2025-01-28T06:27:06+00:00\" \/>\n<meta property=\"og:image\" content=\"https:\/\/skinway.de\/wp-content\/uploads\/2021\/04\/2.png\" \/>\n\t<meta property=\"og:image:width\" content=\"1800\" \/>\n\t<meta property=\"og:image:height\" content=\"1200\" \/>\n\t<meta property=\"og:image:type\" content=\"image\/png\" \/>\n<meta name=\"twitter:card\" content=\"summary_large_image\" \/>\n<meta name=\"twitter:label1\" content=\"Gesch\u00e4tzte Lesezeit\" \/>\n\t<meta name=\"twitter:data1\" content=\"2\u00a0Minuten\" \/>\n<script type=\"application\/ld+json\" class=\"yoast-schema-graph\">{\"@context\":\"https:\\\/\\\/schema.org\",\"@graph\":[{\"@type\":\"WebPage\",\"@id\":\"https:\\\/\\\/skinway.de\\\/?page_id=63\",\"url\":\"https:\\\/\\\/skinway.de\\\/?page_id=63\",\"name\":\"KONTAKT - SKINWAY | Organic & Medical Beauty\",\"isPartOf\":{\"@id\":\"https:\\\/\\\/skinway.de\\\/#website\"},\"primaryImageOfPage\":{\"@id\":\"https:\\\/\\\/skinway.de\\\/?page_id=63#primaryimage\"},\"image\":{\"@id\":\"https:\\\/\\\/skinway.de\\\/?page_id=63#primaryimage\"},\"thumbnailUrl\":\"https:\\\/\\\/skinway.de\\\/wp-content\\\/uploads\\\/2021\\\/04\\\/2.png\",\"datePublished\":\"2021-04-08T12:43:26+00:00\",\"dateModified\":\"2025-01-28T06:27:06+00:00\",\"description\":\"KONTAKT - Skinway Organic & Medica Beauty | Irina Bergmayr | Alsterchaussee 3, 20149 Hamburg | Mobil: 01522 666 22 88 | E-Mail: info@skinway.de\",\"breadcrumb\":{\"@id\":\"https:\\\/\\\/skinway.de\\\/?page_id=63#breadcrumb\"},\"inLanguage\":\"de\",\"potentialAction\":[{\"@type\":\"ReadAction\",\"target\":[\"https:\\\/\\\/skinway.de\\\/?page_id=63\"]}]},{\"@type\":\"ImageObject\",\"inLanguage\":\"de\",\"@id\":\"https:\\\/\\\/skinway.de\\\/?page_id=63#primaryimage\",\"url\":\"https:\\\/\\\/skinway.de\\\/wp-content\\\/uploads\\\/2021\\\/04\\\/2.png\",\"contentUrl\":\"https:\\\/\\\/skinway.de\\\/wp-content\\\/uploads\\\/2021\\\/04\\\/2.png\",\"width\":1800,\"height\":1200,\"caption\":\"Couperose & Akne\"},{\"@type\":\"BreadcrumbList\",\"@id\":\"https:\\\/\\\/skinway.de\\\/?page_id=63#breadcrumb\",\"itemListElement\":[{\"@type\":\"ListItem\",\"position\":1,\"name\":\"Startseite\",\"item\":\"https:\\\/\\\/skinway.de\\\/\"},{\"@type\":\"ListItem\",\"position\":2,\"name\":\"KONTAKT\"}]},{\"@type\":\"WebSite\",\"@id\":\"https:\\\/\\\/skinway.de\\\/#website\",\"url\":\"https:\\\/\\\/skinway.de\\\/\",\"name\":\"SKINWAY\",\"description\":\"Organic &amp; Medical Beauty\",\"potentialAction\":[{\"@type\":\"SearchAction\",\"target\":{\"@type\":\"EntryPoint\",\"urlTemplate\":\"https:\\\/\\\/skinway.de\\\/?s={search_term_string}\"},\"query-input\":{\"@type\":\"PropertyValueSpecification\",\"valueRequired\":true,\"valueName\":\"search_term_string\"}}],\"inLanguage\":\"de\"}]}<\/script>\n<!-- \/ Yoast SEO plugin. -->","yoast_head_json":{"title":"KONTAKT - SKINWAY | Organic & Medical Beauty","description":"KONTAKT - Skinway Organic & Medica Beauty | Irina Bergmayr | Alsterchaussee 3, 20149 Hamburg | Mobil: 01522 666 22 88 | E-Mail: info@skinway.de","robots":{"index":"index","follow":"follow","max-snippet":"max-snippet:-1","max-image-preview":"max-image-preview:large","max-video-preview":"max-video-preview:-1"},"canonical":"https:\/\/skinway.de\/?page_id=63","og_locale":"de_DE","og_type":"article","og_title":"KONTAKT - SKINWAY | Organic & Medical Beauty","og_description":"KONTAKT - Skinway Organic & Medica Beauty | Irina Bergmayr | Alsterchaussee 3, 20149 Hamburg | Mobil: 01522 666 22 88 | E-Mail: info@skinway.de","og_url":"https:\/\/skinway.de\/?page_id=63","og_site_name":"SKINWAY","article_modified_time":"2025-01-28T06:27:06+00:00","og_image":[{"width":1800,"height":1200,"url":"https:\/\/skinway.de\/wp-content\/uploads\/2021\/04\/2.png","type":"image\/png"}],"twitter_card":"summary_large_image","twitter_misc":{"Gesch\u00e4tzte Lesezeit":"2\u00a0Minuten"},"schema":{"@context":"https:\/\/schema.org","@graph":[{"@type":"WebPage","@id":"https:\/\/skinway.de\/?page_id=63","url":"https:\/\/skinway.de\/?page_id=63","name":"KONTAKT - SKINWAY | Organic & Medical Beauty","isPartOf":{"@id":"https:\/\/skinway.de\/#website"},"primaryImageOfPage":{"@id":"https:\/\/skinway.de\/?page_id=63#primaryimage"},"image":{"@id":"https:\/\/skinway.de\/?page_id=63#primaryimage"},"thumbnailUrl":"https:\/\/skinway.de\/wp-content\/uploads\/2021\/04\/2.png","datePublished":"2021-04-08T12:43:26+00:00","dateModified":"2025-01-28T06:27:06+00:00","description":"KONTAKT - Skinway Organic & Medica Beauty | Irina Bergmayr | Alsterchaussee 3, 20149 Hamburg | Mobil: 01522 666 22 88 | E-Mail: info@skinway.de","breadcrumb":{"@id":"https:\/\/skinway.de\/?page_id=63#breadcrumb"},"inLanguage":"de","potentialAction":[{"@type":"ReadAction","target":["https:\/\/skinway.de\/?page_id=63"]}]},{"@type":"ImageObject","inLanguage":"de","@id":"https:\/\/skinway.de\/?page_id=63#primaryimage","url":"https:\/\/skinway.de\/wp-content\/uploads\/2021\/04\/2.png","contentUrl":"https:\/\/skinway.de\/wp-content\/uploads\/2021\/04\/2.png","width":1800,"height":1200,"caption":"Couperose & Akne"},{"@type":"BreadcrumbList","@id":"https:\/\/skinway.de\/?page_id=63#breadcrumb","itemListElement":[{"@type":"ListItem","position":1,"name":"Startseite","item":"https:\/\/skinway.de\/"},{"@type":"ListItem","position":2,"name":"KONTAKT"}]},{"@type":"WebSite","@id":"https:\/\/skinway.de\/#website","url":"https:\/\/skinway.de\/","name":"SKINWAY","description":"Organic &amp; Medical Beauty","potentialAction":[{"@type":"SearchAction","target":{"@type":"EntryPoint","urlTemplate":"https:\/\/skinway.de\/?s={search_term_string}"},"query-input":{"@type":"PropertyValueSpecification","valueRequired":true,"valueName":"search_term_string"}}],"inLanguage":"de"}]}},"_links":{"self":[{"href":"https:\/\/skinway.de\/index.php?rest_route=\/wp\/v2\/pages\/63","targetHints":{"allow":["GET"]}}],"collection":[{"href":"https:\/\/skinway.de\/index.php?rest_route=\/wp\/v2\/pages"}],"about":[{"href":"https:\/\/skinway.de\/index.php?rest_route=\/wp\/v2\/types\/page"}],"author":[{"embeddable":true,"href":"https:\/\/skinway.de\/index.php?rest_route=\/wp\/v2\/users\/1"}],"replies":[{"embeddable":true,"href":"https:\/\/skinway.de\/index.php?rest_route=%2Fwp%2Fv2%2Fcomments&post=63"}],"version-history":[{"count":48,"href":"https:\/\/skinway.de\/index.php?rest_route=\/wp\/v2\/pages\/63\/revisions"}],"predecessor-version":[{"id":937,"href":"https:\/\/skinway.de\/index.php?rest_route=\/wp\/v2\/pages\/63\/revisions\/937"}],"wp:featuredmedia":[{"embeddable":true,"href":"https:\/\/skinway.de\/index.php?rest_route=\/wp\/v2\/media\/70"}],"wp:attachment":[{"href":"https:\/\/skinway.de\/index.php?rest_route=%2Fwp%2Fv2%2Fmedia&parent=63"}],"curies":[{"name":"wp","href":"https:\/\/api.w.org\/{rel}","templated":true}]}}