{"id":712,"date":"2021-11-01T05:15:28","date_gmt":"2021-11-01T04:15:28","guid":{"rendered":"https:\/\/skinway.de\/?page_id=712"},"modified":"2024-06-25T05:46:07","modified_gmt":"2024-06-25T03:46:07","slug":"onlineberatung","status":"publish","type":"page","link":"https:\/\/skinway.de\/?page_id=712","title":{"rendered":"Onlineberatung"},"content":{"rendered":"<p><img decoding=\"async\" src=\"\/wp-content\/uploads\/2021\/10\/Irina-2021.jpg\" alt=\"\"><\/p>\n<h1>SKINWAY<br \/>#onlineberatung<\/h1>\n<p><img decoding=\"async\" src=\"\/wp-content\/uploads\/2021\/10\/Irina-2021.jpg\" alt=\"\"><\/p>\n<div>SKINWAY<br \/>ORGANIC &amp; MEDICAL BEAUTY<\/div>\n<h2>\n<h2 class=\"uk-margin uk-margin-remove-top uk-scrollspy-inview uk-animation-fade\" data-id=\"page#0-3-0-1\" uk-scrollspy-class=\"uk-animation-fade\">Online-Sprechstunde <\/h2>\n<\/h2>\n<div>\n<p><span>Individuelle Beratung geht auch digital: Live-Chat oder Video-Beratung.\u00a0<\/span><\/p>\n<p><span>Tats\u00e4chlich kann ein pers\u00f6nlicher Termin vor Ort nicht ersetzt werden. Jedoch kann ich Ihnen bereits anhand einiger Fragen eine recht genaue Einsch\u00e4tzung bez\u00fcglich Ihres Hautzustandes und m\u00f6glicher Probleml\u00f6sungen bieten.\u00a0<\/span><\/p>\n<p><span>Gern analysieren wir zusammen Ihre aktuelle Heimpflege. Behandlungen im Kosmetik-Salon und die Pflege zu Hause, sollten aufeinander abgestimmt sein, um einen optimalen Erfolg erreichen zu k\u00f6nnen.<\/span><\/p>\n<p><span>Eine maximale Verbesserung des Hautbildes ist nur mit hochwertiger und hautspezifischer Systempflege ohne bedenklicher Inhaltsstoffe m\u00f6glich.\u00a0<\/span><\/p>\n<p><span>Gern gebe ich Ihnen Hinweise zur allt\u00e4glichen Hautpflege als auch zum Behandlungsplan in der Kabine.\u00a0<\/span><\/p>\n<p><span>Nehmen Sie gerne Kontakt zu mir auf.<\/span><\/p>\n<\/div>\n<p>\n    <a href=\"\/kontakt\/\">KONTAKT<\/a>\n<\/p>\n<p><!--more--><br \/>\n<!-- {\"name\":\"Kosmetik Konzept\",\"type\":\"layout\",\"children\":[{\"type\":\"section\",\"props\":{\"style\":\"default\",\"width\":\"\",\"vertical_align\":\"middle\",\"title_position\":\"top-left\",\"title_rotation\":\"left\",\"title_breakpoint\":\"xl\",\"image_position\":\"center-center\",\"padding\":\"large\",\"padding_remove_bottom\":true,\"animation\":\"fade\",\"overlap\":false,\"padding_remove_top\":false},\"children\":[{\"type\":\"row\",\"props\":{\"class\":\"\",\"margin\":\"remove-vertical\"},\"children\":[{\"type\":\"column\",\"props\":{\"image_position\":\"center-center\",\"media_overlay_gradient\":\"\",\"width_medium\":\"1-1\"},\"children\":[{\"type\":\"image\",\"props\":{\"margin\":\"default\",\"image_svg_color\":\"emphasis\",\"image\":\"wp-content\\\/uploads\\\/2021\\\/10\\\/Irina-2021.jpg\",\"image_svg_inline\":true,\"image_width\":\"300\",\"position\":\"absolute\",\"position_top\":\"-110\",\"text_align\":\"right\",\"position_z_index\":\"0\",\"css\":\".el-image { max-width: 27vw; }\",\"visibility\":\"m\",\"position_right\":\"30\",\"image_height\":\"300\",\"animation\":\"slide-right-small\"},\"modified\":\"2021-01-11T14:50:55.084Z\",\"name\":\"\"}]}]},{\"type\":\"row\",\"children\":[{\"type\":\"column\",\"props\":{\"image_position\":\"center-center\",\"media_overlay_gradient\":\"\",\"width_medium\":\"1-1\"},\"children\":[{\"name\":\"\",\"type\":\"headline\",\"props\":{\"title_element\":\"h1\",\"title_style\":\"heading-small\",\"text_align\":\"left\",\"content\":\"SKINWAY<br \\\/>#onlineberatung\",\"animation\":\"none\"}},{\"type\":\"image\",\"props\":{\"margin\":\"default\",\"image_svg_color\":\"emphasis\",\"image\":\"wp-content\\\/uploads\\\/2021\\\/10\\\/Irina-2021.jpg\",\"image_width\":\"250\",\"image_height\":\"250\",\"visibility\":\"hidden-m\"},\"name\":\"nur auf dem Handy \"}]}],\"props\":{\"width\":\"xlarge\",\"margin_remove_top\":true}},{\"type\":\"row\",\"props\":{\"margin\":\"large\",\"column_gap\":\"large\",\"width\":\"xlarge\",\"divider\":false,\"match\":false},\"children\":[{\"type\":\"column\",\"props\":{\"image_position\":\"center-center\",\"media_overlay_gradient\":\"\",\"width_medium\":\"\",\"image\":\"\",\"media_overlay\":\"#F1F1F1\"},\"children\":[{\"type\":\"headline\",\"props\":{\"title_element\":\"div\",\"content\":\"<br \\\/>SKINWAY<br \\\/>ORGANIC &amp; MEDICAL BEAUTY\",\"margin_remove_top\":false,\"margin\":\"small\",\"title_style\":\"h6\",\"title_color\":\"primary\",\"animation\":\"slide-top-small\"}},{\"type\":\"headline\",\"props\":{\"title_element\":\"h2\",\"content\":\"\n\n<h2 class=\\\"uk-margin uk-margin-remove-top uk-scrollspy-inview uk-animation-fade\\\" data-id=\\\"page#0-3-0-1\\\" uk-scrollspy-class=\\\"uk-animation-fade\\\">Online-Sprechstunde <\\\/h2>\",\"margin\":\"default\"}},{\"type\":\"text\",\"props\":{\"margin\":\"default\",\"column_breakpoint\":\"m\",\"content\":\"\n\n<p><span>Individuelle Beratung geht auch digital: Live-Chat oder Video-Beratung.\\u00a0<\\\/span><\\\/p>\\n\n\n<p><span>Tats\\u00e4chlich kann ein pers\\u00f6nlicher Termin vor Ort nicht ersetzt werden. Jedoch kann ich Ihnen bereits anhand einiger Fragen eine recht genaue Einsch\\u00e4tzung bez\\u00fcglich Ihres Hautzustandes und m\\u00f6glicher Probleml\\u00f6sungen bieten.\\u00a0<\\\/span><\\\/p>\\n\n\n<p><span>Gern analysieren wir zusammen Ihre aktuelle Heimpflege. Behandlungen im Kosmetik-Salon und die Pflege zu Hause, sollten aufeinander abgestimmt sein, um einen optimalen Erfolg erreichen zu k\\u00f6nnen.<\\\/span><\\\/p>\\n\n\n<p><span>Eine maximale Verbesserung des Hautbildes ist nur mit hochwertiger und hautspezifischer Systempflege ohne bedenklicher Inhaltsstoffe m\\u00f6glich.\\u00a0<\\\/span><\\\/p>\\n\n\n<p><span>Gern gebe ich Ihnen Hinweise zur allt\\u00e4glichen Hautpflege als auch zum Behandlungsplan in der Kabine.\\u00a0<\\\/span><\\\/p>\\n\n\n<p><span>Nehmen Sie gerne Kontakt zu mir auf.<\\\/span><\\\/p>\"}},{\"type\":\"button\",\"props\":{\"grid_column_gap\":\"small\",\"grid_row_gap\":\"small\",\"margin\":\"default\"},\"children\":[{\"type\":\"button_item\",\"props\":{\"button_style\":\"primary\",\"icon_align\":\"left\",\"content\":\"KONTAKT\",\"link\":\"kontakt\\\/\",\"icon\":\"sign-out\"}}]}]}]}],\"name\":\"Benefits\"},{\"type\":\"section\",\"props\":{\"style\":\"default\",\"width\":\"default\",\"vertical_align\":\"middle\",\"title_position\":\"top-left\",\"title_rotation\":\"left\",\"title_breakpoint\":\"xl\",\"image_position\":\"center-center\"},\"children\":[{\"type\":\"row\",\"children\":[{\"type\":\"column\",\"props\":{\"image_position\":\"center-center\",\"media_overlay_gradient\":\"\"},\"children\":[]}]}]}],\"version\":\"2.4.9\"} --><\/p>\n","protected":false},"excerpt":{"rendered":"<p>SKINWAY#onlineberatung SKINWAYORGANIC &amp; MEDICAL BEAUTY Online-Sprechstunde Individuelle Beratung geht auch digital: Live-Chat oder Video-Beratung.\u00a0 Tats\u00e4chlich kann ein pers\u00f6nlicher Termin vor Ort nicht ersetzt werden. Jedoch kann ich Ihnen bereits anhand einiger Fragen eine recht genaue Einsch\u00e4tzung bez\u00fcglich Ihres Hautzustandes und m\u00f6glicher Probleml\u00f6sungen bieten.\u00a0 Gern analysieren wir zusammen Ihre aktuelle Heimpflege. Behandlungen im Kosmetik-Salon und die [&hellip;]<\/p>\n","protected":false},"author":1,"featured_media":543,"parent":0,"menu_order":0,"comment_status":"closed","ping_status":"closed","template":"","meta":{"footnotes":""},"class_list":["post-712","page","type-page","status-publish","has-post-thumbnail","hentry"],"yoast_head":"<!-- This site is optimized with the Yoast SEO plugin v27.5 - https:\/\/yoast.com\/product\/yoast-seo-wordpress\/ -->\n<title>Onlineberatung - SKINWAY<\/title>\n<meta name=\"description\" content=\"Onlineberatung bei Skinway - Gern analysieren wir zusammen Ihre aktuelle Heimpflege. Behandlungen im Kosmetik-Salon und die Pflege zu Hause\" \/>\n<meta name=\"robots\" content=\"index, follow, max-snippet:-1, max-image-preview:large, max-video-preview:-1\" \/>\n<link rel=\"canonical\" href=\"https:\/\/skinway.de\/?page_id=712\" \/>\n<meta property=\"og:locale\" content=\"de_DE\" \/>\n<meta property=\"og:type\" content=\"article\" \/>\n<meta property=\"og:title\" content=\"Onlineberatung - SKINWAY\" \/>\n<meta property=\"og:description\" content=\"Onlineberatung bei Skinway - Gern analysieren wir zusammen Ihre aktuelle Heimpflege. Behandlungen im Kosmetik-Salon und die Pflege zu Hause\" \/>\n<meta property=\"og:url\" content=\"https:\/\/skinway.de\/?page_id=712\" \/>\n<meta property=\"og:site_name\" content=\"SKINWAY\" \/>\n<meta property=\"article:modified_time\" content=\"2024-06-25T03:46:07+00:00\" \/>\n<meta property=\"og:image\" content=\"https:\/\/skinway.de\/wp-content\/uploads\/2021\/05\/Skinway_01.png\" \/>\n\t<meta property=\"og:image:width\" content=\"1000\" \/>\n\t<meta property=\"og:image:height\" content=\"1000\" \/>\n\t<meta property=\"og:image:type\" content=\"image\/png\" \/>\n<meta name=\"twitter:card\" content=\"summary_large_image\" \/>\n<meta name=\"twitter:label1\" content=\"Gesch\u00e4tzte Lesezeit\" \/>\n\t<meta name=\"twitter:data1\" content=\"1\u00a0Minute\" \/>\n<script type=\"application\/ld+json\" class=\"yoast-schema-graph\">{\"@context\":\"https:\\\/\\\/schema.org\",\"@graph\":[{\"@type\":\"WebPage\",\"@id\":\"https:\\\/\\\/skinway.de\\\/?page_id=712\",\"url\":\"https:\\\/\\\/skinway.de\\\/?page_id=712\",\"name\":\"Onlineberatung - SKINWAY\",\"isPartOf\":{\"@id\":\"https:\\\/\\\/skinway.de\\\/#website\"},\"primaryImageOfPage\":{\"@id\":\"https:\\\/\\\/skinway.de\\\/?page_id=712#primaryimage\"},\"image\":{\"@id\":\"https:\\\/\\\/skinway.de\\\/?page_id=712#primaryimage\"},\"thumbnailUrl\":\"https:\\\/\\\/skinway.de\\\/wp-content\\\/uploads\\\/2021\\\/05\\\/Skinway_01.png\",\"datePublished\":\"2021-11-01T04:15:28+00:00\",\"dateModified\":\"2024-06-25T03:46:07+00:00\",\"description\":\"Onlineberatung bei Skinway - Gern analysieren wir zusammen Ihre aktuelle Heimpflege. Behandlungen im Kosmetik-Salon und die Pflege zu Hause\",\"breadcrumb\":{\"@id\":\"https:\\\/\\\/skinway.de\\\/?page_id=712#breadcrumb\"},\"inLanguage\":\"de\",\"potentialAction\":[{\"@type\":\"ReadAction\",\"target\":[\"https:\\\/\\\/skinway.de\\\/?page_id=712\"]}]},{\"@type\":\"ImageObject\",\"inLanguage\":\"de\",\"@id\":\"https:\\\/\\\/skinway.de\\\/?page_id=712#primaryimage\",\"url\":\"https:\\\/\\\/skinway.de\\\/wp-content\\\/uploads\\\/2021\\\/05\\\/Skinway_01.png\",\"contentUrl\":\"https:\\\/\\\/skinway.de\\\/wp-content\\\/uploads\\\/2021\\\/05\\\/Skinway_01.png\",\"width\":1000,\"height\":1000,\"caption\":\"Gesicht Ladies\"},{\"@type\":\"BreadcrumbList\",\"@id\":\"https:\\\/\\\/skinway.de\\\/?page_id=712#breadcrumb\",\"itemListElement\":[{\"@type\":\"ListItem\",\"position\":1,\"name\":\"Startseite\",\"item\":\"https:\\\/\\\/skinway.de\\\/\"},{\"@type\":\"ListItem\",\"position\":2,\"name\":\"Onlineberatung\"}]},{\"@type\":\"WebSite\",\"@id\":\"https:\\\/\\\/skinway.de\\\/#website\",\"url\":\"https:\\\/\\\/skinway.de\\\/\",\"name\":\"SKINWAY\",\"description\":\"Organic &amp; Medical Beauty\",\"potentialAction\":[{\"@type\":\"SearchAction\",\"target\":{\"@type\":\"EntryPoint\",\"urlTemplate\":\"https:\\\/\\\/skinway.de\\\/?s={search_term_string}\"},\"query-input\":{\"@type\":\"PropertyValueSpecification\",\"valueRequired\":true,\"valueName\":\"search_term_string\"}}],\"inLanguage\":\"de\"}]}<\/script>\n<!-- \/ Yoast SEO plugin. -->","yoast_head_json":{"title":"Onlineberatung - SKINWAY","description":"Onlineberatung bei Skinway - Gern analysieren wir zusammen Ihre aktuelle Heimpflege. Behandlungen im Kosmetik-Salon und die Pflege zu Hause","robots":{"index":"index","follow":"follow","max-snippet":"max-snippet:-1","max-image-preview":"max-image-preview:large","max-video-preview":"max-video-preview:-1"},"canonical":"https:\/\/skinway.de\/?page_id=712","og_locale":"de_DE","og_type":"article","og_title":"Onlineberatung - SKINWAY","og_description":"Onlineberatung bei Skinway - Gern analysieren wir zusammen Ihre aktuelle Heimpflege. Behandlungen im Kosmetik-Salon und die Pflege zu Hause","og_url":"https:\/\/skinway.de\/?page_id=712","og_site_name":"SKINWAY","article_modified_time":"2024-06-25T03:46:07+00:00","og_image":[{"width":1000,"height":1000,"url":"https:\/\/skinway.de\/wp-content\/uploads\/2021\/05\/Skinway_01.png","type":"image\/png"}],"twitter_card":"summary_large_image","twitter_misc":{"Gesch\u00e4tzte Lesezeit":"1\u00a0Minute"},"schema":{"@context":"https:\/\/schema.org","@graph":[{"@type":"WebPage","@id":"https:\/\/skinway.de\/?page_id=712","url":"https:\/\/skinway.de\/?page_id=712","name":"Onlineberatung - SKINWAY","isPartOf":{"@id":"https:\/\/skinway.de\/#website"},"primaryImageOfPage":{"@id":"https:\/\/skinway.de\/?page_id=712#primaryimage"},"image":{"@id":"https:\/\/skinway.de\/?page_id=712#primaryimage"},"thumbnailUrl":"https:\/\/skinway.de\/wp-content\/uploads\/2021\/05\/Skinway_01.png","datePublished":"2021-11-01T04:15:28+00:00","dateModified":"2024-06-25T03:46:07+00:00","description":"Onlineberatung bei Skinway - Gern analysieren wir zusammen Ihre aktuelle Heimpflege. Behandlungen im Kosmetik-Salon und die Pflege zu Hause","breadcrumb":{"@id":"https:\/\/skinway.de\/?page_id=712#breadcrumb"},"inLanguage":"de","potentialAction":[{"@type":"ReadAction","target":["https:\/\/skinway.de\/?page_id=712"]}]},{"@type":"ImageObject","inLanguage":"de","@id":"https:\/\/skinway.de\/?page_id=712#primaryimage","url":"https:\/\/skinway.de\/wp-content\/uploads\/2021\/05\/Skinway_01.png","contentUrl":"https:\/\/skinway.de\/wp-content\/uploads\/2021\/05\/Skinway_01.png","width":1000,"height":1000,"caption":"Gesicht Ladies"},{"@type":"BreadcrumbList","@id":"https:\/\/skinway.de\/?page_id=712#breadcrumb","itemListElement":[{"@type":"ListItem","position":1,"name":"Startseite","item":"https:\/\/skinway.de\/"},{"@type":"ListItem","position":2,"name":"Onlineberatung"}]},{"@type":"WebSite","@id":"https:\/\/skinway.de\/#website","url":"https:\/\/skinway.de\/","name":"SKINWAY","description":"Organic &amp; Medical Beauty","potentialAction":[{"@type":"SearchAction","target":{"@type":"EntryPoint","urlTemplate":"https:\/\/skinway.de\/?s={search_term_string}"},"query-input":{"@type":"PropertyValueSpecification","valueRequired":true,"valueName":"search_term_string"}}],"inLanguage":"de"}]}},"_links":{"self":[{"href":"https:\/\/skinway.de\/index.php?rest_route=\/wp\/v2\/pages\/712","targetHints":{"allow":["GET"]}}],"collection":[{"href":"https:\/\/skinway.de\/index.php?rest_route=\/wp\/v2\/pages"}],"about":[{"href":"https:\/\/skinway.de\/index.php?rest_route=\/wp\/v2\/types\/page"}],"author":[{"embeddable":true,"href":"https:\/\/skinway.de\/index.php?rest_route=\/wp\/v2\/users\/1"}],"replies":[{"embeddable":true,"href":"https:\/\/skinway.de\/index.php?rest_route=%2Fwp%2Fv2%2Fcomments&post=712"}],"version-history":[{"count":31,"href":"https:\/\/skinway.de\/index.php?rest_route=\/wp\/v2\/pages\/712\/revisions"}],"predecessor-version":[{"id":929,"href":"https:\/\/skinway.de\/index.php?rest_route=\/wp\/v2\/pages\/712\/revisions\/929"}],"wp:featuredmedia":[{"embeddable":true,"href":"https:\/\/skinway.de\/index.php?rest_route=\/wp\/v2\/media\/543"}],"wp:attachment":[{"href":"https:\/\/skinway.de\/index.php?rest_route=%2Fwp%2Fv2%2Fmedia&parent=712"}],"curies":[{"name":"wp","href":"https:\/\/api.w.org\/{rel}","templated":true}]}}