{"id":849,"date":"2023-03-21T15:35:15","date_gmt":"2023-03-21T14:35:15","guid":{"rendered":"https:\/\/skinway.de\/?page_id=849"},"modified":"2024-06-25T04:58:25","modified_gmt":"2024-06-25T02:58:25","slug":"special-treatments","status":"publish","type":"page","link":"https:\/\/skinway.de\/?page_id=849","title":{"rendered":"Special Treatments"},"content":{"rendered":"<h1>SKINWAY<br \/>#spezialtreatments<\/h1>\n<div>\n<p>        <img decoding=\"async\" src=\"\/wp-content\/uploads\/2021\/04\/3.png\" alt=\"\"><\/p>\n<div>\n<div class=\"ts-box-icon-title-holder\">\n<h3 class=\"ts-box-icon-title-text\"><strong>Special Offer<\/strong><br \/>All in One Special ca. 60 min. 135\u20ac<\/h3>\n<p>Eine klassische Gesichtsbehandlung f\u00fcr Gesicht, Hals &amp; D\u00e9collet\u00e9:<br \/>Reinigung, Peeling, Wirkstoffkonzentrat, Maske und entspannende Gesichtsmassage. Auswahl von dermo-kosmetischen Behandlungsprodukten findet nach Hautzustand statt.<br \/>Ausreinigung, Augenbrauenkorrektur sowie das F\u00e4rben von Wimpern und Augenbrauen sind inkludiert.<\/p>\n<\/div>\n<\/div>\n<p><a href=\"https:\/\/buchung.treatwell.de\/ort\/skinway-organic-medical-beauty\/\">Termin buchen<\/a><\/p>\n<\/div>\n<ul>\n<li>\n<h3>Mikrodermabrasion \/ Super Peel Akne <br \/> ca. 60 min. 135 Euro <\/h3>\n<div>\n<p>Die Behandlung f\u00fcr besonders stark verhornte Haut zur intensiven Beseitigung von \u00dcberverhornungen. Durch die Kombination von Mikrodermabrasion und Fruchts\u00e4urepeeling ist schon nach der ersten Behandlung eine Verfeinerung der Haut zu sehen. Alle Formen von Unreinheiten lassen sich unmittelbar im Anschluss leichter entfernen. Ideal f\u00fcr lichtgesch\u00e4digte Haut, Narben und unreine Haut bis hin zu Akne zum intensiven Ausgleich der Hautfunktionen.<\/p>\n<\/div>\n<p><a href=\"https:\/\/buchung.treatwell.de\/ort\/skinway-organic-medical-beauty\/\">Termin buchen<\/a><\/p>\n<\/li>\n<li>\n<h3>Couperose Special <br \/> ca. 60 min. 155 Euro <\/h3>\n<div>\n<p>In allen Stadien der Rosazea und als pr\u00e4ventive Spezialbehandlung, die sichtbar das Hautbild verbessert. Die Entr\u00f6tung der Haut wird unterst\u00fctzt, Juckreiz und Missempfindungen werden gemildert, die Barrierefunktion der Haut wird stabilisiert.\u00a0<strong>Die Collagen Hydro-Anti-Red-Mask beruhigt schnell irritierte, gereizte oder nerv\u00f6se haut als \u201eFeuerwehr\u201c.<\/strong><\/p>\n<\/div>\n<p><a href=\"https:\/\/buchung.treatwell.de\/ort\/skinway-organic-medical-beauty\/\">Termin buchen<\/a><\/p>\n<\/li>\n<li>\n<h3>Neuro-Sensitive Special <br \/>ca. 60 min. 155 Euro <\/h3>\n<div>\n<p>Die richtige Reinigung ist das A und O f\u00fcr ein lupenreines Hautbild, insbesondere f\u00fcr die sensible Haut. Dazu werden Produkte verwendet, die auf dein Hautbild abgestimmt sind. Die Behandlung ist f\u00fcr solche Hautzust\u00e4nde wie Neurodermitis, atonische Dermatitis geeignet.<\/p>\n<\/div>\n<p><a href=\"https:\/\/buchung.treatwell.de\/ort\/skinway-organic-medical-beauty\/\">Termin buchen<\/a><\/p>\n<\/li>\n<\/ul>\n<p><!--more--><br \/>\n<!-- {\"name\":\"Basic Treatments\",\"type\":\"layout\",\"children\":[{\"type\":\"section\",\"props\":{\"style\":\"default\",\"width\":\"\",\"vertical_align\":\"middle\",\"title_position\":\"top-left\",\"title_rotation\":\"left\",\"title_breakpoint\":\"xl\",\"image_position\":\"center-center\",\"padding\":\"large\",\"padding_remove_bottom\":true,\"animation\":\"fade\",\"overlap\":false,\"padding_remove_top\":false},\"children\":[{\"type\":\"row\",\"children\":[{\"type\":\"column\",\"props\":{\"image_position\":\"center-center\",\"media_overlay_gradient\":\"\",\"width_medium\":\"1-1\"},\"children\":[{\"name\":\"\",\"type\":\"headline\",\"props\":{\"title_element\":\"h1\",\"title_style\":\"heading-small\",\"text_align\":\"left\",\"content\":\"SKINWAY<br \\\/>#spezialtreatments\",\"animation\":\"none\"}}]}],\"props\":{\"width\":\"xlarge\",\"margin_remove_top\":true}},{\"type\":\"row\",\"props\":{\"layout\":\"1-3,2-3\",\"margin\":\"large\",\"column_gap\":\"large\",\"width\":\"xlarge\"},\"children\":[{\"type\":\"column\",\"props\":{\"image_position\":\"center-center\",\"media_overlay_gradient\":\"\",\"width_medium\":\"1-3\"},\"children\":[{\"type\":\"panel\",\"props\":{\"link_text\":\"Termin buchen\",\"title_hover_style\":\"reset\",\"title_element\":\"h3\",\"title_align\":\"top\",\"title_grid_width\":\"1-2\",\"title_grid_breakpoint\":\"m\",\"meta_style\":\"meta\",\"meta_align\":\"below-title\",\"meta_element\":\"div\",\"content_column_breakpoint\":\"m\",\"icon_width\":80,\"image_align\":\"top\",\"image_grid_width\":\"1-4\",\"image_grid_breakpoint\":\"m\",\"image_svg_color\":\"emphasis\",\"link_style\":\"default\",\"margin\":\"default\",\"content\":\"\n\n<div class=\\\"ts-box-icon-title-holder\\\">\\n\n\n<h3 class=\\\"ts-box-icon-title-text\\\"><strong>Special Offer<\\\/strong><br \\\/>All in One Special ca. 60 min. 135\\u20ac<\\\/h3>\\n\n\n<p>Eine klassische Gesichtsbehandlung f\\u00fcr Gesicht, Hals &amp; D\\u00e9collet\\u00e9:<br \\\/>Reinigung, Peeling, Wirkstoffkonzentrat, Maske und entspannende Gesichtsmassage. Auswahl von dermo-kosmetischen Behandlungsprodukten findet nach Hautzustand statt.<br \\\/>Ausreinigung, Augenbrauenkorrektur sowie das F\\u00e4rben von Wimpern und Augenbrauen sind inkludiert.<\\\/p>\\n<\\\/div>\",\"panel_style\":\"card-primary\",\"image\":\"wp-content\\\/uploads\\\/2021\\\/04\\\/3.png\",\"image_border\":\"rounded\",\"link\":\"https:\\\/\\\/buchung.treatwell.de\\\/ort\\\/skinway-organic-medical-beauty\\\/\",\"panel_card_image\":true,\"link_target\":true}}]},{\"type\":\"column\",\"props\":{\"image_position\":\"center-center\",\"media_overlay_gradient\":\"\",\"width_medium\":\"2-3\",\"vertical_align\":\"middle\"},\"children\":[{\"type\":\"accordion\",\"props\":{\"show_image\":true,\"show_link\":true,\"collapsible\":true,\"content_column_breakpoint\":\"m\",\"image_svg_color\":\"emphasis\",\"image_align\":\"top\",\"image_grid_width\":\"1-2\",\"image_grid_breakpoint\":\"m\",\"link_text\":\"Termin buchen\",\"link_style\":\"primary\",\"text_align\":\"center\"},\"children\":[{\"type\":\"accordion_item\",\"props\":{\"title\":\"Mikrodermabrasion \\\/ Super Peel Akne <br \/> ca. 60 min. 135 Euro \",\"content\":\"\n\n<p>Die Behandlung f\\u00fcr besonders stark verhornte Haut zur intensiven Beseitigung von \\u00dcberverhornungen. Durch die Kombination von Mikrodermabrasion und Fruchts\\u00e4urepeeling ist schon nach der ersten Behandlung eine Verfeinerung der Haut zu sehen. Alle Formen von Unreinheiten lassen sich unmittelbar im Anschluss leichter entfernen. Ideal f\\u00fcr lichtgesch\\u00e4digte Haut, Narben und unreine Haut bis hin zu Akne zum intensiven Ausgleich der Hautfunktionen.<\\\/p>\",\"link\":\"https:\\\/\\\/buchung.treatwell.de\\\/ort\\\/skinway-organic-medical-beauty\\\/\",\"image\":\"\"}},{\"type\":\"accordion_item\",\"props\":{\"title\":\"Couperose Special <br \/> ca. 60 min. 155 Euro \",\"content\":\"\n\n<p>In allen Stadien der Rosazea und als pr\\u00e4ventive Spezialbehandlung, die sichtbar das Hautbild verbessert. Die Entr\\u00f6tung der Haut wird unterst\\u00fctzt, Juckreiz und Missempfindungen werden gemildert, die Barrierefunktion der Haut wird stabilisiert.\\u00a0<strong>Die Collagen Hydro-Anti-Red-Mask beruhigt schnell irritierte, gereizte oder nerv\\u00f6se haut als \\u201eFeuerwehr\\u201c.<\\\/strong><\\\/p>\",\"link\":\"https:\\\/\\\/buchung.treatwell.de\\\/ort\\\/skinway-organic-medical-beauty\\\/\",\"image\":\"\"}},{\"type\":\"accordion_item\",\"props\":{\"title\":\"Neuro-Sensitive Special <br \/>ca. 60 min. 155 Euro \",\"content\":\"\n\n<p>Die richtige Reinigung ist das A und O f\\u00fcr ein lupenreines Hautbild, insbesondere f\\u00fcr die sensible Haut. Dazu werden Produkte verwendet, die auf dein Hautbild abgestimmt sind. Die Behandlung ist f\\u00fcr solche Hautzust\\u00e4nde wie Neurodermitis, atonische Dermatitis geeignet.<\\\/p>\",\"link\":\"https:\\\/\\\/buchung.treatwell.de\\\/ort\\\/skinway-organic-medical-beauty\\\/\"}}]}]}]}],\"name\":\"Benefits\"},{\"type\":\"section\",\"props\":{\"style\":\"default\",\"width\":\"default\",\"vertical_align\":\"middle\",\"title_position\":\"top-left\",\"title_rotation\":\"left\",\"title_breakpoint\":\"xl\",\"image_position\":\"center-center\"},\"children\":[{\"type\":\"row\",\"children\":[{\"type\":\"column\",\"props\":{\"image_position\":\"center-center\",\"media_overlay_gradient\":\"\"},\"children\":[]}]}]}],\"version\":\"2.4.9\"} --><\/p>\n","protected":false},"excerpt":{"rendered":"<p>SKINWAY#spezialtreatments Special OfferAll in One Special ca. 60 min. 135\u20ac Eine klassische Gesichtsbehandlung f\u00fcr Gesicht, Hals &amp; D\u00e9collet\u00e9:Reinigung, Peeling, Wirkstoffkonzentrat, Maske und entspannende Gesichtsmassage. Auswahl von dermo-kosmetischen Behandlungsprodukten findet nach Hautzustand statt.Ausreinigung, Augenbrauenkorrektur sowie das F\u00e4rben von Wimpern und Augenbrauen sind inkludiert. Termin buchen Mikrodermabrasion \/ Super Peel Akne ca. 60 min. 135 Euro Die [&hellip;]<\/p>\n","protected":false},"author":1,"featured_media":71,"parent":0,"menu_order":0,"comment_status":"closed","ping_status":"closed","template":"","meta":{"footnotes":""},"class_list":["post-849","page","type-page","status-publish","has-post-thumbnail","hentry"],"yoast_head":"<!-- This site is optimized with the Yoast SEO plugin v27.5 - https:\/\/yoast.com\/product\/yoast-seo-wordpress\/ -->\n<title>Special Treatments - SKINWAY<\/title>\n<meta name=\"description\" content=\"Eine klassische Gesichtsbehandlung f\u00fcr Gesicht, Hals &amp; D\u00e9collet\u00e9:Reinigung, Peeling, Wirkstoffkonzentrat, Maske und entspannende\" \/>\n<meta name=\"robots\" content=\"index, follow, max-snippet:-1, max-image-preview:large, max-video-preview:-1\" \/>\n<link rel=\"canonical\" href=\"https:\/\/skinway.de\/?page_id=849\" \/>\n<meta property=\"og:locale\" content=\"de_DE\" \/>\n<meta property=\"og:type\" content=\"article\" \/>\n<meta property=\"og:title\" content=\"Special Treatments - SKINWAY\" \/>\n<meta property=\"og:description\" content=\"Eine klassische Gesichtsbehandlung f\u00fcr Gesicht, Hals &amp; D\u00e9collet\u00e9:Reinigung, Peeling, Wirkstoffkonzentrat, Maske und entspannende\" \/>\n<meta property=\"og:url\" content=\"https:\/\/skinway.de\/?page_id=849\" \/>\n<meta property=\"og:site_name\" content=\"SKINWAY\" \/>\n<meta property=\"article:modified_time\" content=\"2024-06-25T02:58:25+00:00\" \/>\n<meta property=\"og:image\" content=\"https:\/\/skinway.de\/wp-content\/uploads\/2021\/04\/3.png\" \/>\n\t<meta property=\"og:image:width\" content=\"1800\" \/>\n\t<meta property=\"og:image:height\" content=\"1200\" \/>\n\t<meta property=\"og:image:type\" content=\"image\/png\" \/>\n<meta name=\"twitter:card\" content=\"summary_large_image\" \/>\n<meta name=\"twitter:label1\" content=\"Gesch\u00e4tzte Lesezeit\" \/>\n\t<meta name=\"twitter:data1\" content=\"2\u00a0Minuten\" \/>\n<script type=\"application\/ld+json\" class=\"yoast-schema-graph\">{\"@context\":\"https:\\\/\\\/schema.org\",\"@graph\":[{\"@type\":\"WebPage\",\"@id\":\"https:\\\/\\\/skinway.de\\\/?page_id=849\",\"url\":\"https:\\\/\\\/skinway.de\\\/?page_id=849\",\"name\":\"Special Treatments - SKINWAY\",\"isPartOf\":{\"@id\":\"https:\\\/\\\/skinway.de\\\/#website\"},\"primaryImageOfPage\":{\"@id\":\"https:\\\/\\\/skinway.de\\\/?page_id=849#primaryimage\"},\"image\":{\"@id\":\"https:\\\/\\\/skinway.de\\\/?page_id=849#primaryimage\"},\"thumbnailUrl\":\"https:\\\/\\\/skinway.de\\\/wp-content\\\/uploads\\\/2021\\\/04\\\/3.png\",\"datePublished\":\"2023-03-21T14:35:15+00:00\",\"dateModified\":\"2024-06-25T02:58:25+00:00\",\"description\":\"Eine klassische Gesichtsbehandlung f\u00fcr Gesicht, Hals & D\u00e9collet\u00e9:Reinigung, Peeling, Wirkstoffkonzentrat, Maske und entspannende\",\"breadcrumb\":{\"@id\":\"https:\\\/\\\/skinway.de\\\/?page_id=849#breadcrumb\"},\"inLanguage\":\"de\",\"potentialAction\":[{\"@type\":\"ReadAction\",\"target\":[\"https:\\\/\\\/skinway.de\\\/?page_id=849\"]}]},{\"@type\":\"ImageObject\",\"inLanguage\":\"de\",\"@id\":\"https:\\\/\\\/skinway.de\\\/?page_id=849#primaryimage\",\"url\":\"https:\\\/\\\/skinway.de\\\/wp-content\\\/uploads\\\/2021\\\/04\\\/3.png\",\"contentUrl\":\"https:\\\/\\\/skinway.de\\\/wp-content\\\/uploads\\\/2021\\\/04\\\/3.png\",\"width\":1800,\"height\":1200,\"caption\":\"Basic Treatments\"},{\"@type\":\"BreadcrumbList\",\"@id\":\"https:\\\/\\\/skinway.de\\\/?page_id=849#breadcrumb\",\"itemListElement\":[{\"@type\":\"ListItem\",\"position\":1,\"name\":\"Startseite\",\"item\":\"https:\\\/\\\/skinway.de\\\/\"},{\"@type\":\"ListItem\",\"position\":2,\"name\":\"Special Treatments\"}]},{\"@type\":\"WebSite\",\"@id\":\"https:\\\/\\\/skinway.de\\\/#website\",\"url\":\"https:\\\/\\\/skinway.de\\\/\",\"name\":\"SKINWAY\",\"description\":\"Organic &amp; Medical Beauty\",\"potentialAction\":[{\"@type\":\"SearchAction\",\"target\":{\"@type\":\"EntryPoint\",\"urlTemplate\":\"https:\\\/\\\/skinway.de\\\/?s={search_term_string}\"},\"query-input\":{\"@type\":\"PropertyValueSpecification\",\"valueRequired\":true,\"valueName\":\"search_term_string\"}}],\"inLanguage\":\"de\"}]}<\/script>\n<!-- \/ Yoast SEO plugin. -->","yoast_head_json":{"title":"Special Treatments - SKINWAY","description":"Eine klassische Gesichtsbehandlung f\u00fcr Gesicht, Hals & D\u00e9collet\u00e9:Reinigung, Peeling, Wirkstoffkonzentrat, Maske und entspannende","robots":{"index":"index","follow":"follow","max-snippet":"max-snippet:-1","max-image-preview":"max-image-preview:large","max-video-preview":"max-video-preview:-1"},"canonical":"https:\/\/skinway.de\/?page_id=849","og_locale":"de_DE","og_type":"article","og_title":"Special Treatments - SKINWAY","og_description":"Eine klassische Gesichtsbehandlung f\u00fcr Gesicht, Hals & D\u00e9collet\u00e9:Reinigung, Peeling, Wirkstoffkonzentrat, Maske und entspannende","og_url":"https:\/\/skinway.de\/?page_id=849","og_site_name":"SKINWAY","article_modified_time":"2024-06-25T02:58:25+00:00","og_image":[{"width":1800,"height":1200,"url":"https:\/\/skinway.de\/wp-content\/uploads\/2021\/04\/3.png","type":"image\/png"}],"twitter_card":"summary_large_image","twitter_misc":{"Gesch\u00e4tzte Lesezeit":"2\u00a0Minuten"},"schema":{"@context":"https:\/\/schema.org","@graph":[{"@type":"WebPage","@id":"https:\/\/skinway.de\/?page_id=849","url":"https:\/\/skinway.de\/?page_id=849","name":"Special Treatments - SKINWAY","isPartOf":{"@id":"https:\/\/skinway.de\/#website"},"primaryImageOfPage":{"@id":"https:\/\/skinway.de\/?page_id=849#primaryimage"},"image":{"@id":"https:\/\/skinway.de\/?page_id=849#primaryimage"},"thumbnailUrl":"https:\/\/skinway.de\/wp-content\/uploads\/2021\/04\/3.png","datePublished":"2023-03-21T14:35:15+00:00","dateModified":"2024-06-25T02:58:25+00:00","description":"Eine klassische Gesichtsbehandlung f\u00fcr Gesicht, Hals & D\u00e9collet\u00e9:Reinigung, Peeling, Wirkstoffkonzentrat, Maske und entspannende","breadcrumb":{"@id":"https:\/\/skinway.de\/?page_id=849#breadcrumb"},"inLanguage":"de","potentialAction":[{"@type":"ReadAction","target":["https:\/\/skinway.de\/?page_id=849"]}]},{"@type":"ImageObject","inLanguage":"de","@id":"https:\/\/skinway.de\/?page_id=849#primaryimage","url":"https:\/\/skinway.de\/wp-content\/uploads\/2021\/04\/3.png","contentUrl":"https:\/\/skinway.de\/wp-content\/uploads\/2021\/04\/3.png","width":1800,"height":1200,"caption":"Basic Treatments"},{"@type":"BreadcrumbList","@id":"https:\/\/skinway.de\/?page_id=849#breadcrumb","itemListElement":[{"@type":"ListItem","position":1,"name":"Startseite","item":"https:\/\/skinway.de\/"},{"@type":"ListItem","position":2,"name":"Special Treatments"}]},{"@type":"WebSite","@id":"https:\/\/skinway.de\/#website","url":"https:\/\/skinway.de\/","name":"SKINWAY","description":"Organic &amp; Medical Beauty","potentialAction":[{"@type":"SearchAction","target":{"@type":"EntryPoint","urlTemplate":"https:\/\/skinway.de\/?s={search_term_string}"},"query-input":{"@type":"PropertyValueSpecification","valueRequired":true,"valueName":"search_term_string"}}],"inLanguage":"de"}]}},"_links":{"self":[{"href":"https:\/\/skinway.de\/index.php?rest_route=\/wp\/v2\/pages\/849","targetHints":{"allow":["GET"]}}],"collection":[{"href":"https:\/\/skinway.de\/index.php?rest_route=\/wp\/v2\/pages"}],"about":[{"href":"https:\/\/skinway.de\/index.php?rest_route=\/wp\/v2\/types\/page"}],"author":[{"embeddable":true,"href":"https:\/\/skinway.de\/index.php?rest_route=\/wp\/v2\/users\/1"}],"replies":[{"embeddable":true,"href":"https:\/\/skinway.de\/index.php?rest_route=%2Fwp%2Fv2%2Fcomments&post=849"}],"version-history":[{"count":6,"href":"https:\/\/skinway.de\/index.php?rest_route=\/wp\/v2\/pages\/849\/revisions"}],"predecessor-version":[{"id":913,"href":"https:\/\/skinway.de\/index.php?rest_route=\/wp\/v2\/pages\/849\/revisions\/913"}],"wp:featuredmedia":[{"embeddable":true,"href":"https:\/\/skinway.de\/index.php?rest_route=\/wp\/v2\/media\/71"}],"wp:attachment":[{"href":"https:\/\/skinway.de\/index.php?rest_route=%2Fwp%2Fv2%2Fmedia&parent=849"}],"curies":[{"name":"wp","href":"https:\/\/api.w.org\/{rel}","templated":true}]}}