{"id":860,"date":"2023-03-21T16:58:44","date_gmt":"2023-03-21T15:58:44","guid":{"rendered":"https:\/\/skinway.de\/?page_id=860"},"modified":"2024-06-25T05:11:48","modified_gmt":"2024-06-25T03:11:48","slug":"anti-age-gesichtsmassagen","status":"publish","type":"page","link":"https:\/\/skinway.de\/?page_id=860","title":{"rendered":"Anti-Age Gesichtsmassagen"},"content":{"rendered":"<h1>SKINWAY<br \/>#antiagegesichtsmassagen<\/h1>\n<div>\n<p>        <img decoding=\"async\" src=\"\/wp-content\/uploads\/2021\/04\/3.png\" alt=\"\"><\/p>\n<div>\n<div class=\"ts-box-icon-title-holder\">\n<h3 class=\"ts-box-icon-title-text\"><strong>Special Offer<\/strong><br \/>All in One Special ca. 60 min. 135\u20ac<\/h3>\n<p>Eine klassische Gesichtsbehandlung f\u00fcr Gesicht, Hals &amp; D\u00e9collet\u00e9:<br \/>Reinigung, Peeling, Wirkstoffkonzentrat, Maske und entspannende Gesichtsmassage. Auswahl von dermo-kosmetischen Behandlungsprodukten findet nach Hautzustand statt.<br \/>Ausreinigung, Augenbrauenkorrektur sowie das F\u00e4rben von Wimpern und Augenbrauen sind inkludiert.<\/p>\n<\/div>\n<\/div>\n<p><a href=\"https:\/\/buchung.treatwell.de\/ort\/skinway-organic-medical-beauty\/\">Termin buchen<\/a><\/p>\n<\/div>\n<ul>\n<li>\n<h3>LPG Gesichtsmassage  <br \/> ca. 60 min. 115 Euro <\/h3>\n<div>\n<p>Diese Technologie LPG Endermologie Made in France stimuliert die Haut vorsichtig, um die Aktivit\u00e4t &#8222;eingeschlafener Zellen&#8220; zu aktivieren. Nat\u00fcrlich und ohne Schmerzen bewirkt sie sofortig sichtbare Ergebnisse ohne jegliche Nebenwirkungen. Es erfolgt eine sanfte Reinigung der Haut, Peeling, Konzentrat und Abschlussmaske.<\/p>\n<\/div>\n<p><a href=\"https:\/\/buchung.treatwell.de\/ort\/skinway-organic-medical-beauty\/\">Termin buchen<\/a><\/p>\n<\/li>\n<li>\n<h3>Anti-Age Gesichtsmassage skilpturalle &#038; buccale inkl. Nachpflege  <br \/> ca. 75 min. 130 Euro <\/h3>\n<div>\n<p>Intensive Behandlung mit skulpturale, modellierende Face-Lifting Massage, sanfte Reinigung der Haut, Peeling, Konzentrat und Abschlussmaske.<\/p>\n<\/p>\n<\/div>\n<p><a href=\"https:\/\/buchung.treatwell.de\/ort\/skinway-organic-medical-beauty\/\">Termin buchen<\/a><\/p>\n<\/li>\n<\/ul>\n<p><!--more--><br \/>\n<!-- {\"name\":\"Basic Treatments\",\"type\":\"layout\",\"children\":[{\"type\":\"section\",\"props\":{\"style\":\"default\",\"width\":\"\",\"vertical_align\":\"middle\",\"title_position\":\"top-left\",\"title_rotation\":\"left\",\"title_breakpoint\":\"xl\",\"image_position\":\"center-center\",\"padding\":\"large\",\"padding_remove_bottom\":true,\"animation\":\"fade\",\"overlap\":false,\"padding_remove_top\":false},\"children\":[{\"type\":\"row\",\"children\":[{\"type\":\"column\",\"props\":{\"image_position\":\"center-center\",\"media_overlay_gradient\":\"\",\"width_medium\":\"1-1\"},\"children\":[{\"name\":\"\",\"type\":\"headline\",\"props\":{\"title_element\":\"h1\",\"title_style\":\"heading-small\",\"text_align\":\"left\",\"content\":\"SKINWAY<br \\\/>#antiagegesichtsmassagen\",\"animation\":\"none\"}}]}],\"props\":{\"width\":\"xlarge\",\"margin_remove_top\":true}},{\"type\":\"row\",\"props\":{\"layout\":\"1-3,2-3\",\"margin\":\"large\",\"column_gap\":\"large\",\"width\":\"xlarge\"},\"children\":[{\"type\":\"column\",\"props\":{\"image_position\":\"center-center\",\"media_overlay_gradient\":\"\",\"width_medium\":\"1-3\"},\"children\":[{\"type\":\"panel\",\"props\":{\"link_text\":\"Termin buchen\",\"title_hover_style\":\"reset\",\"title_element\":\"h3\",\"title_align\":\"top\",\"title_grid_width\":\"1-2\",\"title_grid_breakpoint\":\"m\",\"meta_style\":\"meta\",\"meta_align\":\"below-title\",\"meta_element\":\"div\",\"content_column_breakpoint\":\"m\",\"icon_width\":80,\"image_align\":\"top\",\"image_grid_width\":\"1-4\",\"image_grid_breakpoint\":\"m\",\"image_svg_color\":\"emphasis\",\"link_style\":\"default\",\"margin\":\"default\",\"content\":\"\n\n<div class=\\\"ts-box-icon-title-holder\\\">\\n\n\n<h3 class=\\\"ts-box-icon-title-text\\\"><strong>Special Offer<\\\/strong><br \\\/>All in One Special ca. 60 min. 135\\u20ac<\\\/h3>\\n\n\n<p>Eine klassische Gesichtsbehandlung f\\u00fcr Gesicht, Hals &amp; D\\u00e9collet\\u00e9:<br \\\/>Reinigung, Peeling, Wirkstoffkonzentrat, Maske und entspannende Gesichtsmassage. Auswahl von dermo-kosmetischen Behandlungsprodukten findet nach Hautzustand statt.<br \\\/>Ausreinigung, Augenbrauenkorrektur sowie das F\\u00e4rben von Wimpern und Augenbrauen sind inkludiert.<\\\/p>\\n<\\\/div>\",\"panel_style\":\"card-primary\",\"image\":\"wp-content\\\/uploads\\\/2021\\\/04\\\/3.png\",\"image_border\":\"rounded\",\"link\":\"https:\\\/\\\/buchung.treatwell.de\\\/ort\\\/skinway-organic-medical-beauty\\\/\",\"panel_card_image\":true,\"link_target\":true}}]},{\"type\":\"column\",\"props\":{\"image_position\":\"center-center\",\"media_overlay_gradient\":\"\",\"width_medium\":\"2-3\",\"vertical_align\":\"middle\"},\"children\":[{\"type\":\"accordion\",\"props\":{\"show_image\":true,\"show_link\":true,\"collapsible\":true,\"content_column_breakpoint\":\"m\",\"image_svg_color\":\"emphasis\",\"image_align\":\"top\",\"image_grid_width\":\"1-2\",\"image_grid_breakpoint\":\"m\",\"link_text\":\"Termin buchen\",\"link_style\":\"primary\",\"text_align\":\"center\"},\"children\":[{\"type\":\"accordion_item\",\"props\":{\"title\":\"LPG Gesichtsmassage  <br \/> ca. 60 min. 115 Euro \",\"content\":\"\n\n<p>Diese Technologie LPG Endermologie Made in France stimuliert die Haut vorsichtig, um die Aktivit\\u00e4t \\\"eingeschlafener Zellen\\\" zu aktivieren. Nat\\u00fcrlich und ohne Schmerzen bewirkt sie sofortig sichtbare Ergebnisse ohne jegliche Nebenwirkungen. Es erfolgt eine sanfte Reinigung der Haut, Peeling, Konzentrat und Abschlussmaske.<\\\/p>\",\"link\":\"https:\\\/\\\/buchung.treatwell.de\\\/ort\\\/skinway-organic-medical-beauty\\\/\",\"image\":\"\"}},{\"type\":\"accordion_item\",\"props\":{\"title\":\"Anti-Age Gesichtsmassage skilpturalle & buccale inkl. Nachpflege  <br \/> ca. 75 min. 130 Euro \",\"content\":\"\n\n<p>Intensive Behandlung mit skulpturale, modellierende Face-Lifting Massage, sanfte Reinigung der Haut, Peeling, Konzentrat und Abschlussmaske.<\\\/p>\\n\n\n<p><\\\/p>\",\"link\":\"https:\\\/\\\/buchung.treatwell.de\\\/ort\\\/skinway-organic-medical-beauty\\\/\",\"image\":\"\"}}]}]}]}],\"name\":\"Benefits\"},{\"type\":\"section\",\"props\":{\"style\":\"default\",\"width\":\"default\",\"vertical_align\":\"middle\",\"title_position\":\"top-left\",\"title_rotation\":\"left\",\"title_breakpoint\":\"xl\",\"image_position\":\"center-center\"},\"children\":[{\"type\":\"row\",\"children\":[{\"type\":\"column\",\"props\":{\"image_position\":\"center-center\",\"media_overlay_gradient\":\"\"},\"children\":[]}]}]}],\"version\":\"2.4.9\"} --><\/p>\n","protected":false},"excerpt":{"rendered":"<p>SKINWAY#antiagegesichtsmassagen Special OfferAll in One Special ca. 60 min. 135\u20ac Eine klassische Gesichtsbehandlung f\u00fcr Gesicht, Hals &amp; D\u00e9collet\u00e9:Reinigung, Peeling, Wirkstoffkonzentrat, Maske und entspannende Gesichtsmassage. Auswahl von dermo-kosmetischen Behandlungsprodukten findet nach Hautzustand statt.Ausreinigung, Augenbrauenkorrektur sowie das F\u00e4rben von Wimpern und Augenbrauen sind inkludiert. Termin buchen LPG Gesichtsmassage ca. 60 min. 115 Euro Diese Technologie LPG Endermologie [&hellip;]<\/p>\n","protected":false},"author":1,"featured_media":0,"parent":0,"menu_order":0,"comment_status":"closed","ping_status":"closed","template":"","meta":{"footnotes":""},"class_list":["post-860","page","type-page","status-publish","hentry"],"yoast_head":"<!-- This site is optimized with the Yoast SEO plugin v27.5 - https:\/\/yoast.com\/product\/yoast-seo-wordpress\/ -->\n<title>Anti-Age Gesichtsmassagen - SKINWAY<\/title>\n<meta name=\"robots\" content=\"index, follow, max-snippet:-1, max-image-preview:large, max-video-preview:-1\" \/>\n<link rel=\"canonical\" href=\"https:\/\/skinway.de\/?page_id=860\" \/>\n<meta property=\"og:locale\" content=\"de_DE\" \/>\n<meta property=\"og:type\" content=\"article\" \/>\n<meta property=\"og:title\" content=\"Anti-Age Gesichtsmassagen - SKINWAY\" \/>\n<meta property=\"og:description\" content=\"SKINWAY#antiagegesichtsmassagen Special OfferAll in One Special ca. 60 min. 135\u20ac Eine klassische Gesichtsbehandlung f\u00fcr Gesicht, Hals &amp; D\u00e9collet\u00e9:Reinigung, Peeling, Wirkstoffkonzentrat, Maske und entspannende Gesichtsmassage. Auswahl von dermo-kosmetischen Behandlungsprodukten findet nach Hautzustand statt.Ausreinigung, Augenbrauenkorrektur sowie das F\u00e4rben von Wimpern und Augenbrauen sind inkludiert. Termin buchen LPG Gesichtsmassage ca. 60 min. 115 Euro Diese Technologie LPG Endermologie [&hellip;]\" \/>\n<meta property=\"og:url\" content=\"https:\/\/skinway.de\/?page_id=860\" \/>\n<meta property=\"og:site_name\" content=\"SKINWAY\" \/>\n<meta property=\"article:modified_time\" content=\"2024-06-25T03:11:48+00:00\" \/>\n<meta name=\"twitter:card\" content=\"summary_large_image\" \/>\n<script type=\"application\/ld+json\" class=\"yoast-schema-graph\">{\"@context\":\"https:\\\/\\\/schema.org\",\"@graph\":[{\"@type\":\"WebPage\",\"@id\":\"https:\\\/\\\/skinway.de\\\/?page_id=860\",\"url\":\"https:\\\/\\\/skinway.de\\\/?page_id=860\",\"name\":\"Anti-Age Gesichtsmassagen - SKINWAY\",\"isPartOf\":{\"@id\":\"https:\\\/\\\/skinway.de\\\/#website\"},\"datePublished\":\"2023-03-21T15:58:44+00:00\",\"dateModified\":\"2024-06-25T03:11:48+00:00\",\"breadcrumb\":{\"@id\":\"https:\\\/\\\/skinway.de\\\/?page_id=860#breadcrumb\"},\"inLanguage\":\"de\",\"potentialAction\":[{\"@type\":\"ReadAction\",\"target\":[\"https:\\\/\\\/skinway.de\\\/?page_id=860\"]}]},{\"@type\":\"BreadcrumbList\",\"@id\":\"https:\\\/\\\/skinway.de\\\/?page_id=860#breadcrumb\",\"itemListElement\":[{\"@type\":\"ListItem\",\"position\":1,\"name\":\"Startseite\",\"item\":\"https:\\\/\\\/skinway.de\\\/\"},{\"@type\":\"ListItem\",\"position\":2,\"name\":\"Anti-Age Gesichtsmassagen\"}]},{\"@type\":\"WebSite\",\"@id\":\"https:\\\/\\\/skinway.de\\\/#website\",\"url\":\"https:\\\/\\\/skinway.de\\\/\",\"name\":\"SKINWAY\",\"description\":\"Organic &amp; Medical Beauty\",\"potentialAction\":[{\"@type\":\"SearchAction\",\"target\":{\"@type\":\"EntryPoint\",\"urlTemplate\":\"https:\\\/\\\/skinway.de\\\/?s={search_term_string}\"},\"query-input\":{\"@type\":\"PropertyValueSpecification\",\"valueRequired\":true,\"valueName\":\"search_term_string\"}}],\"inLanguage\":\"de\"}]}<\/script>\n<!-- \/ Yoast SEO plugin. -->","yoast_head_json":{"title":"Anti-Age Gesichtsmassagen - SKINWAY","robots":{"index":"index","follow":"follow","max-snippet":"max-snippet:-1","max-image-preview":"max-image-preview:large","max-video-preview":"max-video-preview:-1"},"canonical":"https:\/\/skinway.de\/?page_id=860","og_locale":"de_DE","og_type":"article","og_title":"Anti-Age Gesichtsmassagen - SKINWAY","og_description":"SKINWAY#antiagegesichtsmassagen Special OfferAll in One Special ca. 60 min. 135\u20ac Eine klassische Gesichtsbehandlung f\u00fcr Gesicht, Hals &amp; D\u00e9collet\u00e9:Reinigung, Peeling, Wirkstoffkonzentrat, Maske und entspannende Gesichtsmassage. Auswahl von dermo-kosmetischen Behandlungsprodukten findet nach Hautzustand statt.Ausreinigung, Augenbrauenkorrektur sowie das F\u00e4rben von Wimpern und Augenbrauen sind inkludiert. Termin buchen LPG Gesichtsmassage ca. 60 min. 115 Euro Diese Technologie LPG Endermologie [&hellip;]","og_url":"https:\/\/skinway.de\/?page_id=860","og_site_name":"SKINWAY","article_modified_time":"2024-06-25T03:11:48+00:00","twitter_card":"summary_large_image","schema":{"@context":"https:\/\/schema.org","@graph":[{"@type":"WebPage","@id":"https:\/\/skinway.de\/?page_id=860","url":"https:\/\/skinway.de\/?page_id=860","name":"Anti-Age Gesichtsmassagen - SKINWAY","isPartOf":{"@id":"https:\/\/skinway.de\/#website"},"datePublished":"2023-03-21T15:58:44+00:00","dateModified":"2024-06-25T03:11:48+00:00","breadcrumb":{"@id":"https:\/\/skinway.de\/?page_id=860#breadcrumb"},"inLanguage":"de","potentialAction":[{"@type":"ReadAction","target":["https:\/\/skinway.de\/?page_id=860"]}]},{"@type":"BreadcrumbList","@id":"https:\/\/skinway.de\/?page_id=860#breadcrumb","itemListElement":[{"@type":"ListItem","position":1,"name":"Startseite","item":"https:\/\/skinway.de\/"},{"@type":"ListItem","position":2,"name":"Anti-Age Gesichtsmassagen"}]},{"@type":"WebSite","@id":"https:\/\/skinway.de\/#website","url":"https:\/\/skinway.de\/","name":"SKINWAY","description":"Organic &amp; Medical Beauty","potentialAction":[{"@type":"SearchAction","target":{"@type":"EntryPoint","urlTemplate":"https:\/\/skinway.de\/?s={search_term_string}"},"query-input":{"@type":"PropertyValueSpecification","valueRequired":true,"valueName":"search_term_string"}}],"inLanguage":"de"}]}},"_links":{"self":[{"href":"https:\/\/skinway.de\/index.php?rest_route=\/wp\/v2\/pages\/860","targetHints":{"allow":["GET"]}}],"collection":[{"href":"https:\/\/skinway.de\/index.php?rest_route=\/wp\/v2\/pages"}],"about":[{"href":"https:\/\/skinway.de\/index.php?rest_route=\/wp\/v2\/types\/page"}],"author":[{"embeddable":true,"href":"https:\/\/skinway.de\/index.php?rest_route=\/wp\/v2\/users\/1"}],"replies":[{"embeddable":true,"href":"https:\/\/skinway.de\/index.php?rest_route=%2Fwp%2Fv2%2Fcomments&post=860"}],"version-history":[{"count":8,"href":"https:\/\/skinway.de\/index.php?rest_route=\/wp\/v2\/pages\/860\/revisions"}],"predecessor-version":[{"id":917,"href":"https:\/\/skinway.de\/index.php?rest_route=\/wp\/v2\/pages\/860\/revisions\/917"}],"wp:attachment":[{"href":"https:\/\/skinway.de\/index.php?rest_route=%2Fwp%2Fv2%2Fmedia&parent=860"}],"curies":[{"name":"wp","href":"https:\/\/api.w.org\/{rel}","templated":true}]}}